{"id":28637,"date":"2025-06-11T11:17:15","date_gmt":"2025-06-11T11:17:15","guid":{"rendered":"https:\/\/evasbff.com\/?post_type=product&#038;p=28637"},"modified":"2026-04-18T21:38:04","modified_gmt":"2026-04-18T21:38:04","slug":"monika-skosena-tchetka-za-kontur-i-ruzh","status":"publish","type":"product","link":"https:\/\/evasbff.com\/ro\/product\/monika-skewed-tchetka-pentru-contur-si-trandafir\/","title":{"rendered":"MONICA - Pensul\u0103 conic\u0103 pentru contur \u0219i fard de obraz"},"content":{"rendered":"","protected":false},"excerpt":{"rendered":"<p>Contur cu u\u0219urin\u021b\u0103. Blush cu fine\u021be.<\/p>\n<p>Monica a fost creat\u0103 pentru cei care apreciaz\u0103 fine\u021bea \u00een sculptarea fe\u021bei. Fabricat\u0103 din p\u0103r natural (de capr\u0103), aceasta ofer\u0103 un control excelent la aplicarea produselor pudr\u0103, f\u0103r\u0103 a l\u0103sa linii dure.<\/p>\n<p>Forma sa bizotat\u0103 se potrive\u0219te natural cu curbele fe\u021bei, fiind ideal\u0103 at\u00e2t pentru conturarea precis\u0103, c\u00e2t \u0219i pentru aplicarea subtil\u0103 a fardului de obraz. Se aplic\u0103 u\u0219or, uniform \u0219i cu o u\u0219oar\u0103 estompare - pentru un rezultat care pare c\u0103 face parte din piele.<\/p>","protected":false},"featured_media":28143,"comment_status":"open","ping_status":"closed","template":"","meta":{"seo_title":"","seo_title_option":"custom","seo_description":"","seo_canonical":"","seo_keywords":"","seo_author":"","seo_author_url":"","seo_publisher":"","seo_og_image":""},"product_brand":[],"product_cat":[20],"product_tag":[],"class_list":{"0":"post-28637","1":"product","2":"type-product","3":"status-publish","4":"has-post-thumbnail","6":"product_cat-tchetki-za-grimirane","8":"first","9":"instock","10":"shipping-taxable","11":"purchasable","12":"product-type-simple"},"_links":{"self":[{"href":"https:\/\/evasbff.com\/ro\/wp-json\/wp\/v2\/product\/28637","targetHints":{"allow":["GET"]}}],"collection":[{"href":"https:\/\/evasbff.com\/ro\/wp-json\/wp\/v2\/product"}],"about":[{"href":"https:\/\/evasbff.com\/ro\/wp-json\/wp\/v2\/types\/product"}],"replies":[{"embeddable":true,"href":"https:\/\/evasbff.com\/ro\/wp-json\/wp\/v2\/comments?post=28637"}],"version-history":[{"count":1,"href":"https:\/\/evasbff.com\/ro\/wp-json\/wp\/v2\/product\/28637\/revisions"}],"predecessor-version":[{"id":28638,"href":"https:\/\/evasbff.com\/ro\/wp-json\/wp\/v2\/product\/28637\/revisions\/28638"}],"wp:featuredmedia":[{"embeddable":true,"href":"https:\/\/evasbff.com\/ro\/wp-json\/wp\/v2\/media\/28143"}],"wp:attachment":[{"href":"https:\/\/evasbff.com\/ro\/wp-json\/wp\/v2\/media?parent=28637"}],"wp:term":[{"taxonomy":"product_brand","embeddable":true,"href":"https:\/\/evasbff.com\/ro\/wp-json\/wp\/v2\/product_brand?post=28637"},{"taxonomy":"product_cat","embeddable":true,"href":"https:\/\/evasbff.com\/ro\/wp-json\/wp\/v2\/product_cat?post=28637"},{"taxonomy":"product_tag","embeddable":true,"href":"https:\/\/evasbff.com\/ro\/wp-json\/wp\/v2\/product_tag?post=28637"}],"curies":[{"name":"wp","href":"https:\/\/api.w.org\/{rel}","templated":true}]}}