{"id":28632,"date":"2025-06-10T10:32:46","date_gmt":"2025-06-10T10:32:46","guid":{"rendered":"https:\/\/evasbff.com\/?post_type=product&#038;p=28632"},"modified":"2026-03-11T15:21:52","modified_gmt":"2026-03-11T15:21:52","slug":"evas-bff-pro-noir-blend-beauty-sponge","status":"publish","type":"product","link":"https:\/\/evasbff.com\/ro\/product\/eva-bff-pro-noir-blend-burete-de-frumusete\/","title":{"rendered":"Eva's Bff Pro Noir Blend Beauty Sponge"},"content":{"rendered":"","protected":false},"excerpt":{"rendered":"<h3>Perfec\u021biune. U\u0219urin\u021b\u0103. Puritate.<\/h3>\n<p>- F\u0103r\u0103 latex<br \/>\n- F\u0103r\u0103 ingrediente agresive<br \/>\n- 100% Vegan, Cruelty-Free<\/p>\n<p>Cufund\u0103-te \u00een luxul aplic\u0103rii machiajului impecabil cu <strong>Eva's bff Pro Noir Blend Beauty Sponge<\/strong> - cel mai fin \u0219i mai grijuliu burete care \u00ee\u021bi va atinge fa\u021ba. Realizat \u00een alb cristal \u0219i \u00een negru intens, este un simbol al purit\u0103\u021bii, delicate\u021bii \u0219i profesionalismului.<\/p>\n<p>Fabricat din spum\u0103 antibacterian\u0103 \u0219i hipoalergenic\u0103, nu numai c\u0103 are grij\u0103 de machiajul t\u0103u frumos, dar \u0219i de s\u0103n\u0103tatea pielii tale. F\u0103r\u0103 latex \u0219i f\u0103r\u0103 substan\u021be chimice d\u0103un\u0103toare - potrivit chiar \u0219i pentru cea mai sensibil\u0103 piele.<\/p>\n<p>Proiectat s\u0103 se mi\u0219te cu tine, buretele amestec\u0103 cu u\u0219urin\u021b\u0103 fondul de ten, anticearc\u0103nul \u0219i alte produse, l\u0103s\u00e2nd un finisaj neted, uniform \u0219i radiant. Ajunge la fiecare curbur\u0103 a fe\u021bei \u0219i se amestec\u0103 \u00een piele ca o a doua natur\u0103 - f\u0103r\u0103 dungi, f\u0103r\u0103 efort.<\/p>\n<h4>\u00cengrijire ulterioar\u0103:<\/h4>\n<p>Uda\u021bi buretele cu ap\u0103 \u00eenainte de fiecare utilizare. Scurge\u021bi cu grij\u0103 excesul de lichid (pute\u021bi folosi \u0219i o c\u00e2rp\u0103). Sp\u0103la\u021bi cu s\u0103pun bl\u00e2nd \u0219i ap\u0103 cald\u0103 dup\u0103 fiecare utilizare. L\u0103sa\u021bi s\u0103 se usuce la temperatura camerei - gata pentru urm\u0103toarea dvs. capodoper\u0103.<\/p>","protected":false},"featured_media":28138,"comment_status":"open","ping_status":"closed","template":"","meta":{"seo_title":"","seo_title_option":"custom","seo_description":"","seo_canonical":"","seo_keywords":"","seo_author":"","seo_author_url":"","seo_publisher":"","seo_og_image":""},"product_brand":[],"product_cat":[71],"product_tag":[],"class_list":{"0":"post-28632","1":"product","2":"type-product","3":"status-publish","4":"has-post-thumbnail","6":"product_cat-gabi-za-grimirane","8":"first","9":"instock","10":"shipping-taxable","11":"purchasable","12":"product-type-simple"},"_links":{"self":[{"href":"https:\/\/evasbff.com\/ro\/wp-json\/wp\/v2\/product\/28632","targetHints":{"allow":["GET"]}}],"collection":[{"href":"https:\/\/evasbff.com\/ro\/wp-json\/wp\/v2\/product"}],"about":[{"href":"https:\/\/evasbff.com\/ro\/wp-json\/wp\/v2\/types\/product"}],"replies":[{"embeddable":true,"href":"https:\/\/evasbff.com\/ro\/wp-json\/wp\/v2\/comments?post=28632"}],"version-history":[{"count":2,"href":"https:\/\/evasbff.com\/ro\/wp-json\/wp\/v2\/product\/28632\/revisions"}],"predecessor-version":[{"id":28636,"href":"https:\/\/evasbff.com\/ro\/wp-json\/wp\/v2\/product\/28632\/revisions\/28636"}],"wp:featuredmedia":[{"embeddable":true,"href":"https:\/\/evasbff.com\/ro\/wp-json\/wp\/v2\/media\/28138"}],"wp:attachment":[{"href":"https:\/\/evasbff.com\/ro\/wp-json\/wp\/v2\/media?parent=28632"}],"wp:term":[{"taxonomy":"product_brand","embeddable":true,"href":"https:\/\/evasbff.com\/ro\/wp-json\/wp\/v2\/product_brand?post=28632"},{"taxonomy":"product_cat","embeddable":true,"href":"https:\/\/evasbff.com\/ro\/wp-json\/wp\/v2\/product_cat?post=28632"},{"taxonomy":"product_tag","embeddable":true,"href":"https:\/\/evasbff.com\/ro\/wp-json\/wp\/v2\/product_tag?post=28632"}],"curies":[{"name":"wp","href":"https:\/\/api.w.org\/{rel}","templated":true}]}}