{"id":27746,"date":"2025-05-17T07:30:26","date_gmt":"2025-05-17T07:30:26","guid":{"rendered":"https:\/\/evasbff.com\/?post_type=product&#038;p=27746"},"modified":"2026-03-11T15:21:07","modified_gmt":"2026-03-11T15:21:07","slug":"eliz-tchetka-za-pudra-ot-estestven-kosam-miks-koza-i-lisitsa","status":"publish","type":"product","link":"https:\/\/evasbff.com\/ro\/product\/eliz-tchetka-pentru-pulberea-de-la-estestven-kosam-mix-capra-si-vulpe\/","title":{"rendered":"ELIZ - Pensul\u0103 pentru pudr\u0103 din amestec de p\u0103r natural (capr\u0103 \u0219i vulpe)"},"content":{"rendered":"","protected":false},"excerpt":{"rendered":"<p>O atingere fin\u0103. Senza\u021bie luxoas\u0103. Rezultat sofisticat.<\/p>\n<p>Elise este f\u0103cut\u0103 pentru cei care iubesc efectul de \u201ea doua piele\u201c. Blana mixt\u0103 de capr\u0103 \u0219i vulpe ofer\u0103 o moliciune incredibil\u0103 f\u0103r\u0103 a compromite densitatea - aplic\u00e2nd pudra uniform, fin \u0219i f\u0103r\u0103 acumul\u0103ri.<\/p>\n<p>Potrivit at\u00e2t pentru pudra de setare, c\u00e2t \u0219i pentru finisare, cu un voal u\u0219or de str\u0103lucire.<\/p>","protected":false},"featured_media":28136,"comment_status":"open","ping_status":"closed","template":"","meta":{"seo_title":"","seo_title_option":"custom","seo_description":"","seo_canonical":"","seo_keywords":"","seo_author":"","seo_author_url":"","seo_publisher":"","seo_og_image":""},"product_brand":[],"product_cat":[20],"product_tag":[],"class_list":{"0":"post-27746","1":"product","2":"type-product","3":"status-publish","4":"has-post-thumbnail","6":"product_cat-tchetki-za-grimirane","8":"first","9":"instock","10":"shipping-taxable","11":"purchasable","12":"product-type-simple"},"_links":{"self":[{"href":"https:\/\/evasbff.com\/ro\/wp-json\/wp\/v2\/product\/27746","targetHints":{"allow":["GET"]}}],"collection":[{"href":"https:\/\/evasbff.com\/ro\/wp-json\/wp\/v2\/product"}],"about":[{"href":"https:\/\/evasbff.com\/ro\/wp-json\/wp\/v2\/types\/product"}],"replies":[{"embeddable":true,"href":"https:\/\/evasbff.com\/ro\/wp-json\/wp\/v2\/comments?post=27746"}],"version-history":[{"count":2,"href":"https:\/\/evasbff.com\/ro\/wp-json\/wp\/v2\/product\/27746\/revisions"}],"predecessor-version":[{"id":28500,"href":"https:\/\/evasbff.com\/ro\/wp-json\/wp\/v2\/product\/27746\/revisions\/28500"}],"wp:featuredmedia":[{"embeddable":true,"href":"https:\/\/evasbff.com\/ro\/wp-json\/wp\/v2\/media\/28136"}],"wp:attachment":[{"href":"https:\/\/evasbff.com\/ro\/wp-json\/wp\/v2\/media?parent=27746"}],"wp:term":[{"taxonomy":"product_brand","embeddable":true,"href":"https:\/\/evasbff.com\/ro\/wp-json\/wp\/v2\/product_brand?post=27746"},{"taxonomy":"product_cat","embeddable":true,"href":"https:\/\/evasbff.com\/ro\/wp-json\/wp\/v2\/product_cat?post=27746"},{"taxonomy":"product_tag","embeddable":true,"href":"https:\/\/evasbff.com\/ro\/wp-json\/wp\/v2\/product_tag?post=27746"}],"curies":[{"name":"wp","href":"https:\/\/api.w.org\/{rel}","templated":true}]}}