{"id":27698,"date":"2025-05-16T05:42:50","date_gmt":"2025-05-16T05:42:50","guid":{"rendered":"https:\/\/evasbff.com\/?post_type=product&#038;p=27698"},"modified":"2026-04-30T20:15:03","modified_gmt":"2026-04-30T20:15:03","slug":"elena-pretsizna-tchetka-za-tchervilo-ot-sintetitchen-kosam","status":"publish","type":"product","link":"https:\/\/evasbff.com\/ro\/product\/elena-pretsizna-tchetka-za-tchervilo-ot-sintetitchen-kosam\/","title":{"rendered":"ELENA - Pensul\u0103 de precizie pentru ruj cu peri sintetici"},"content":{"rendered":"","protected":false},"excerpt":{"rendered":"<p>Schi\u021b\u0103. Satura\u021bie. Buze perfecte.<\/p>\n<p>Elena este f\u0103cut\u0103 pentru aplicarea rujului cu control absolut. Forma rotund\u0103 cu v\u00e2rf ascu\u021bit permite at\u00e2t conturarea precis\u0103, c\u00e2t \u0219i umplerea uniform\u0103 a buzelor - f\u0103r\u0103 pete, f\u0103r\u0103 goluri.<\/p>\n<p>P\u0103rul s\u0103u sintetic este flexibil \u0219i u\u0219or de cur\u0103\u021bat, potrivit pentru texturi cremoase \u0219i lichide. Indispensabil atunci c\u00e2nd rujul este atingerea final\u0103 a look-ului perfect.<\/p>","protected":false},"featured_media":28134,"comment_status":"open","ping_status":"closed","template":"","meta":{"seo_title":"","seo_title_option":"custom","seo_description":"","seo_canonical":"","seo_keywords":"","seo_author":"","seo_author_url":"","seo_publisher":"","seo_og_image":""},"product_brand":[],"product_cat":[20],"product_tag":[],"class_list":{"0":"post-27698","1":"product","2":"type-product","3":"status-publish","4":"has-post-thumbnail","6":"product_cat-tchetki-za-grimirane","8":"first","9":"instock","10":"shipping-taxable","11":"purchasable","12":"product-type-simple"},"_links":{"self":[{"href":"https:\/\/evasbff.com\/ro\/wp-json\/wp\/v2\/product\/27698","targetHints":{"allow":["GET"]}}],"collection":[{"href":"https:\/\/evasbff.com\/ro\/wp-json\/wp\/v2\/product"}],"about":[{"href":"https:\/\/evasbff.com\/ro\/wp-json\/wp\/v2\/types\/product"}],"replies":[{"embeddable":true,"href":"https:\/\/evasbff.com\/ro\/wp-json\/wp\/v2\/comments?post=27698"}],"version-history":[{"count":1,"href":"https:\/\/evasbff.com\/ro\/wp-json\/wp\/v2\/product\/27698\/revisions"}],"predecessor-version":[{"id":27699,"href":"https:\/\/evasbff.com\/ro\/wp-json\/wp\/v2\/product\/27698\/revisions\/27699"}],"wp:featuredmedia":[{"embeddable":true,"href":"https:\/\/evasbff.com\/ro\/wp-json\/wp\/v2\/media\/28134"}],"wp:attachment":[{"href":"https:\/\/evasbff.com\/ro\/wp-json\/wp\/v2\/media?parent=27698"}],"wp:term":[{"taxonomy":"product_brand","embeddable":true,"href":"https:\/\/evasbff.com\/ro\/wp-json\/wp\/v2\/product_brand?post=27698"},{"taxonomy":"product_cat","embeddable":true,"href":"https:\/\/evasbff.com\/ro\/wp-json\/wp\/v2\/product_cat?post=27698"},{"taxonomy":"product_tag","embeddable":true,"href":"https:\/\/evasbff.com\/ro\/wp-json\/wp\/v2\/product_tag?post=27698"}],"curies":[{"name":"wp","href":"https:\/\/api.w.org\/{rel}","templated":true}]}}