{"id":27694,"date":"2025-05-16T05:41:36","date_gmt":"2025-05-16T05:41:36","guid":{"rendered":"https:\/\/evasbff.com\/?post_type=product&#038;p=27694"},"modified":"2026-04-30T20:15:03","modified_gmt":"2026-04-30T20:15:03","slug":"gabriela-delikatnost-pretsiznost-izyashtno-prelivane","status":"publish","type":"product","link":"https:\/\/evasbff.com\/ro\/product\/gabriela-delicatesa-pretsiznost-izyashtno-prelivane\/","title":{"rendered":"GABRIELA - Delicate\u021be, precizie, blending rafinat"},"content":{"rendered":"","protected":false},"excerpt":{"rendered":"<p>Gabriella este ideal\u0103 pentru estomparea \u0219i aplicarea umbrei \u00een zone mai mici - pliul ochiului, col\u021bul exterior sau sub pleoapa inferioar\u0103. P\u0103rul de veveri\u021b\u0103 confer\u0103 o moliciune \u0219i un control excep\u021bionale, \u00een timp ce v\u00e2rful ascu\u021bit \u00een form\u0103 de flac\u0103r\u0103 permite construirea precis\u0103 a ad\u00e2ncimii \u0219i detaliilor.<\/p>\n<p>Cel mai bun rezultat la amestecarea culorilor \u00eentunecate sau saturate, c\u00e2nd subtilitatea este totul.<\/p>","protected":false},"featured_media":28140,"comment_status":"open","ping_status":"closed","template":"","meta":{"seo_title":"","seo_title_option":"custom","seo_description":"","seo_canonical":"","seo_keywords":"","seo_author":"","seo_author_url":"","seo_publisher":"","seo_og_image":""},"product_brand":[],"product_cat":[20],"product_tag":[],"class_list":{"0":"post-27694","1":"product","2":"type-product","3":"status-publish","4":"has-post-thumbnail","6":"product_cat-tchetki-za-grimirane","8":"first","9":"instock","10":"shipping-taxable","11":"purchasable","12":"product-type-simple"},"_links":{"self":[{"href":"https:\/\/evasbff.com\/ro\/wp-json\/wp\/v2\/product\/27694","targetHints":{"allow":["GET"]}}],"collection":[{"href":"https:\/\/evasbff.com\/ro\/wp-json\/wp\/v2\/product"}],"about":[{"href":"https:\/\/evasbff.com\/ro\/wp-json\/wp\/v2\/types\/product"}],"replies":[{"embeddable":true,"href":"https:\/\/evasbff.com\/ro\/wp-json\/wp\/v2\/comments?post=27694"}],"version-history":[{"count":1,"href":"https:\/\/evasbff.com\/ro\/wp-json\/wp\/v2\/product\/27694\/revisions"}],"predecessor-version":[{"id":27695,"href":"https:\/\/evasbff.com\/ro\/wp-json\/wp\/v2\/product\/27694\/revisions\/27695"}],"wp:featuredmedia":[{"embeddable":true,"href":"https:\/\/evasbff.com\/ro\/wp-json\/wp\/v2\/media\/28140"}],"wp:attachment":[{"href":"https:\/\/evasbff.com\/ro\/wp-json\/wp\/v2\/media?parent=27694"}],"wp:term":[{"taxonomy":"product_brand","embeddable":true,"href":"https:\/\/evasbff.com\/ro\/wp-json\/wp\/v2\/product_brand?post=27694"},{"taxonomy":"product_cat","embeddable":true,"href":"https:\/\/evasbff.com\/ro\/wp-json\/wp\/v2\/product_cat?post=27694"},{"taxonomy":"product_tag","embeddable":true,"href":"https:\/\/evasbff.com\/ro\/wp-json\/wp\/v2\/product_tag?post=27694"}],"curies":[{"name":"wp","href":"https:\/\/api.w.org\/{rel}","templated":true}]}}