{"id":27692,"date":"2025-05-16T05:41:05","date_gmt":"2025-05-16T05:41:05","guid":{"rendered":"https:\/\/evasbff.com\/?post_type=product&#038;p=27692"},"modified":"2026-03-11T12:58:47","modified_gmt":"2026-03-11T12:58:47","slug":"svetla-ploska-tchetka-ot-sintetitchen-kosam","status":"publish","type":"product","link":"https:\/\/evasbff.com\/ro\/product\/un-tricou-plat-sintetic-usor\/","title":{"rendered":"SVETLA - Perie plat\u0103 din p\u0103r sintetic"},"content":{"rendered":"","protected":false},"excerpt":{"rendered":"<p>Precizie. Defini\u021bie. Versatilitate.<\/p>\n<p>Svetla este conceput pentru lucr\u0103ri detaliate \u0219i controlate. Forma sa plat\u0103 \u0219i peri sintetici str\u00e2n\u0219i \u00eel fac ideal pentru crearea pliului t\u0103iat, aplicarea umbrelor crem\u0103, pigmen\u021bilor \u0219i bazelor pe pleoapa mobil\u0103.<\/p>\n<p>Extrem de convenabil pentru aplicarea precis\u0103 a corectorului \u00een jurul buzelor sau \u00een zone mici ale fe\u021bei.<\/p>","protected":false},"featured_media":28145,"comment_status":"open","ping_status":"closed","template":"","meta":{"seo_title":"","seo_title_option":"custom","seo_description":"","seo_canonical":"","seo_keywords":"","seo_author":"","seo_author_url":"","seo_publisher":"","seo_og_image":""},"product_brand":[],"product_cat":[20],"product_tag":[],"class_list":{"0":"post-27692","1":"product","2":"type-product","3":"status-publish","4":"has-post-thumbnail","6":"product_cat-tchetki-za-grimirane","8":"first","9":"instock","10":"shipping-taxable","11":"purchasable","12":"product-type-simple"},"_links":{"self":[{"href":"https:\/\/evasbff.com\/ro\/wp-json\/wp\/v2\/product\/27692","targetHints":{"allow":["GET"]}}],"collection":[{"href":"https:\/\/evasbff.com\/ro\/wp-json\/wp\/v2\/product"}],"about":[{"href":"https:\/\/evasbff.com\/ro\/wp-json\/wp\/v2\/types\/product"}],"replies":[{"embeddable":true,"href":"https:\/\/evasbff.com\/ro\/wp-json\/wp\/v2\/comments?post=27692"}],"version-history":[{"count":1,"href":"https:\/\/evasbff.com\/ro\/wp-json\/wp\/v2\/product\/27692\/revisions"}],"predecessor-version":[{"id":27693,"href":"https:\/\/evasbff.com\/ro\/wp-json\/wp\/v2\/product\/27692\/revisions\/27693"}],"wp:featuredmedia":[{"embeddable":true,"href":"https:\/\/evasbff.com\/ro\/wp-json\/wp\/v2\/media\/28145"}],"wp:attachment":[{"href":"https:\/\/evasbff.com\/ro\/wp-json\/wp\/v2\/media?parent=27692"}],"wp:term":[{"taxonomy":"product_brand","embeddable":true,"href":"https:\/\/evasbff.com\/ro\/wp-json\/wp\/v2\/product_brand?post=27692"},{"taxonomy":"product_cat","embeddable":true,"href":"https:\/\/evasbff.com\/ro\/wp-json\/wp\/v2\/product_cat?post=27692"},{"taxonomy":"product_tag","embeddable":true,"href":"https:\/\/evasbff.com\/ro\/wp-json\/wp\/v2\/product_tag?post=27692"}],"curies":[{"name":"wp","href":"https:\/\/api.w.org\/{rel}","templated":true}]}}