{"id":27688,"date":"2025-05-16T05:38:41","date_gmt":"2025-05-16T05:38:41","guid":{"rendered":"https:\/\/evasbff.com\/?post_type=product&#038;p=27688"},"modified":"2026-03-11T12:58:47","modified_gmt":"2026-03-11T12:58:47","slug":"diyana-multifunktsionalna-tchetka-ot-sintetitchen-kosam","status":"publish","type":"product","link":"https:\/\/evasbff.com\/ro\/product\/diyana-multifunktsionalna-tchetka-ot-sintetitchen-kosam\/","title":{"rendered":"DIANA - Perie multifunc\u021bional\u0103 din peri sintetici"},"content":{"rendered":"","protected":false},"excerpt":{"rendered":"<p>Precizie. Bl\u00e2nde\u021be. Versatilitate.<\/p>\n<p>Diyana este alegerea perfect\u0103 pentru lucrul \u00een zona delicat\u0103 a ochilor. Fabricat\u0103 din p\u0103r sintetic moale, dar str\u00e2ns, este ideal\u0103 pentru aplicarea anticearc\u0103nului, a bazei de farduri de ochi \u0219i pentru amestecarea subtil\u0103 a texturilor cremoase.<\/p>\n<p>Forma sa v\u0103 permite s\u0103 lucra\u021bi cu control absolut - f\u0103r\u0103 exager\u0103ri, f\u0103r\u0103 excese, doar cantitatea potrivit\u0103 de produs acolo unde ave\u021bi nevoie de ea.<\/p>","protected":false},"featured_media":28133,"comment_status":"open","ping_status":"closed","template":"","meta":{"seo_title":"","seo_title_option":"custom","seo_description":"","seo_canonical":"","seo_keywords":"","seo_author":"","seo_author_url":"","seo_publisher":"","seo_og_image":""},"product_brand":[],"product_cat":[20],"product_tag":[],"class_list":{"0":"post-27688","1":"product","2":"type-product","3":"status-publish","4":"has-post-thumbnail","6":"product_cat-tchetki-za-grimirane","8":"first","9":"instock","10":"shipping-taxable","11":"purchasable","12":"product-type-simple"},"_links":{"self":[{"href":"https:\/\/evasbff.com\/ro\/wp-json\/wp\/v2\/product\/27688","targetHints":{"allow":["GET"]}}],"collection":[{"href":"https:\/\/evasbff.com\/ro\/wp-json\/wp\/v2\/product"}],"about":[{"href":"https:\/\/evasbff.com\/ro\/wp-json\/wp\/v2\/types\/product"}],"replies":[{"embeddable":true,"href":"https:\/\/evasbff.com\/ro\/wp-json\/wp\/v2\/comments?post=27688"}],"version-history":[{"count":2,"href":"https:\/\/evasbff.com\/ro\/wp-json\/wp\/v2\/product\/27688\/revisions"}],"predecessor-version":[{"id":28501,"href":"https:\/\/evasbff.com\/ro\/wp-json\/wp\/v2\/product\/27688\/revisions\/28501"}],"wp:featuredmedia":[{"embeddable":true,"href":"https:\/\/evasbff.com\/ro\/wp-json\/wp\/v2\/media\/28133"}],"wp:attachment":[{"href":"https:\/\/evasbff.com\/ro\/wp-json\/wp\/v2\/media?parent=27688"}],"wp:term":[{"taxonomy":"product_brand","embeddable":true,"href":"https:\/\/evasbff.com\/ro\/wp-json\/wp\/v2\/product_brand?post=27688"},{"taxonomy":"product_cat","embeddable":true,"href":"https:\/\/evasbff.com\/ro\/wp-json\/wp\/v2\/product_cat?post=27688"},{"taxonomy":"product_tag","embeddable":true,"href":"https:\/\/evasbff.com\/ro\/wp-json\/wp\/v2\/product_tag?post=27688"}],"curies":[{"name":"wp","href":"https:\/\/api.w.org\/{rel}","templated":true}]}}