{"id":27686,"date":"2025-05-16T05:38:17","date_gmt":"2025-05-16T05:38:17","guid":{"rendered":"https:\/\/evasbff.com\/?post_type=product&#038;p=27686"},"modified":"2026-04-30T20:15:02","modified_gmt":"2026-04-30T20:15:02","slug":"suzana-tchetka-za-fon-do-ten-ot-visokokatchestven-sintetitchen-kosam","status":"publish","type":"product","link":"https:\/\/evasbff.com\/ro\/product\/suzana-tchetka-za-fon-do-ten-ot-visokokatchestven-sintetitchen-kosam\/","title":{"rendered":"SUZANA - Pensul\u0103 pentru fond de ten fabricat\u0103 din peri sintetici de \u00eenalt\u0103 calitate"},"content":{"rendered":"","protected":false},"excerpt":{"rendered":"<p>Acoperire. Dep\u0103\u0219ire. Perfec\u021biune.<\/p>\n<p>Susanna este standardul de aur c\u00e2nd vine vorba de fond de ten neted \u0219i natural. Fabricat din p\u0103r sintetic de \u00eenalt\u0103 densitate \u0219i calitate, acesta func\u021bioneaz\u0103 cu formule lichide \u0219i crem\u0103, aplic\u00e2ndu-se uniform, f\u0103r\u0103 dungi sau acumul\u0103ri.<\/p>\n<p>Ideal\u0103 nu numai pentru fond de ten, ci \u0219i ca baz\u0103 pentru fa\u021b\u0103, blending cream contur \u0219i blush, este un erou multifunc\u021bional \u00een rutina ta.<\/p>","protected":false},"featured_media":28144,"comment_status":"open","ping_status":"closed","template":"","meta":{"seo_title":"","seo_title_option":"custom","seo_description":"","seo_canonical":"","seo_keywords":"","seo_author":"","seo_author_url":"","seo_publisher":"","seo_og_image":""},"product_brand":[],"product_cat":[20],"product_tag":[],"class_list":{"0":"post-27686","1":"product","2":"type-product","3":"status-publish","4":"has-post-thumbnail","6":"product_cat-tchetki-za-grimirane","8":"first","9":"instock","10":"shipping-taxable","11":"purchasable","12":"product-type-simple"},"_links":{"self":[{"href":"https:\/\/evasbff.com\/ro\/wp-json\/wp\/v2\/product\/27686","targetHints":{"allow":["GET"]}}],"collection":[{"href":"https:\/\/evasbff.com\/ro\/wp-json\/wp\/v2\/product"}],"about":[{"href":"https:\/\/evasbff.com\/ro\/wp-json\/wp\/v2\/types\/product"}],"replies":[{"embeddable":true,"href":"https:\/\/evasbff.com\/ro\/wp-json\/wp\/v2\/comments?post=27686"}],"version-history":[{"count":1,"href":"https:\/\/evasbff.com\/ro\/wp-json\/wp\/v2\/product\/27686\/revisions"}],"predecessor-version":[{"id":27687,"href":"https:\/\/evasbff.com\/ro\/wp-json\/wp\/v2\/product\/27686\/revisions\/27687"}],"wp:featuredmedia":[{"embeddable":true,"href":"https:\/\/evasbff.com\/ro\/wp-json\/wp\/v2\/media\/28144"}],"wp:attachment":[{"href":"https:\/\/evasbff.com\/ro\/wp-json\/wp\/v2\/media?parent=27686"}],"wp:term":[{"taxonomy":"product_brand","embeddable":true,"href":"https:\/\/evasbff.com\/ro\/wp-json\/wp\/v2\/product_brand?post=27686"},{"taxonomy":"product_cat","embeddable":true,"href":"https:\/\/evasbff.com\/ro\/wp-json\/wp\/v2\/product_cat?post=27686"},{"taxonomy":"product_tag","embeddable":true,"href":"https:\/\/evasbff.com\/ro\/wp-json\/wp\/v2\/product_tag?post=27686"}],"curies":[{"name":"wp","href":"https:\/\/api.w.org\/{rel}","templated":true}]}}