{"id":27679,"date":"2025-05-16T05:35:03","date_gmt":"2025-05-16T05:35:03","guid":{"rendered":"https:\/\/evasbff.com\/?post_type=product&#038;p=27679"},"modified":"2026-04-30T16:48:38","modified_gmt":"2026-04-30T16:48:38","slug":"dimi-za-pretsizni-vezhdi-i-uverenost-v-edin-zamah","status":"publish","type":"product","link":"https:\/\/evasbff.com\/ro\/product\/zilele-obligatiunilor-de-dinainte-de-criza-si-credinta-dintr-o-singura-lovitura\/","title":{"rendered":"DIMI - pentru spr\u00e2ncene precise \u0219i \u00eencredere \u00eentr-o singur\u0103 lovitur\u0103"},"content":{"rendered":"","protected":false},"excerpt":{"rendered":"<p>Fidel\u0103, precis\u0103 \u0219i mereu la punct - peria Dimi este un instrument indispensabil pentru modelarea spr\u00e2ncenelor perfecte. Fabricat\u0103 din peri sintetici de \u00eenalt\u0103 calitate, aceasta ofer\u0103 un v\u00e2rf str\u00e2ns \u0219i precis care permite un control absolut la fiecare mi\u0219care.<\/p>\n<p>Permite aplicarea u\u0219oar\u0103 a pudrei, cremei sau gelului pentru spr\u00e2ncene naturale sau puternice - alegerea este a dumneavoastr\u0103. De asemenea, potrivit pentru conturarea pleoapei inferioare cu formule gel\/crem\u0103.<\/p>","protected":false},"featured_media":28132,"comment_status":"open","ping_status":"closed","template":"","meta":{"seo_title":"","seo_title_option":"custom","seo_description":"","seo_canonical":"","seo_keywords":"","seo_author":"","seo_author_url":"","seo_publisher":"","seo_og_image":""},"product_brand":[],"product_cat":[20],"product_tag":[],"class_list":{"0":"post-27679","1":"product","2":"type-product","3":"status-publish","4":"has-post-thumbnail","6":"product_cat-tchetki-za-grimirane","8":"first","9":"instock","10":"shipping-taxable","11":"purchasable","12":"product-type-simple"},"_links":{"self":[{"href":"https:\/\/evasbff.com\/ro\/wp-json\/wp\/v2\/product\/27679","targetHints":{"allow":["GET"]}}],"collection":[{"href":"https:\/\/evasbff.com\/ro\/wp-json\/wp\/v2\/product"}],"about":[{"href":"https:\/\/evasbff.com\/ro\/wp-json\/wp\/v2\/types\/product"}],"replies":[{"embeddable":true,"href":"https:\/\/evasbff.com\/ro\/wp-json\/wp\/v2\/comments?post=27679"}],"version-history":[{"count":2,"href":"https:\/\/evasbff.com\/ro\/wp-json\/wp\/v2\/product\/27679\/revisions"}],"predecessor-version":[{"id":28586,"href":"https:\/\/evasbff.com\/ro\/wp-json\/wp\/v2\/product\/27679\/revisions\/28586"}],"wp:featuredmedia":[{"embeddable":true,"href":"https:\/\/evasbff.com\/ro\/wp-json\/wp\/v2\/media\/28132"}],"wp:attachment":[{"href":"https:\/\/evasbff.com\/ro\/wp-json\/wp\/v2\/media?parent=27679"}],"wp:term":[{"taxonomy":"product_brand","embeddable":true,"href":"https:\/\/evasbff.com\/ro\/wp-json\/wp\/v2\/product_brand?post=27679"},{"taxonomy":"product_cat","embeddable":true,"href":"https:\/\/evasbff.com\/ro\/wp-json\/wp\/v2\/product_cat?post=27679"},{"taxonomy":"product_tag","embeddable":true,"href":"https:\/\/evasbff.com\/ro\/wp-json\/wp\/v2\/product_tag?post=27679"}],"curies":[{"name":"wp","href":"https:\/\/api.w.org\/{rel}","templated":true}]}}