{"id":27677,"date":"2025-05-16T05:34:26","date_gmt":"2025-05-16T05:34:26","guid":{"rendered":"https:\/\/evasbff.com\/?post_type=product&#038;p=27677"},"modified":"2026-03-11T12:58:47","modified_gmt":"2026-03-11T12:58:47","slug":"dilyana-tchetka-tip-moliv","status":"publish","type":"product","link":"https:\/\/evasbff.com\/ro\/product\/dilyana-tchetka-tip-moliv\/","title":{"rendered":"DILANA - Pensul\u0103 pentru creion"},"content":{"rendered":"","protected":false},"excerpt":{"rendered":"<p>Subtilitate \u00een detalii. Lumin\u0103 \u00een precizie.<br \/>\nDiliana este cea mai delicat\u0103 din colec\u021bie - singura cu p\u0103r natural alb de capr\u0103, creat\u0103 pentru grada\u021bii precise, eviden\u021biere \u0219i lucrare a pleoapei inferioare.<br \/>\nV\u00e2rful s\u0103u conic permite umbrirea controlat\u0103 \u00een pliu, \u00een zona interioar\u0103<br \/>\ncol\u021bul ochiului sau de-a lungul liniei genelor, iar moliciunea p\u0103rului asigur\u0103 c\u0103 fiecare mi\u0219care este delicat\u0103 \u0219i f\u0103r\u0103 efort.<br \/>\nDiliana este acea prieten\u0103 care observ\u0103 cele mai mici lucruri - \u0219i le face frumoase.<\/p>","protected":false},"featured_media":28131,"comment_status":"open","ping_status":"closed","template":"","meta":{"seo_title":"","seo_title_option":"custom","seo_description":"","seo_canonical":"","seo_keywords":"","seo_author":"","seo_author_url":"","seo_publisher":"","seo_og_image":""},"product_brand":[],"product_cat":[20],"product_tag":[],"class_list":{"0":"post-27677","1":"product","2":"type-product","3":"status-publish","4":"has-post-thumbnail","6":"product_cat-tchetki-za-grimirane","8":"first","9":"instock","10":"shipping-taxable","11":"purchasable","12":"product-type-simple"},"_links":{"self":[{"href":"https:\/\/evasbff.com\/ro\/wp-json\/wp\/v2\/product\/27677","targetHints":{"allow":["GET"]}}],"collection":[{"href":"https:\/\/evasbff.com\/ro\/wp-json\/wp\/v2\/product"}],"about":[{"href":"https:\/\/evasbff.com\/ro\/wp-json\/wp\/v2\/types\/product"}],"replies":[{"embeddable":true,"href":"https:\/\/evasbff.com\/ro\/wp-json\/wp\/v2\/comments?post=27677"}],"version-history":[{"count":1,"href":"https:\/\/evasbff.com\/ro\/wp-json\/wp\/v2\/product\/27677\/revisions"}],"predecessor-version":[{"id":27678,"href":"https:\/\/evasbff.com\/ro\/wp-json\/wp\/v2\/product\/27677\/revisions\/27678"}],"wp:featuredmedia":[{"embeddable":true,"href":"https:\/\/evasbff.com\/ro\/wp-json\/wp\/v2\/media\/28131"}],"wp:attachment":[{"href":"https:\/\/evasbff.com\/ro\/wp-json\/wp\/v2\/media?parent=27677"}],"wp:term":[{"taxonomy":"product_brand","embeddable":true,"href":"https:\/\/evasbff.com\/ro\/wp-json\/wp\/v2\/product_brand?post=27677"},{"taxonomy":"product_cat","embeddable":true,"href":"https:\/\/evasbff.com\/ro\/wp-json\/wp\/v2\/product_cat?post=27677"},{"taxonomy":"product_tag","embeddable":true,"href":"https:\/\/evasbff.com\/ro\/wp-json\/wp\/v2\/product_tag?post=27677"}],"curies":[{"name":"wp","href":"https:\/\/api.w.org\/{rel}","templated":true}]}}