{"id":27319,"date":"2025-04-28T19:56:26","date_gmt":"2025-04-28T19:56:26","guid":{"rendered":"https:\/\/evasbff.com\/?post_type=product&#038;p=27319"},"modified":"2026-04-30T20:15:03","modified_gmt":"2026-04-30T20:15:03","slug":"adriyana-blendirashta-tchetka-s-kupoloobrazen-vrah","status":"publish","type":"product","link":"https:\/\/evasbff.com\/ro\/product\/adriyana-blendirashta-tchetka-s-kupoloobrazen-criminal\/","title":{"rendered":"ADRIANA - Pensul\u0103 de blending cu v\u00e2rf bombat"},"content":{"rendered":"","protected":false},"excerpt":{"rendered":"<p>Precizie. Fine\u021be. Amestecare perfect\u0103.<br \/>\nAdriana este f\u0103cut\u0103 pentru cei care \u0219tiu c\u0103 amestecul este totul. Este rotund\u0103,<br \/>\nForma domoal\u0103 \u0219i p\u0103rul natural de capr\u0103 \u00eel fac ideal pentru a estompa umbra u\u0219or \u0219i uniform \u00een pliul ochiului sau pe \u00eentreaga pleoap\u0103.<br \/>\nPeriile pensulei sunt extrem de moi, dar suficient de ferme pentru o munc\u0103 controlat\u0103 - o alegere preferat\u0103 a profesioni\u0219tilor pentru un finisaj impecabil.<br \/>\nAdriana este acea prieten\u0103 care intr\u0103 cu u\u0219urin\u021b\u0103, ac\u021bioneaz\u0103 cu precizie \u0219i las\u0103 un rezultat care nu este uitat.<\/p>","protected":false},"featured_media":28130,"comment_status":"open","ping_status":"closed","template":"","meta":{"seo_title":"","seo_title_option":"custom","seo_description":"","seo_canonical":"","seo_keywords":"","seo_author":"","seo_author_url":"","seo_publisher":"","seo_og_image":""},"product_brand":[],"product_cat":[20],"product_tag":[],"class_list":{"0":"post-27319","1":"product","2":"type-product","3":"status-publish","4":"has-post-thumbnail","6":"product_cat-tchetki-za-grimirane","8":"first","9":"instock","10":"shipping-taxable","11":"purchasable","12":"product-type-simple"},"_links":{"self":[{"href":"https:\/\/evasbff.com\/ro\/wp-json\/wp\/v2\/product\/27319","targetHints":{"allow":["GET"]}}],"collection":[{"href":"https:\/\/evasbff.com\/ro\/wp-json\/wp\/v2\/product"}],"about":[{"href":"https:\/\/evasbff.com\/ro\/wp-json\/wp\/v2\/types\/product"}],"replies":[{"embeddable":true,"href":"https:\/\/evasbff.com\/ro\/wp-json\/wp\/v2\/comments?post=27319"}],"version-history":[{"count":5,"href":"https:\/\/evasbff.com\/ro\/wp-json\/wp\/v2\/product\/27319\/revisions"}],"predecessor-version":[{"id":27572,"href":"https:\/\/evasbff.com\/ro\/wp-json\/wp\/v2\/product\/27319\/revisions\/27572"}],"wp:featuredmedia":[{"embeddable":true,"href":"https:\/\/evasbff.com\/ro\/wp-json\/wp\/v2\/media\/28130"}],"wp:attachment":[{"href":"https:\/\/evasbff.com\/ro\/wp-json\/wp\/v2\/media?parent=27319"}],"wp:term":[{"taxonomy":"product_brand","embeddable":true,"href":"https:\/\/evasbff.com\/ro\/wp-json\/wp\/v2\/product_brand?post=27319"},{"taxonomy":"product_cat","embeddable":true,"href":"https:\/\/evasbff.com\/ro\/wp-json\/wp\/v2\/product_cat?post=27319"},{"taxonomy":"product_tag","embeddable":true,"href":"https:\/\/evasbff.com\/ro\/wp-json\/wp\/v2\/product_tag?post=27319"}],"curies":[{"name":"wp","href":"https:\/\/api.w.org\/{rel}","templated":true}]}}