{"id":4400,"date":"2025-05-12T18:59:36","date_gmt":"2025-05-12T18:59:36","guid":{"rendered":"http:\/\/dummy.xtemos.com\/woodmart2\/elementor\/?page_id=4400"},"modified":"2025-06-08T15:46:26","modified_gmt":"2025-06-08T15:46:26","slug":"eva-s-bff-brand","status":"publish","type":"page","link":"https:\/\/evasbff.com\/ro\/eva-s-bff-brand\/","title":{"rendered":"Despre brand"},"content":{"rendered":"<div data-elementor-type=\"wp-page\" data-elementor-id=\"4400\" class=\"elementor elementor-4400\">\n\t\t\t\t<div class=\"elementor-element elementor-element-eff4c3d e-con-full wd-section-stretch-content e-flex e-con e-parent\" data-id=\"eff4c3d\" data-element_type=\"container\" data-e-type=\"container\" data-settings=\"{&quot;background_background&quot;:&quot;classic&quot;}\">\n\t\t\t\t<div class=\"elementor-element elementor-element-d22f899 wd-width-100 elementor-widget elementor-widget-wd_title\" data-id=\"d22f899\" data-element_type=\"widget\" data-e-type=\"widget\" data-widget_type=\"wd_title.default\">\n\t\t\t\t<div class=\"elementor-widget-container\">\n\t\t\t\t\t\t\t<div class=\"title-wrapper wd-set-mb reset-last-child wd-title-color-primary wd-title-style-default wd-title-size-default text-center\">\n\n\t\t\t\t\t\t\t\t\t\t\t<div class=\"title-subtitle subtitle-color-primary subtitle-style-default wd-fontsize-xs\">\n\t\t\t\t\t14 perii - o singur\u0103 misiune:\t\t\t\t<\/div>\n\t\t\t\n\t\t\t<div class=\"liner-continer\">\n\t\t\t\t<h4 class=\"woodmart-title-container title wd-fontsize-l\"> Rezultat impecabil.<br \/>\n<\/h4> \n\t\t\t\t\t\t\t<\/div>\n\n\t\t\t\t\t\t\t<div class=\"title-after_title reset-last-child wd-fontsize-xs\">\n\t\t\t\t\t<p>Secretul t\u0103u. Puterea ta. Prietenul t\u0103u cel mai bun \u00een machiaj.<\/p>\t\t\t\t<\/div>\n\t\t\t\t\t<\/div>\n\t\t\t\t\t\t<\/div>\n\t\t\t\t<\/div>\n\t\t\t\t<\/div>\n\t\t<div class=\"elementor-element elementor-element-5fe06ff e-con-full wd-section-stretch-content e-flex e-con e-parent\" data-id=\"5fe06ff\" data-element_type=\"container\" data-e-type=\"container\">\n\t\t\t\t<div class=\"elementor-element elementor-element-18f883f elementor-widget elementor-widget-ucaddon_split_hero\" data-id=\"18f883f\" data-element_type=\"widget\" data-e-type=\"widget\" data-widget_type=\"ucaddon_split_hero.default\">\n\t\t\t\t<div class=\"elementor-widget-container\">\n\t\t\t\t\t\n<!-- start Split Hero -->\n\t\t<link id='font-awesome-css' href='https:\/\/evasbff.com\/wp-content\/plugins\/unlimited-elements-for-elementor-premium\/assets_libraries\/font-awesome6\/fontawesome-all.min.css' type='text\/css' rel='stylesheet' >\n\t\t<link id='font-awesome-4-shim-css' href='https:\/\/evasbff.com\/wp-content\/plugins\/unlimited-elements-for-elementor-premium\/assets_libraries\/font-awesome6\/fontawesome-v4-shims.min.css' type='text\/css' rel='stylesheet' >\n\n<style>\/* widget: Split Hero *\/\n\n#uc_split_hero_elementor_18f883f *{\n\tbox-sizing: border-box;\n}\n#uc_split_hero_elementor_18f883f\n{\n\tposition:relative;\n\toverflow:hidden;\n\tclear:both;\n    display:flex;\n}\n\n.uc_title\n{\n  font-size:32px;\n}\n\n#uc_split_hero_elementor_18f883f .uc_btn\n{\n  display:inline-block;\n  text-decoration:none;\n  text-align:center;\n}\n\n#uc_split_hero_elementor_18f883f .uc_container_left\n{\n  flex-grow: 1;\n}\n\n#uc_split_hero_elementor_18f883f .uc_container_left\n{\n    display:flex;\n}\n\n#uc_split_hero_elementor_18f883f .uc_container_left .uc_container_holder{\n\n  \n}\n#uc_split_hero_elementor_18f883f a.uc_logo{\n\tdisplay:block;\n    text-decoration:none;\n}\n\n\n #uc_split_hero_elementor_18f883f .uc_container_right {\n\tbackground-size:cover;\n    background-position:center;\n    background-blend-mode: normal;\n   flex-shrink: 0;\n}\n\n\n@media only screen and (max-width: 420px) {\n#uc_split_hero_elementor_18f883f .uc_container_right\n{\n  width:100%;\n}\n    #uc_split_hero_elementor_18f883f .uc_container_left\n{\n  width:100%;\n}\n\n}\n\n<\/style>\n\n<div class=\"uc_business_header ue-hero\" id=\"uc_split_hero_elementor_18f883f\">\n    <div class=\"uc_container_right\" style=\"background-image:url(https:\/\/evasbff.com\/wp-content\/uploads\/2025\/06\/AN1A8993-min-scaled.jpg);\">\n    \t\n    <\/div>\n    \n    <div class=\"uc_container_left\">\n        <div class=\"uc_container_holder\">\t\n\n        \t            <div class=\"uc_subtitle\">Machiajul t\u0103u merit\u0103 ce e mai bun. <\/br>Iar tu - chiar mai mult.<\/div>            <h3 class=\"uc_title\">V\u0103 prezent\u0103m BFF-ul lui EVA<\/h3>                        <div class=\"uc_paragraph uc_text\">Un set de 14 pensule profesionale create din dragoste pentru arta machiajului \u0219i inspirate de puterea prieteniei adev\u0103rate.<\/div>            <div><a href=\"#\" id=\"\" class=\"uc_portfolio uc_btn elementor-repeater-item-8275884\" >Afla\u021bi mai multe<\/a>\n<\/div>        <\/div>\n    <\/div>\n<\/div>\n<!-- end Split Hero -->\t\t\t\t<\/div>\n\t\t\t\t<\/div>\n\t\t\t\t<\/div>\n\t\t<div class=\"elementor-element elementor-element-5776797 e-con-full wd-section-stretch-content e-flex e-con e-parent\" data-id=\"5776797\" data-element_type=\"container\" data-e-type=\"container\">\n\t\t\t\t<div class=\"elementor-element elementor-element-f8d65ab elementor-widget elementor-widget-ucaddon_split_hero\" data-id=\"f8d65ab\" data-element_type=\"widget\" data-e-type=\"widget\" data-widget_type=\"ucaddon_split_hero.default\">\n\t\t\t\t<div class=\"elementor-widget-container\">\n\t\t\t\t\t\n<!-- start Split Hero -->\n\n<style>\/* widget: Split Hero *\/\n\n#uc_split_hero_elementor_f8d65ab *{\n\tbox-sizing: border-box;\n}\n#uc_split_hero_elementor_f8d65ab\n{\n\tposition:relative;\n\toverflow:hidden;\n\tclear:both;\n    display:flex;\n}\n\n.uc_title\n{\n  font-size:32px;\n}\n\n#uc_split_hero_elementor_f8d65ab .uc_btn\n{\n  display:inline-block;\n  text-decoration:none;\n  text-align:center;\n}\n\n#uc_split_hero_elementor_f8d65ab .uc_container_left\n{\n  flex-grow: 1;\n}\n\n#uc_split_hero_elementor_f8d65ab .uc_container_left\n{\n    display:flex;\n}\n\n#uc_split_hero_elementor_f8d65ab .uc_container_left .uc_container_holder{\n\n  \n}\n#uc_split_hero_elementor_f8d65ab a.uc_logo{\n\tdisplay:block;\n    text-decoration:none;\n}\n\n\n #uc_split_hero_elementor_f8d65ab .uc_container_right {\n\tbackground-size:cover;\n    background-position:center;\n    background-blend-mode: normal;\n   flex-shrink: 0;\n}\n\n\n@media only screen and (max-width: 420px) {\n#uc_split_hero_elementor_f8d65ab .uc_container_right\n{\n  width:100%;\n}\n    #uc_split_hero_elementor_f8d65ab .uc_container_left\n{\n  width:100%;\n}\n\n}\n\n<\/style>\n\n<div class=\"uc_business_header ue-hero\" id=\"uc_split_hero_elementor_f8d65ab\">\n    <div class=\"uc_container_right\" style=\"background-image:url(https:\/\/evasbff.com\/wp-content\/uploads\/2025\/06\/AN1A8925-min-scaled.jpg);\">\n    \t\n    <\/div>\n    \n    <div class=\"uc_container_left\">\n        <div class=\"uc_container_holder\">\t\n\n        \t            <div class=\"uc_subtitle\">Fiecare perie poart\u0103 numele celor mai buni prieteni ai mei<\/div>            <h3 class=\"uc_title\">Femeile care m-au sprijinit de-a lungul timpului.<\/h3>                        <div class=\"uc_paragraph uc_text\">Pentru c\u0103 eu cred c\u0103 \u00een spatele fiec\u0103rui chip impecabil nu se afl\u0103 doar tehnic\u0103, ci \u0219i istorie, pasiune \u0219i o doz\u0103 de magie.\n<\/br><\/br>\nNu un alt set. Ci unul pe care \u00eel ve\u021bi folosi \u00ceNTOTDEAUNA.<\/div>            <div><a href=\"#\" id=\"\" class=\"uc_portfolio uc_btn elementor-repeater-item-8275884\" >Afla\u021bi mai multe<\/a>\n<\/div>        <\/div>\n    <\/div>\n<\/div>\n<!-- end Split Hero -->\t\t\t\t<\/div>\n\t\t\t\t<\/div>\n\t\t\t\t<\/div>\n\t\t<div class=\"elementor-element elementor-element-413826c e-con-full wd-section-stretch-content e-flex e-con e-parent\" data-id=\"413826c\" data-element_type=\"container\" data-e-type=\"container\">\n\t\t\t\t<div class=\"elementor-element elementor-element-7417108 elementor-widget elementor-widget-ucaddon_split_hero\" data-id=\"7417108\" data-element_type=\"widget\" data-e-type=\"widget\" data-widget_type=\"ucaddon_split_hero.default\">\n\t\t\t\t<div class=\"elementor-widget-container\">\n\t\t\t\t\t\n<!-- start Split Hero -->\n\n<style>\/* widget: Split Hero *\/\n\n#uc_split_hero_elementor_7417108 *{\n\tbox-sizing: border-box;\n}\n#uc_split_hero_elementor_7417108\n{\n\tposition:relative;\n\toverflow:hidden;\n\tclear:both;\n    display:flex;\n}\n\n.uc_title\n{\n  font-size:32px;\n}\n\n#uc_split_hero_elementor_7417108 .uc_btn\n{\n  display:inline-block;\n  text-decoration:none;\n  text-align:center;\n}\n\n#uc_split_hero_elementor_7417108 .uc_container_left\n{\n  flex-grow: 1;\n}\n\n#uc_split_hero_elementor_7417108 .uc_container_left\n{\n    display:flex;\n}\n\n#uc_split_hero_elementor_7417108 .uc_container_left .uc_container_holder{\n\n  \n}\n#uc_split_hero_elementor_7417108 a.uc_logo{\n\tdisplay:block;\n    text-decoration:none;\n}\n\n\n #uc_split_hero_elementor_7417108 .uc_container_right {\n\tbackground-size:cover;\n    background-position:center;\n    background-blend-mode: normal;\n   flex-shrink: 0;\n}\n\n\n@media only screen and (max-width: 420px) {\n#uc_split_hero_elementor_7417108 .uc_container_right\n{\n  width:100%;\n}\n    #uc_split_hero_elementor_7417108 .uc_container_left\n{\n  width:100%;\n}\n\n}\n\n<\/style>\n\n<div class=\"uc_business_header ue-hero\" id=\"uc_split_hero_elementor_7417108\">\n    <div class=\"uc_container_right\" style=\"background-image:url(https:\/\/evasbff.com\/wp-content\/uploads\/2025\/06\/evasbff-black-and-white-sponge-scaled.jpg);\">\n    \t\n    <\/div>\n    \n    <div class=\"uc_container_left\">\n        <div class=\"uc_container_holder\">\t\n\n        \t            <h4 class=\"uc_subtitle\">Cea mai bun\u0103 prieten\u0103 a Evei<\/h4>            <h3 class=\"uc_title\">Am creat EVA'S BFF pentru c\u0103 m-am plictisit<\/h3>                        <div class=\"uc_paragraph uc_text\">de la seturi \u00een care folosesc 3 pensule, iar restul doar adun\u0103 praf. Acest set este diferit - fiecare pensul\u0103 are sens, func\u021bie \u0219i inim\u0103. <\/br><\/br>Selectate profesional \u0219i perfec\u021bionate manual\nperfec\u021bionate manual, aceste perii sunt fabricate din materiale de \u00eenalt\u0103 calitate, premium, care v\u0103 vor face s\u0103 v\u0103 \u00eendr\u0103gosti\u021bi de la prima atingere.<\/br><\/br>\nNu este doar un kit. Este o investi\u021bie \u00een talentul t\u0103u.\nPerfect at\u00e2t pentru profesioni\u0219ti, c\u00e2t \u0219i pentru oricine dore\u0219te s\u0103 \u00ee\u0219i duc\u0103 abilit\u0103\u021bile la nivelul urm\u0103tor. EVA'S BFF este proiectat s\u0103 faciliteze, s\u0103 inspire \u0219i s\u0103 fac\u0103 din fiecare experien\u021b\u0103 de machiaj o pl\u0103cere - exact a\u0219a cum meri\u021bi.<\/div>            <div><a href=\"#\" id=\"\" class=\"uc_portfolio uc_btn elementor-repeater-item-8275884\" >Afla\u021bi mai multe<\/a>\n<\/div>        <\/div>\n    <\/div>\n<\/div>\n<!-- end Split Hero -->\t\t\t\t<\/div>\n\t\t\t\t<\/div>\n\t\t\t\t<\/div>\n\t\t\t\t<\/div>","protected":false},"excerpt":{"rendered":"<p>14 \u0447\u0435\u0442\u043a\u0438 &#8211; \u0435\u0434\u043d\u0430 \u043c\u0438\u0441\u0438\u044f: \u0411\u0435\u0437\u0443\u043f\u0440\u0435\u0447\u0435\u043d \u0440\u0435\u0437\u0443\u043b\u0442\u0430\u0442. \u0422\u0432\u043e\u044f\u0442\u0430 \u0442\u0430\u0439\u043d\u0430. \u0422\u0432\u043e\u044f\u0442\u0430 \u0441\u0438\u043b\u0430. \u0422\u0432\u043e\u044f\u0442 \u043d\u0430\u0439-\u0434\u043e\u0431\u044a\u0440 \u043f\u0440\u0438\u044f\u0442\u0435\u043b \u0432 \u0433\u0440\u0438\u043c\u0430. \u0422\u0432\u043e\u044f\u0442 \u0433\u0440\u0438\u043c \u0437\u0430\u0441\u043b\u0443\u0436\u0430\u0432\u0430 \u043d\u0430\u0439-\u0434\u043e\u0431\u0440\u043e\u0442\u043e.<\/p>","protected":false},"author":1,"featured_media":0,"parent":0,"menu_order":0,"comment_status":"closed","ping_status":"closed","template":"","meta":{"seo_title":"","seo_title_option":"","seo_description":"","seo_canonical":"","seo_keywords":"","seo_author":"","seo_author_url":"","seo_publisher":"","seo_og_image":"","footnotes":""},"class_list":["post-4400","page","type-page","status-publish","hentry"],"_links":{"self":[{"href":"https:\/\/evasbff.com\/ro\/wp-json\/wp\/v2\/pages\/4400","targetHints":{"allow":["GET"]}}],"collection":[{"href":"https:\/\/evasbff.com\/ro\/wp-json\/wp\/v2\/pages"}],"about":[{"href":"https:\/\/evasbff.com\/ro\/wp-json\/wp\/v2\/types\/page"}],"author":[{"embeddable":true,"href":"https:\/\/evasbff.com\/ro\/wp-json\/wp\/v2\/users\/1"}],"replies":[{"embeddable":true,"href":"https:\/\/evasbff.com\/ro\/wp-json\/wp\/v2\/comments?post=4400"}],"version-history":[{"count":120,"href":"https:\/\/evasbff.com\/ro\/wp-json\/wp\/v2\/pages\/4400\/revisions"}],"predecessor-version":[{"id":28626,"href":"https:\/\/evasbff.com\/ro\/wp-json\/wp\/v2\/pages\/4400\/revisions\/28626"}],"wp:attachment":[{"href":"https:\/\/evasbff.com\/ro\/wp-json\/wp\/v2\/media?parent=4400"}],"curies":[{"name":"wp","href":"https:\/\/api.w.org\/{rel}","templated":true}]}}