{"id":28632,"date":"2025-06-10T10:32:46","date_gmt":"2025-06-10T10:32:46","guid":{"rendered":"https:\/\/evasbff.com\/?post_type=product&#038;p=28632"},"modified":"2026-03-11T15:21:52","modified_gmt":"2026-03-11T15:21:52","slug":"evas-bff-pro-noir-blend-beauty-sponge","status":"publish","type":"product","link":"https:\/\/evasbff.com\/it\/product\/evas-bff-pro-noir-blend-beauty-sponge\/","title":{"rendered":"Eva's Bff Pro Noir Blend Spugna di bellezza"},"content":{"rendered":"","protected":false},"excerpt":{"rendered":"<h3>Perfezione. Facilit\u00e0. Purezza.<\/h3>\n<p>- Senza lattice<br \/>\n- Senza ingredienti aggressivi<br \/>\n- 100% Vegano, Senza Crudelt\u00e0<\/p>\n<p>Immergetevi nel lusso di un'applicazione impeccabile del make-up con <strong>Spugna di bellezza Pro Noir Blend di Eva's bff<\/strong> - la spugna pi\u00f9 raffinata e attenta che toccher\u00e0 il vostro viso. Realizzata in bianco cristallino e in nero profondo, \u00e8 simbolo di purezza, delicatezza e professionalit\u00e0.<\/p>\n<p>Realizzato in schiuma antibatterica e ipoallergenica, non solo si prende cura del vostro bel trucco, ma anche della salute della vostra pelle. Senza lattice e senza sostanze chimiche nocive, \u00e8 adatto anche alle pelli pi\u00f9 sensibili.<\/p>\n<p>Progettata per muoversi con voi, la spugna fondotinta, correttore e altri prodotti si fondono con facilit\u00e0, lasciando una finitura liscia, uniforme e radiosa. Raggiunge ogni curva del viso e si fonde con la pelle come se fosse una seconda natura: senza striature e senza sforzo.<\/p>\n<h4>Cura successiva:<\/h4>\n<p>Bagnare la spugna con acqua prima di ogni utilizzo. Scolare accuratamente il liquido in eccesso (si pu\u00f2 anche usare un panno). Lavare con sapone neutro e acqua calda dopo ogni utilizzo. Lasciare asciugare a temperatura ambiente, pronta per il prossimo capolavoro.<\/p>","protected":false},"featured_media":28138,"comment_status":"open","ping_status":"closed","template":"","meta":{"seo_title":"","seo_title_option":"custom","seo_description":"","seo_canonical":"","seo_keywords":"","seo_author":"","seo_author_url":"","seo_publisher":"","seo_og_image":""},"product_brand":[],"product_cat":[71],"product_tag":[],"class_list":{"0":"post-28632","1":"product","2":"type-product","3":"status-publish","4":"has-post-thumbnail","6":"product_cat-gabi-za-grimirane","8":"first","9":"instock","10":"shipping-taxable","11":"purchasable","12":"product-type-simple"},"_links":{"self":[{"href":"https:\/\/evasbff.com\/it\/wp-json\/wp\/v2\/product\/28632","targetHints":{"allow":["GET"]}}],"collection":[{"href":"https:\/\/evasbff.com\/it\/wp-json\/wp\/v2\/product"}],"about":[{"href":"https:\/\/evasbff.com\/it\/wp-json\/wp\/v2\/types\/product"}],"replies":[{"embeddable":true,"href":"https:\/\/evasbff.com\/it\/wp-json\/wp\/v2\/comments?post=28632"}],"version-history":[{"count":2,"href":"https:\/\/evasbff.com\/it\/wp-json\/wp\/v2\/product\/28632\/revisions"}],"predecessor-version":[{"id":28636,"href":"https:\/\/evasbff.com\/it\/wp-json\/wp\/v2\/product\/28632\/revisions\/28636"}],"wp:featuredmedia":[{"embeddable":true,"href":"https:\/\/evasbff.com\/it\/wp-json\/wp\/v2\/media\/28138"}],"wp:attachment":[{"href":"https:\/\/evasbff.com\/it\/wp-json\/wp\/v2\/media?parent=28632"}],"wp:term":[{"taxonomy":"product_brand","embeddable":true,"href":"https:\/\/evasbff.com\/it\/wp-json\/wp\/v2\/product_brand?post=28632"},{"taxonomy":"product_cat","embeddable":true,"href":"https:\/\/evasbff.com\/it\/wp-json\/wp\/v2\/product_cat?post=28632"},{"taxonomy":"product_tag","embeddable":true,"href":"https:\/\/evasbff.com\/it\/wp-json\/wp\/v2\/product_tag?post=28632"}],"curies":[{"name":"wp","href":"https:\/\/api.w.org\/{rel}","templated":true}]}}