{"id":28425,"date":"2025-06-07T06:00:31","date_gmt":"2025-06-07T06:00:31","guid":{"rendered":"https:\/\/evasbff.com\/?post_type=product&#038;p=28425"},"modified":"2026-04-30T18:15:56","modified_gmt":"2026-04-30T18:15:56","slug":"evas-bff-pro-14-set","status":"publish","type":"product","link":"https:\/\/evasbff.com\/it\/product\/set-evas-bff-pro-14\/","title":{"rendered":"Set BFF Pro 14 di Eva - 14 pennelli professionali"},"content":{"rendered":"","protected":false},"excerpt":{"rendered":"<h3>14 spazzole professionali. Controllo totale. Perfezione assoluta.<\/h3>\n<p>Questo \u00e8 il cuore di EVA'S BFF - la collezione completa di 14 pennelli accuratamente realizzati, ognuno con il proprio ruolo, carattere e precisione.<br \/>\nFatti per i professionisti, amati dagli intenditori. Si occupano di tutto, dalla sfumatura setosa degli ombretti al contouring perfetto, dall'applicazione morbida dell'highlighter alle labbra perfettamente modellate.<\/p>\n<h4>E ora attenzione:<\/h4>\n<p>La somma del valore di ogni singolo pennello nell'insieme \u00e8 <strong>\u20ac 288.<\/strong><br \/>\nMa il set completo Eva's BFF Pro Edition \u00e8 vostro per <strong>\u20ac 210.<\/strong><br \/>\nRisparmio <strong>\u20ac 78<\/strong> e si ottiene tutto.<\/p>\n<p>\u00c8 pi\u00f9 di un acquisto: \u00e8 un investimento nell'arte del trucco.<br \/>\nUna collezione. Un caso. Tutti i vostri alleati.<\/p>\n<h4>Eva's BFF Pro - la qualit\u00e0 si trova sempre in un kit.<\/h4>","protected":false},"featured_media":28676,"comment_status":"open","ping_status":"closed","template":"","meta":{"seo_title":"","seo_title_option":"custom","seo_description":"","seo_canonical":"","seo_keywords":"","seo_author":"","seo_author_url":"","seo_publisher":"","seo_og_image":""},"product_brand":[],"product_cat":[28],"product_tag":[],"class_list":{"0":"post-28425","1":"product","2":"type-product","3":"status-publish","4":"has-post-thumbnail","6":"product_cat-komplekti-s-tchetki","8":"first","9":"instock","10":"shipping-taxable","11":"purchasable","12":"product-type-simple"},"_links":{"self":[{"href":"https:\/\/evasbff.com\/it\/wp-json\/wp\/v2\/product\/28425","targetHints":{"allow":["GET"]}}],"collection":[{"href":"https:\/\/evasbff.com\/it\/wp-json\/wp\/v2\/product"}],"about":[{"href":"https:\/\/evasbff.com\/it\/wp-json\/wp\/v2\/types\/product"}],"replies":[{"embeddable":true,"href":"https:\/\/evasbff.com\/it\/wp-json\/wp\/v2\/comments?post=28425"}],"version-history":[{"count":7,"href":"https:\/\/evasbff.com\/it\/wp-json\/wp\/v2\/product\/28425\/revisions"}],"predecessor-version":[{"id":29036,"href":"https:\/\/evasbff.com\/it\/wp-json\/wp\/v2\/product\/28425\/revisions\/29036"}],"wp:featuredmedia":[{"embeddable":true,"href":"https:\/\/evasbff.com\/it\/wp-json\/wp\/v2\/media\/28676"}],"wp:attachment":[{"href":"https:\/\/evasbff.com\/it\/wp-json\/wp\/v2\/media?parent=28425"}],"wp:term":[{"taxonomy":"product_brand","embeddable":true,"href":"https:\/\/evasbff.com\/it\/wp-json\/wp\/v2\/product_brand?post=28425"},{"taxonomy":"product_cat","embeddable":true,"href":"https:\/\/evasbff.com\/it\/wp-json\/wp\/v2\/product_cat?post=28425"},{"taxonomy":"product_tag","embeddable":true,"href":"https:\/\/evasbff.com\/it\/wp-json\/wp\/v2\/product_tag?post=28425"}],"curies":[{"name":"wp","href":"https:\/\/api.w.org\/{rel}","templated":true}]}}