{"id":28637,"date":"2025-06-11T11:17:15","date_gmt":"2025-06-11T11:17:15","guid":{"rendered":"https:\/\/evasbff.com\/?post_type=product&#038;p=28637"},"modified":"2026-04-18T21:38:04","modified_gmt":"2026-04-18T21:38:04","slug":"monika-skosena-tchetka-za-kontur-i-ruzh","status":"publish","type":"product","link":"https:\/\/evasbff.com\/fr\/product\/monika-skewed-tchetka-pour-contour-et-rose\/","title":{"rendered":"MONICA - Pinceau biseaut\u00e9 pour le contour et le blush"},"content":{"rendered":"","protected":false},"excerpt":{"rendered":"<p>Contourner avec facilit\u00e9. Blush avec finesse.<\/p>\n<p>Monica a \u00e9t\u00e9 cr\u00e9\u00e9 pour celles qui appr\u00e9cient la finesse du modelage du visage. Fabriqu\u00e9 \u00e0 partir de poils naturels (ch\u00e8vre), il offre un excellent contr\u00f4le lors de l'application de produits en poudre, sans laisser de lignes trop marqu\u00e9es.<\/p>\n<p>Sa forme biseaut\u00e9e s'adapte naturellement aux courbes du visage, ce qui le rend id\u00e9al pour un contour pr\u00e9cis et une application subtile du fard \u00e0 joues. Il s'applique en douceur, de mani\u00e8re uniforme et avec un l\u00e9ger m\u00e9lange - pour un r\u00e9sultat qui semble faire partie de la peau.<\/p>","protected":false},"featured_media":28143,"comment_status":"open","ping_status":"closed","template":"","meta":{"seo_title":"","seo_title_option":"custom","seo_description":"","seo_canonical":"","seo_keywords":"","seo_author":"","seo_author_url":"","seo_publisher":"","seo_og_image":""},"product_brand":[],"product_cat":[20],"product_tag":[],"class_list":{"0":"post-28637","1":"product","2":"type-product","3":"status-publish","4":"has-post-thumbnail","6":"product_cat-tchetki-za-grimirane","8":"first","9":"instock","10":"shipping-taxable","11":"purchasable","12":"product-type-simple"},"_links":{"self":[{"href":"https:\/\/evasbff.com\/fr\/wp-json\/wp\/v2\/product\/28637","targetHints":{"allow":["GET"]}}],"collection":[{"href":"https:\/\/evasbff.com\/fr\/wp-json\/wp\/v2\/product"}],"about":[{"href":"https:\/\/evasbff.com\/fr\/wp-json\/wp\/v2\/types\/product"}],"replies":[{"embeddable":true,"href":"https:\/\/evasbff.com\/fr\/wp-json\/wp\/v2\/comments?post=28637"}],"version-history":[{"count":1,"href":"https:\/\/evasbff.com\/fr\/wp-json\/wp\/v2\/product\/28637\/revisions"}],"predecessor-version":[{"id":28638,"href":"https:\/\/evasbff.com\/fr\/wp-json\/wp\/v2\/product\/28637\/revisions\/28638"}],"wp:featuredmedia":[{"embeddable":true,"href":"https:\/\/evasbff.com\/fr\/wp-json\/wp\/v2\/media\/28143"}],"wp:attachment":[{"href":"https:\/\/evasbff.com\/fr\/wp-json\/wp\/v2\/media?parent=28637"}],"wp:term":[{"taxonomy":"product_brand","embeddable":true,"href":"https:\/\/evasbff.com\/fr\/wp-json\/wp\/v2\/product_brand?post=28637"},{"taxonomy":"product_cat","embeddable":true,"href":"https:\/\/evasbff.com\/fr\/wp-json\/wp\/v2\/product_cat?post=28637"},{"taxonomy":"product_tag","embeddable":true,"href":"https:\/\/evasbff.com\/fr\/wp-json\/wp\/v2\/product_tag?post=28637"}],"curies":[{"name":"wp","href":"https:\/\/api.w.org\/{rel}","templated":true}]}}