{"id":27746,"date":"2025-05-17T07:30:26","date_gmt":"2025-05-17T07:30:26","guid":{"rendered":"https:\/\/evasbff.com\/?post_type=product&#038;p=27746"},"modified":"2026-03-11T15:21:07","modified_gmt":"2026-03-11T15:21:07","slug":"eliz-tchetka-za-pudra-ot-estestven-kosam-miks-koza-i-lisitsa","status":"publish","type":"product","link":"https:\/\/evasbff.com\/fr\/product\/eliz-tchetka-pour-la-poudre-de-lestestven-kosam-mix-chevre-et-renard\/","title":{"rendered":"ELIZ - Pinceau \u00e0 poudre en poils naturels m\u00e9lang\u00e9s (ch\u00e8vre et renard)"},"content":{"rendered":"","protected":false},"excerpt":{"rendered":"<p>Un toucher d\u00e9licat. Un toucher luxueux. Un r\u00e9sultat raffin\u00e9.<\/p>\n<p>Elise est con\u00e7ue pour celles qui aiment l'effet \u201eseconde peau\u201c. La fourrure mixte de ch\u00e8vre et de renard apporte une incroyable douceur sans compromettre la densit\u00e9. La poudre s'applique uniform\u00e9ment, finement et sans accumulation.<\/p>\n<p>Convient \u00e0 la fois comme poudre de r\u00e9glage et comme poudre de finition avec un l\u00e9ger voile de brillance.<\/p>","protected":false},"featured_media":28136,"comment_status":"open","ping_status":"closed","template":"","meta":{"seo_title":"","seo_title_option":"custom","seo_description":"","seo_canonical":"","seo_keywords":"","seo_author":"","seo_author_url":"","seo_publisher":"","seo_og_image":""},"product_brand":[],"product_cat":[20],"product_tag":[],"class_list":{"0":"post-27746","1":"product","2":"type-product","3":"status-publish","4":"has-post-thumbnail","6":"product_cat-tchetki-za-grimirane","8":"first","9":"instock","10":"shipping-taxable","11":"purchasable","12":"product-type-simple"},"_links":{"self":[{"href":"https:\/\/evasbff.com\/fr\/wp-json\/wp\/v2\/product\/27746","targetHints":{"allow":["GET"]}}],"collection":[{"href":"https:\/\/evasbff.com\/fr\/wp-json\/wp\/v2\/product"}],"about":[{"href":"https:\/\/evasbff.com\/fr\/wp-json\/wp\/v2\/types\/product"}],"replies":[{"embeddable":true,"href":"https:\/\/evasbff.com\/fr\/wp-json\/wp\/v2\/comments?post=27746"}],"version-history":[{"count":2,"href":"https:\/\/evasbff.com\/fr\/wp-json\/wp\/v2\/product\/27746\/revisions"}],"predecessor-version":[{"id":28500,"href":"https:\/\/evasbff.com\/fr\/wp-json\/wp\/v2\/product\/27746\/revisions\/28500"}],"wp:featuredmedia":[{"embeddable":true,"href":"https:\/\/evasbff.com\/fr\/wp-json\/wp\/v2\/media\/28136"}],"wp:attachment":[{"href":"https:\/\/evasbff.com\/fr\/wp-json\/wp\/v2\/media?parent=27746"}],"wp:term":[{"taxonomy":"product_brand","embeddable":true,"href":"https:\/\/evasbff.com\/fr\/wp-json\/wp\/v2\/product_brand?post=27746"},{"taxonomy":"product_cat","embeddable":true,"href":"https:\/\/evasbff.com\/fr\/wp-json\/wp\/v2\/product_cat?post=27746"},{"taxonomy":"product_tag","embeddable":true,"href":"https:\/\/evasbff.com\/fr\/wp-json\/wp\/v2\/product_tag?post=27746"}],"curies":[{"name":"wp","href":"https:\/\/api.w.org\/{rel}","templated":true}]}}