{"id":27701,"date":"2025-05-16T05:46:22","date_gmt":"2025-05-16T05:46:22","guid":{"rendered":"https:\/\/evasbff.com\/?post_type=product&#038;p=27701"},"modified":"2026-03-08T01:27:41","modified_gmt":"2026-03-08T01:27:41","slug":"evas-bff-basics-10-set-10-profesionalni-tchetki","status":"publish","type":"product","link":"https:\/\/evasbff.com\/fr\/product\/evas-bff-basics-10-set-10-professional-tchetki\/","title":{"rendered":"Eva's BFF Basics 10 set - 10 brosses professionnelles"},"content":{"rendered":"","protected":false},"excerpt":{"rendered":"<h3>10 brosses professionnelles. Une s\u00e9lection sans faille. Un v\u00e9ritable investissement pour vous.<\/h3>\n<p>Il ne s'agit pas seulement d'un set - c'est votre point de d\u00e9part pour un look de maquillage parfait.<br \/>\nVous y trouverez tout ce dont vous avez besoin pour le visage et les yeux - des pinceaux soigneusement s\u00e9lectionn\u00e9s et con\u00e7us pour fonctionner en harmonie, que vous soyez une maquilleuse professionnelle ou que vous aimiez simplement les beaux d\u00e9tails.<\/p>\n<h4>Et le meilleur ?<\/h4>\n<p>Si vous les achetez s\u00e9par\u00e9ment, leur valeur r\u00e9elle s'\u00e9l\u00e8ve \u00e0<strong> \u20ac 218.<\/strong><br \/>\nD\u00e9sormais, vous pouvez les obtenir dans un ensemble complet pour <strong>\u20ac 160<\/strong>\u00a0- et sauvegarder <strong>\u20ac 58<\/strong>, sans faire de compromis sur la qualit\u00e9.<\/p>\n<p>Des mat\u00e9riaux luxueux, un \u00e9quilibre parfait et une manipulation confortable - le tout dans un bo\u00eetier \u00e9l\u00e9gant pr\u00eat \u00e0 tr\u00f4ner sur votre coiffeuse ou sur votre plateau professionnel.<\/p>\n<h4>BFF Basics - parce que les vraies petites amies se pr\u00e9sentent sous la forme d'un ensemble.<\/h4>","protected":false},"featured_media":28126,"comment_status":"open","ping_status":"closed","template":"","meta":{"seo_title":"","seo_title_option":"custom","seo_description":"","seo_canonical":"","seo_keywords":"","seo_author":"","seo_author_url":"","seo_publisher":"","seo_og_image":""},"product_brand":[],"product_cat":[28],"product_tag":[],"class_list":{"0":"post-27701","1":"product","2":"type-product","3":"status-publish","4":"has-post-thumbnail","6":"product_cat-komplekti-s-tchetki","8":"first","9":"instock","10":"shipping-taxable","11":"purchasable","12":"product-type-simple"},"_links":{"self":[{"href":"https:\/\/evasbff.com\/fr\/wp-json\/wp\/v2\/product\/27701","targetHints":{"allow":["GET"]}}],"collection":[{"href":"https:\/\/evasbff.com\/fr\/wp-json\/wp\/v2\/product"}],"about":[{"href":"https:\/\/evasbff.com\/fr\/wp-json\/wp\/v2\/types\/product"}],"replies":[{"embeddable":true,"href":"https:\/\/evasbff.com\/fr\/wp-json\/wp\/v2\/comments?post=27701"}],"version-history":[{"count":5,"href":"https:\/\/evasbff.com\/fr\/wp-json\/wp\/v2\/product\/27701\/revisions"}],"predecessor-version":[{"id":29035,"href":"https:\/\/evasbff.com\/fr\/wp-json\/wp\/v2\/product\/27701\/revisions\/29035"}],"wp:featuredmedia":[{"embeddable":true,"href":"https:\/\/evasbff.com\/fr\/wp-json\/wp\/v2\/media\/28126"}],"wp:attachment":[{"href":"https:\/\/evasbff.com\/fr\/wp-json\/wp\/v2\/media?parent=27701"}],"wp:term":[{"taxonomy":"product_brand","embeddable":true,"href":"https:\/\/evasbff.com\/fr\/wp-json\/wp\/v2\/product_brand?post=27701"},{"taxonomy":"product_cat","embeddable":true,"href":"https:\/\/evasbff.com\/fr\/wp-json\/wp\/v2\/product_cat?post=27701"},{"taxonomy":"product_tag","embeddable":true,"href":"https:\/\/evasbff.com\/fr\/wp-json\/wp\/v2\/product_tag?post=27701"}],"curies":[{"name":"wp","href":"https:\/\/api.w.org\/{rel}","templated":true}]}}