{"id":27694,"date":"2025-05-16T05:41:36","date_gmt":"2025-05-16T05:41:36","guid":{"rendered":"https:\/\/evasbff.com\/?post_type=product&#038;p=27694"},"modified":"2026-04-30T20:15:03","modified_gmt":"2026-04-30T20:15:03","slug":"gabriela-delikatnost-pretsiznost-izyashtno-prelivane","status":"publish","type":"product","link":"https:\/\/evasbff.com\/fr\/product\/gabriela-delicacy-pretsiznost-izyashtno-prelivane\/","title":{"rendered":"GABRIELA - D\u00e9licatesse, pr\u00e9cision, m\u00e9lange exquis"},"content":{"rendered":"","protected":false},"excerpt":{"rendered":"<p>Gabriella est id\u00e9al pour estomper et appliquer l'ombre dans les petites zones - le pli de l'\u0153il, le coin externe ou sous la paupi\u00e8re inf\u00e9rieure. Les poils d'\u00e9cureuil conf\u00e8rent une douceur et un contr\u00f4le exceptionnels, tandis que l'embout pointu en forme de flamme permet d'obtenir une profondeur et des d\u00e9tails pr\u00e9cis.<\/p>\n<p>Le meilleur r\u00e9sultat est obtenu lors du m\u00e9lange de couleurs sombres ou satur\u00e9es, lorsque la subtilit\u00e9 est de mise.<\/p>","protected":false},"featured_media":28140,"comment_status":"open","ping_status":"closed","template":"","meta":{"seo_title":"","seo_title_option":"custom","seo_description":"","seo_canonical":"","seo_keywords":"","seo_author":"","seo_author_url":"","seo_publisher":"","seo_og_image":""},"product_brand":[],"product_cat":[20],"product_tag":[],"class_list":{"0":"post-27694","1":"product","2":"type-product","3":"status-publish","4":"has-post-thumbnail","6":"product_cat-tchetki-za-grimirane","8":"first","9":"instock","10":"shipping-taxable","11":"purchasable","12":"product-type-simple"},"_links":{"self":[{"href":"https:\/\/evasbff.com\/fr\/wp-json\/wp\/v2\/product\/27694","targetHints":{"allow":["GET"]}}],"collection":[{"href":"https:\/\/evasbff.com\/fr\/wp-json\/wp\/v2\/product"}],"about":[{"href":"https:\/\/evasbff.com\/fr\/wp-json\/wp\/v2\/types\/product"}],"replies":[{"embeddable":true,"href":"https:\/\/evasbff.com\/fr\/wp-json\/wp\/v2\/comments?post=27694"}],"version-history":[{"count":1,"href":"https:\/\/evasbff.com\/fr\/wp-json\/wp\/v2\/product\/27694\/revisions"}],"predecessor-version":[{"id":27695,"href":"https:\/\/evasbff.com\/fr\/wp-json\/wp\/v2\/product\/27694\/revisions\/27695"}],"wp:featuredmedia":[{"embeddable":true,"href":"https:\/\/evasbff.com\/fr\/wp-json\/wp\/v2\/media\/28140"}],"wp:attachment":[{"href":"https:\/\/evasbff.com\/fr\/wp-json\/wp\/v2\/media?parent=27694"}],"wp:term":[{"taxonomy":"product_brand","embeddable":true,"href":"https:\/\/evasbff.com\/fr\/wp-json\/wp\/v2\/product_brand?post=27694"},{"taxonomy":"product_cat","embeddable":true,"href":"https:\/\/evasbff.com\/fr\/wp-json\/wp\/v2\/product_cat?post=27694"},{"taxonomy":"product_tag","embeddable":true,"href":"https:\/\/evasbff.com\/fr\/wp-json\/wp\/v2\/product_tag?post=27694"}],"curies":[{"name":"wp","href":"https:\/\/api.w.org\/{rel}","templated":true}]}}