{"id":27692,"date":"2025-05-16T05:41:05","date_gmt":"2025-05-16T05:41:05","guid":{"rendered":"https:\/\/evasbff.com\/?post_type=product&#038;p=27692"},"modified":"2026-03-11T12:58:47","modified_gmt":"2026-03-11T12:58:47","slug":"svetla-ploska-tchetka-ot-sintetitchen-kosam","status":"publish","type":"product","link":"https:\/\/evasbff.com\/fr\/product\/une-chemise-plate-en-matiere-synthetique-legere\/","title":{"rendered":"SVETLA - Brosse plate en soie synth\u00e9tique"},"content":{"rendered":"","protected":false},"excerpt":{"rendered":"<p>Pr\u00e9cision. D\u00e9finition. Polyvalence.<\/p>\n<p>Svetla est con\u00e7u pour un travail d\u00e9taill\u00e9 et contr\u00f4l\u00e9. Sa forme plate et ses poils synth\u00e9tiques serr\u00e9s le rendent id\u00e9al pour cr\u00e9er un pli coup\u00e9, appliquer des ombres cr\u00e8me, des pigments et des bases sur la paupi\u00e8re mobile.<\/p>\n<p>Extr\u00eamement pratique pour une application pr\u00e9cise de l'anticerne autour des l\u00e8vres ou sur de petites zones du visage.<\/p>","protected":false},"featured_media":28145,"comment_status":"open","ping_status":"closed","template":"","meta":{"seo_title":"","seo_title_option":"custom","seo_description":"","seo_canonical":"","seo_keywords":"","seo_author":"","seo_author_url":"","seo_publisher":"","seo_og_image":""},"product_brand":[],"product_cat":[20],"product_tag":[],"class_list":{"0":"post-27692","1":"product","2":"type-product","3":"status-publish","4":"has-post-thumbnail","6":"product_cat-tchetki-za-grimirane","8":"first","9":"instock","10":"shipping-taxable","11":"purchasable","12":"product-type-simple"},"_links":{"self":[{"href":"https:\/\/evasbff.com\/fr\/wp-json\/wp\/v2\/product\/27692","targetHints":{"allow":["GET"]}}],"collection":[{"href":"https:\/\/evasbff.com\/fr\/wp-json\/wp\/v2\/product"}],"about":[{"href":"https:\/\/evasbff.com\/fr\/wp-json\/wp\/v2\/types\/product"}],"replies":[{"embeddable":true,"href":"https:\/\/evasbff.com\/fr\/wp-json\/wp\/v2\/comments?post=27692"}],"version-history":[{"count":1,"href":"https:\/\/evasbff.com\/fr\/wp-json\/wp\/v2\/product\/27692\/revisions"}],"predecessor-version":[{"id":27693,"href":"https:\/\/evasbff.com\/fr\/wp-json\/wp\/v2\/product\/27692\/revisions\/27693"}],"wp:featuredmedia":[{"embeddable":true,"href":"https:\/\/evasbff.com\/fr\/wp-json\/wp\/v2\/media\/28145"}],"wp:attachment":[{"href":"https:\/\/evasbff.com\/fr\/wp-json\/wp\/v2\/media?parent=27692"}],"wp:term":[{"taxonomy":"product_brand","embeddable":true,"href":"https:\/\/evasbff.com\/fr\/wp-json\/wp\/v2\/product_brand?post=27692"},{"taxonomy":"product_cat","embeddable":true,"href":"https:\/\/evasbff.com\/fr\/wp-json\/wp\/v2\/product_cat?post=27692"},{"taxonomy":"product_tag","embeddable":true,"href":"https:\/\/evasbff.com\/fr\/wp-json\/wp\/v2\/product_tag?post=27692"}],"curies":[{"name":"wp","href":"https:\/\/api.w.org\/{rel}","templated":true}]}}