{"id":27690,"date":"2025-05-16T05:40:42","date_gmt":"2025-05-16T05:40:42","guid":{"rendered":"https:\/\/evasbff.com\/?post_type=product&#038;p=27690"},"modified":"2026-03-11T12:58:47","modified_gmt":"2026-03-11T12:58:47","slug":"svetoslava-luksozna-mnogofunktsionalna-tchetka-ot-kosam-na-kateritsa","status":"publish","type":"product","link":"https:\/\/evasbff.com\/fr\/product\/svetoslava-luxueuse-belle-mere-multifonctionnelle-du-kosam-na-kateritsa\/","title":{"rendered":"SVETOSLAVA - Brosse multifonctionnelle de luxe en poils d'\u00e9cureuil"},"content":{"rendered":"","protected":false},"excerpt":{"rendered":"<p>Doux. A\u00e9rien. Contr\u00f4le \u00e9l\u00e9gant.<\/p>\n<p>Svetoslava est con\u00e7u pour celles qui recherchent le toucher le plus d\u00e9licat. Les poils d'\u00e9cureuil sont extr\u00eamement doux et fins, ce qui les rend id\u00e9aux pour les fards \u00e0 joues en poudre, les surligneurs, les poudres \u00e0 fixer sous les yeux ou les contours subtils avec de la poudre.<\/p>\n<p>Sa forme permet un travail \u00e0 la fois pr\u00e9cis et \u00e9th\u00e9r\u00e9, pour une finition presque invisible qui semble venir de l'int\u00e9rieur.<\/p>","protected":false},"featured_media":28584,"comment_status":"open","ping_status":"closed","template":"","meta":{"seo_title":"","seo_title_option":"custom","seo_description":"","seo_canonical":"","seo_keywords":"","seo_author":"","seo_author_url":"","seo_publisher":"","seo_og_image":""},"product_brand":[],"product_cat":[20],"product_tag":[],"class_list":{"0":"post-27690","1":"product","2":"type-product","3":"status-publish","4":"has-post-thumbnail","6":"product_cat-tchetki-za-grimirane","8":"first","9":"instock","10":"shipping-taxable","11":"purchasable","12":"product-type-simple"},"_links":{"self":[{"href":"https:\/\/evasbff.com\/fr\/wp-json\/wp\/v2\/product\/27690","targetHints":{"allow":["GET"]}}],"collection":[{"href":"https:\/\/evasbff.com\/fr\/wp-json\/wp\/v2\/product"}],"about":[{"href":"https:\/\/evasbff.com\/fr\/wp-json\/wp\/v2\/types\/product"}],"replies":[{"embeddable":true,"href":"https:\/\/evasbff.com\/fr\/wp-json\/wp\/v2\/comments?post=27690"}],"version-history":[{"count":2,"href":"https:\/\/evasbff.com\/fr\/wp-json\/wp\/v2\/product\/27690\/revisions"}],"predecessor-version":[{"id":28583,"href":"https:\/\/evasbff.com\/fr\/wp-json\/wp\/v2\/product\/27690\/revisions\/28583"}],"wp:featuredmedia":[{"embeddable":true,"href":"https:\/\/evasbff.com\/fr\/wp-json\/wp\/v2\/media\/28584"}],"wp:attachment":[{"href":"https:\/\/evasbff.com\/fr\/wp-json\/wp\/v2\/media?parent=27690"}],"wp:term":[{"taxonomy":"product_brand","embeddable":true,"href":"https:\/\/evasbff.com\/fr\/wp-json\/wp\/v2\/product_brand?post=27690"},{"taxonomy":"product_cat","embeddable":true,"href":"https:\/\/evasbff.com\/fr\/wp-json\/wp\/v2\/product_cat?post=27690"},{"taxonomy":"product_tag","embeddable":true,"href":"https:\/\/evasbff.com\/fr\/wp-json\/wp\/v2\/product_tag?post=27690"}],"curies":[{"name":"wp","href":"https:\/\/api.w.org\/{rel}","templated":true}]}}