{"id":27688,"date":"2025-05-16T05:38:41","date_gmt":"2025-05-16T05:38:41","guid":{"rendered":"https:\/\/evasbff.com\/?post_type=product&#038;p=27688"},"modified":"2026-03-11T12:58:47","modified_gmt":"2026-03-11T12:58:47","slug":"diyana-multifunktsionalna-tchetka-ot-sintetitchen-kosam","status":"publish","type":"product","link":"https:\/\/evasbff.com\/fr\/product\/diyana-multifunktsionalna-tchetka-ot-sintetitchen-kosam\/","title":{"rendered":"DIANA - Brosse multifonctionnelle en poils synth\u00e9tiques"},"content":{"rendered":"","protected":false},"excerpt":{"rendered":"<p>Pr\u00e9cision. Douceur. Polyvalence.<\/p>\n<p>Diyana est le choix parfait pour travailler sur la zone d\u00e9licate du contour des yeux. Fabriqu\u00e9 en poils synth\u00e9tiques doux mais serr\u00e9s, il est id\u00e9al pour appliquer l'anticerne, la base des ombres \u00e0 paupi\u00e8res et estomper subtilement les textures cr\u00e9meuses.<\/p>\n<p>Sa forme vous permet de travailler avec un contr\u00f4le absolu - pas d'exc\u00e8s, pas de surplus, juste la bonne quantit\u00e9 de produit l\u00e0 o\u00f9 vous en avez besoin.<\/p>","protected":false},"featured_media":28133,"comment_status":"open","ping_status":"closed","template":"","meta":{"seo_title":"","seo_title_option":"custom","seo_description":"","seo_canonical":"","seo_keywords":"","seo_author":"","seo_author_url":"","seo_publisher":"","seo_og_image":""},"product_brand":[],"product_cat":[20],"product_tag":[],"class_list":{"0":"post-27688","1":"product","2":"type-product","3":"status-publish","4":"has-post-thumbnail","6":"product_cat-tchetki-za-grimirane","8":"first","9":"instock","10":"shipping-taxable","11":"purchasable","12":"product-type-simple"},"_links":{"self":[{"href":"https:\/\/evasbff.com\/fr\/wp-json\/wp\/v2\/product\/27688","targetHints":{"allow":["GET"]}}],"collection":[{"href":"https:\/\/evasbff.com\/fr\/wp-json\/wp\/v2\/product"}],"about":[{"href":"https:\/\/evasbff.com\/fr\/wp-json\/wp\/v2\/types\/product"}],"replies":[{"embeddable":true,"href":"https:\/\/evasbff.com\/fr\/wp-json\/wp\/v2\/comments?post=27688"}],"version-history":[{"count":2,"href":"https:\/\/evasbff.com\/fr\/wp-json\/wp\/v2\/product\/27688\/revisions"}],"predecessor-version":[{"id":28501,"href":"https:\/\/evasbff.com\/fr\/wp-json\/wp\/v2\/product\/27688\/revisions\/28501"}],"wp:featuredmedia":[{"embeddable":true,"href":"https:\/\/evasbff.com\/fr\/wp-json\/wp\/v2\/media\/28133"}],"wp:attachment":[{"href":"https:\/\/evasbff.com\/fr\/wp-json\/wp\/v2\/media?parent=27688"}],"wp:term":[{"taxonomy":"product_brand","embeddable":true,"href":"https:\/\/evasbff.com\/fr\/wp-json\/wp\/v2\/product_brand?post=27688"},{"taxonomy":"product_cat","embeddable":true,"href":"https:\/\/evasbff.com\/fr\/wp-json\/wp\/v2\/product_cat?post=27688"},{"taxonomy":"product_tag","embeddable":true,"href":"https:\/\/evasbff.com\/fr\/wp-json\/wp\/v2\/product_tag?post=27688"}],"curies":[{"name":"wp","href":"https:\/\/api.w.org\/{rel}","templated":true}]}}