{"id":27679,"date":"2025-05-16T05:35:03","date_gmt":"2025-05-16T05:35:03","guid":{"rendered":"https:\/\/evasbff.com\/?post_type=product&#038;p=27679"},"modified":"2026-04-30T16:48:38","modified_gmt":"2026-04-30T16:48:38","slug":"dimi-za-pretsizni-vezhdi-i-uverenost-v-edin-zamah","status":"publish","type":"product","link":"https:\/\/evasbff.com\/fr\/product\/lepoque-des-obligations-et-de-la-foi-davant-la-crise-dun-seul-coup\/","title":{"rendered":"DIMI - pour des sourcils pr\u00e9cis et de l'assurance en un seul geste"},"content":{"rendered":"","protected":false},"excerpt":{"rendered":"<p>Fid\u00e8le, pr\u00e9cise et toujours \u00e0 propos, la brosse Dimi est un outil indispensable pour dessiner des sourcils parfaits. Fabriqu\u00e9 \u00e0 partir de poils synth\u00e9tiques de haute qualit\u00e9, il offre une pointe serr\u00e9e et pr\u00e9cise qui permet un contr\u00f4le absolu \u00e0 chaque mouvement.<\/p>\n<p>Il permet d'appliquer facilement de la poudre, de la cr\u00e8me ou du gel pour des sourcils naturels ou \u00e9pais - \u00e0 vous de choisir. Convient \u00e9galement pour dessiner le contour de la paupi\u00e8re inf\u00e9rieure avec les formules gel\/cr\u00e8me.<\/p>","protected":false},"featured_media":28132,"comment_status":"open","ping_status":"closed","template":"","meta":{"seo_title":"","seo_title_option":"custom","seo_description":"","seo_canonical":"","seo_keywords":"","seo_author":"","seo_author_url":"","seo_publisher":"","seo_og_image":""},"product_brand":[],"product_cat":[20],"product_tag":[],"class_list":{"0":"post-27679","1":"product","2":"type-product","3":"status-publish","4":"has-post-thumbnail","6":"product_cat-tchetki-za-grimirane","8":"first","9":"instock","10":"shipping-taxable","11":"purchasable","12":"product-type-simple"},"_links":{"self":[{"href":"https:\/\/evasbff.com\/fr\/wp-json\/wp\/v2\/product\/27679","targetHints":{"allow":["GET"]}}],"collection":[{"href":"https:\/\/evasbff.com\/fr\/wp-json\/wp\/v2\/product"}],"about":[{"href":"https:\/\/evasbff.com\/fr\/wp-json\/wp\/v2\/types\/product"}],"replies":[{"embeddable":true,"href":"https:\/\/evasbff.com\/fr\/wp-json\/wp\/v2\/comments?post=27679"}],"version-history":[{"count":2,"href":"https:\/\/evasbff.com\/fr\/wp-json\/wp\/v2\/product\/27679\/revisions"}],"predecessor-version":[{"id":28586,"href":"https:\/\/evasbff.com\/fr\/wp-json\/wp\/v2\/product\/27679\/revisions\/28586"}],"wp:featuredmedia":[{"embeddable":true,"href":"https:\/\/evasbff.com\/fr\/wp-json\/wp\/v2\/media\/28132"}],"wp:attachment":[{"href":"https:\/\/evasbff.com\/fr\/wp-json\/wp\/v2\/media?parent=27679"}],"wp:term":[{"taxonomy":"product_brand","embeddable":true,"href":"https:\/\/evasbff.com\/fr\/wp-json\/wp\/v2\/product_brand?post=27679"},{"taxonomy":"product_cat","embeddable":true,"href":"https:\/\/evasbff.com\/fr\/wp-json\/wp\/v2\/product_cat?post=27679"},{"taxonomy":"product_tag","embeddable":true,"href":"https:\/\/evasbff.com\/fr\/wp-json\/wp\/v2\/product_tag?post=27679"}],"curies":[{"name":"wp","href":"https:\/\/api.w.org\/{rel}","templated":true}]}}