{"id":27677,"date":"2025-05-16T05:34:26","date_gmt":"2025-05-16T05:34:26","guid":{"rendered":"https:\/\/evasbff.com\/?post_type=product&#038;p=27677"},"modified":"2026-03-11T12:58:47","modified_gmt":"2026-03-11T12:58:47","slug":"dilyana-tchetka-tip-moliv","status":"publish","type":"product","link":"https:\/\/evasbff.com\/fr\/product\/dilyana-tchetka-tip-moliv\/","title":{"rendered":"DILANA - Pinceau \u00e0 crayons"},"content":{"rendered":"","protected":false},"excerpt":{"rendered":"<p>La subtilit\u00e9 des d\u00e9tails. L\u00e9g\u00e8ret\u00e9 dans la pr\u00e9cision.<br \/>\nDiliana est le plus d\u00e9licat de la collection - le seul en poils de ch\u00e8vre naturels blancs, cr\u00e9\u00e9 pour des d\u00e9grad\u00e9s pr\u00e9cis, des reflets et le travail des paupi\u00e8res inf\u00e9rieures.<br \/>\nSa pointe effil\u00e9e permet de contr\u00f4ler l'ombrage dans le pli, \u00e0 l'int\u00e9rieur de l'\u0153il et \u00e0 l'ext\u00e9rieur de l'\u0153il.<br \/>\nLa douceur des poils garantit que chaque mouvement se fait en douceur et sans effort.<br \/>\nDiliana est cette amie qui remarque les plus petites choses - et les rend belles.<\/p>","protected":false},"featured_media":28131,"comment_status":"open","ping_status":"closed","template":"","meta":{"seo_title":"","seo_title_option":"custom","seo_description":"","seo_canonical":"","seo_keywords":"","seo_author":"","seo_author_url":"","seo_publisher":"","seo_og_image":""},"product_brand":[],"product_cat":[20],"product_tag":[],"class_list":{"0":"post-27677","1":"product","2":"type-product","3":"status-publish","4":"has-post-thumbnail","6":"product_cat-tchetki-za-grimirane","8":"first","9":"instock","10":"shipping-taxable","11":"purchasable","12":"product-type-simple"},"_links":{"self":[{"href":"https:\/\/evasbff.com\/fr\/wp-json\/wp\/v2\/product\/27677","targetHints":{"allow":["GET"]}}],"collection":[{"href":"https:\/\/evasbff.com\/fr\/wp-json\/wp\/v2\/product"}],"about":[{"href":"https:\/\/evasbff.com\/fr\/wp-json\/wp\/v2\/types\/product"}],"replies":[{"embeddable":true,"href":"https:\/\/evasbff.com\/fr\/wp-json\/wp\/v2\/comments?post=27677"}],"version-history":[{"count":1,"href":"https:\/\/evasbff.com\/fr\/wp-json\/wp\/v2\/product\/27677\/revisions"}],"predecessor-version":[{"id":27678,"href":"https:\/\/evasbff.com\/fr\/wp-json\/wp\/v2\/product\/27677\/revisions\/27678"}],"wp:featuredmedia":[{"embeddable":true,"href":"https:\/\/evasbff.com\/fr\/wp-json\/wp\/v2\/media\/28131"}],"wp:attachment":[{"href":"https:\/\/evasbff.com\/fr\/wp-json\/wp\/v2\/media?parent=27677"}],"wp:term":[{"taxonomy":"product_brand","embeddable":true,"href":"https:\/\/evasbff.com\/fr\/wp-json\/wp\/v2\/product_brand?post=27677"},{"taxonomy":"product_cat","embeddable":true,"href":"https:\/\/evasbff.com\/fr\/wp-json\/wp\/v2\/product_cat?post=27677"},{"taxonomy":"product_tag","embeddable":true,"href":"https:\/\/evasbff.com\/fr\/wp-json\/wp\/v2\/product_tag?post=27677"}],"curies":[{"name":"wp","href":"https:\/\/api.w.org\/{rel}","templated":true}]}}