{"id":27673,"date":"2025-05-16T05:32:05","date_gmt":"2025-05-16T05:32:05","guid":{"rendered":"https:\/\/evasbff.com\/?post_type=product&#038;p=27673"},"modified":"2026-04-30T20:15:03","modified_gmt":"2026-04-30T20:15:03","slug":"kristina-ploska-leko-puhkava-tchetka-za-senki","status":"publish","type":"product","link":"https:\/\/evasbff.com\/fr\/product\/kristina-flat-light-fluffy-tchetka-for-hay\/","title":{"rendered":"KRISTINA - Pinceau \u00e0 ombres plat et l\u00e9g\u00e8rement pelucheux"},"content":{"rendered":"","protected":false},"excerpt":{"rendered":"<p>J'en suis s\u00fbr. Tr\u00e8s bien. Toujours d'actualit\u00e9.<br \/>\nCon\u00e7u pour une application lisse et uniforme de l'ombre sur la paupi\u00e8re, Christina allie la pr\u00e9cision d'un pinceau plat \u00e0 la l\u00e9g\u00e8ret\u00e9 d'un embout l\u00e9g\u00e8rement arrondi.<br \/>\nFabriqu\u00e9 \u00e0 partir de poils de ch\u00e8vre naturels, il capture et lib\u00e8re facilement les pigments - id\u00e9al pour les applications \u00e9paisses et pour adoucir les contours.<br \/>\nConvient aux ombres en poudre et en cr\u00e8me.<br \/>\nChristina est cette amie qui rend tout meilleur - une force tranquille au style impeccable.<\/p>","protected":false},"featured_media":28141,"comment_status":"open","ping_status":"closed","template":"","meta":{"seo_title":"","seo_title_option":"custom","seo_description":"","seo_canonical":"","seo_keywords":"","seo_author":"","seo_author_url":"","seo_publisher":"","seo_og_image":""},"product_brand":[],"product_cat":[20],"product_tag":[],"class_list":{"0":"post-27673","1":"product","2":"type-product","3":"status-publish","4":"has-post-thumbnail","6":"product_cat-tchetki-za-grimirane","8":"first","9":"instock","10":"shipping-taxable","11":"purchasable","12":"product-type-simple"},"_links":{"self":[{"href":"https:\/\/evasbff.com\/fr\/wp-json\/wp\/v2\/product\/27673","targetHints":{"allow":["GET"]}}],"collection":[{"href":"https:\/\/evasbff.com\/fr\/wp-json\/wp\/v2\/product"}],"about":[{"href":"https:\/\/evasbff.com\/fr\/wp-json\/wp\/v2\/types\/product"}],"replies":[{"embeddable":true,"href":"https:\/\/evasbff.com\/fr\/wp-json\/wp\/v2\/comments?post=27673"}],"version-history":[{"count":3,"href":"https:\/\/evasbff.com\/fr\/wp-json\/wp\/v2\/product\/27673\/revisions"}],"predecessor-version":[{"id":27676,"href":"https:\/\/evasbff.com\/fr\/wp-json\/wp\/v2\/product\/27673\/revisions\/27676"}],"wp:featuredmedia":[{"embeddable":true,"href":"https:\/\/evasbff.com\/fr\/wp-json\/wp\/v2\/media\/28141"}],"wp:attachment":[{"href":"https:\/\/evasbff.com\/fr\/wp-json\/wp\/v2\/media?parent=27673"}],"wp:term":[{"taxonomy":"product_brand","embeddable":true,"href":"https:\/\/evasbff.com\/fr\/wp-json\/wp\/v2\/product_brand?post=27673"},{"taxonomy":"product_cat","embeddable":true,"href":"https:\/\/evasbff.com\/fr\/wp-json\/wp\/v2\/product_cat?post=27673"},{"taxonomy":"product_tag","embeddable":true,"href":"https:\/\/evasbff.com\/fr\/wp-json\/wp\/v2\/product_tag?post=27673"}],"curies":[{"name":"wp","href":"https:\/\/api.w.org\/{rel}","templated":true}]}}