{"id":27319,"date":"2025-04-28T19:56:26","date_gmt":"2025-04-28T19:56:26","guid":{"rendered":"https:\/\/evasbff.com\/?post_type=product&#038;p=27319"},"modified":"2026-04-30T20:15:03","modified_gmt":"2026-04-30T20:15:03","slug":"adriyana-blendirashta-tchetka-s-kupoloobrazen-vrah","status":"publish","type":"product","link":"https:\/\/evasbff.com\/fr\/product\/adriyana-blendirashta-tchetka-s-kupoloobrazen-murderer\/","title":{"rendered":"ADRIANA - Pinceau estompeur \u00e0 bout bomb\u00e9"},"content":{"rendered":"","protected":false},"excerpt":{"rendered":"<p>Pr\u00e9cision. Douceur. M\u00e9lange impeccable.<br \/>\nAdriana est faite pour ceux qui savent que le m\u00e9lange est essentiel. Elle est ronde,<br \/>\nSa forme en d\u00f4me et ses poils de ch\u00e8vre naturels en font un outil id\u00e9al pour estomper l'ombre en douceur et de fa\u00e7on homog\u00e8ne dans le creux de l'\u0153il ou sur l'ensemble de la paupi\u00e8re.<br \/>\nLes poils du pinceau sont extr\u00eamement doux, mais suffisamment fermes pour un travail contr\u00f4l\u00e9 - un choix favori des professionnels pour un fini impeccable.<br \/>\nAdriana est cette amie qui entre avec aisance, agit avec pr\u00e9cision et laisse un r\u00e9sultat que l'on n'oublie pas.<\/p>","protected":false},"featured_media":28130,"comment_status":"open","ping_status":"closed","template":"","meta":{"seo_title":"","seo_title_option":"custom","seo_description":"","seo_canonical":"","seo_keywords":"","seo_author":"","seo_author_url":"","seo_publisher":"","seo_og_image":""},"product_brand":[],"product_cat":[20],"product_tag":[],"class_list":{"0":"post-27319","1":"product","2":"type-product","3":"status-publish","4":"has-post-thumbnail","6":"product_cat-tchetki-za-grimirane","8":"first","9":"instock","10":"shipping-taxable","11":"purchasable","12":"product-type-simple"},"_links":{"self":[{"href":"https:\/\/evasbff.com\/fr\/wp-json\/wp\/v2\/product\/27319","targetHints":{"allow":["GET"]}}],"collection":[{"href":"https:\/\/evasbff.com\/fr\/wp-json\/wp\/v2\/product"}],"about":[{"href":"https:\/\/evasbff.com\/fr\/wp-json\/wp\/v2\/types\/product"}],"replies":[{"embeddable":true,"href":"https:\/\/evasbff.com\/fr\/wp-json\/wp\/v2\/comments?post=27319"}],"version-history":[{"count":5,"href":"https:\/\/evasbff.com\/fr\/wp-json\/wp\/v2\/product\/27319\/revisions"}],"predecessor-version":[{"id":27572,"href":"https:\/\/evasbff.com\/fr\/wp-json\/wp\/v2\/product\/27319\/revisions\/27572"}],"wp:featuredmedia":[{"embeddable":true,"href":"https:\/\/evasbff.com\/fr\/wp-json\/wp\/v2\/media\/28130"}],"wp:attachment":[{"href":"https:\/\/evasbff.com\/fr\/wp-json\/wp\/v2\/media?parent=27319"}],"wp:term":[{"taxonomy":"product_brand","embeddable":true,"href":"https:\/\/evasbff.com\/fr\/wp-json\/wp\/v2\/product_brand?post=27319"},{"taxonomy":"product_cat","embeddable":true,"href":"https:\/\/evasbff.com\/fr\/wp-json\/wp\/v2\/product_cat?post=27319"},{"taxonomy":"product_tag","embeddable":true,"href":"https:\/\/evasbff.com\/fr\/wp-json\/wp\/v2\/product_tag?post=27319"}],"curies":[{"name":"wp","href":"https:\/\/api.w.org\/{rel}","templated":true}]}}