{"id":28642,"date":"2025-06-21T10:32:04","date_gmt":"2025-06-21T10:32:04","guid":{"rendered":"https:\/\/evasbff.com\/?page_id=28642"},"modified":"2025-06-23T11:10:25","modified_gmt":"2025-06-23T11:10:25","slug":"obshti-usloviya-za-polzvane-na-uebsajta-evasbff-com","status":"publish","type":"page","link":"https:\/\/evasbff.com\/fr\/obshti-usloviya-za-polzvane-na-uebsajta-evasbff-com\/","title":{"rendered":"Conditions d'utilisation du site EVASBFF.COM"},"content":{"rendered":"<h3 class=\"wp-block-heading\">I. G\u00c9N\u00c9RALIT\u00c9S<\/h3>\n\n\n\n<p>Les pr\u00e9sentes conditions g\u00e9n\u00e9rales r\u00e9gissent les r\u00e8gles d'acc\u00e8s, d'utilisation et d'achat sur le site web. <strong><a class=\"\" href=\"https:\/\/evasbff.com\/fr\/\">www.evasbff.com<\/a><\/strong> (\u201esite web\u201c), appartenant \u00e0 <strong>Eva Art 21 Ltd.<\/strong>, dont le si\u00e8ge social et l'adresse de gestion sont : R\u00e9publique de Bulgarie, gr. Smolyan Str. 15B, inscrite au registre du commerce de l'agence d'enregistrement sous le num\u00e9ro UIC : <strong>204275632<\/strong>. Le directeur de l'entreprise est <strong>Elvira Dyulgerova<\/strong>.<\/p>\n\n\n\n<p>En acc\u00e9dant au site web, en consultant son contenu et en passant des commandes, vous reconnaissez avoir pris connaissance des pr\u00e9sentes conditions g\u00e9n\u00e9rales, les accepter et vous engager \u00e0 les respecter. Si vous ne les acceptez pas, veuillez ne pas utiliser le site web.<\/p>\n\n\n\n<p>Tous les textes, images, marques, graphiques, logos et autres informations figurant sur le site Internet sont la propri\u00e9t\u00e9 intellectuelle d'Eva Art 21 Ltd. et sont prot\u00e9g\u00e9s par la loi applicable. Leur utilisation est interdite sans l'autorisation \u00e9crite expresse de la soci\u00e9t\u00e9.<\/p>\n\n\n\n<p>L'acc\u00e8s au site web et les achats sont exclusivement destin\u00e9s \u00e0 des fins personnelles et non commerciales. Eva Art 21 Ltd ne peut \u00eatre tenue responsable de l'utilisation non autoris\u00e9e d'informations ou de contenus en violation du droit applicable.<\/p>\n\n\n\n<p>Les pr\u00e9sentes conditions g\u00e9n\u00e9rales peuvent \u00eatre modifi\u00e9es unilat\u00e9ralement par la soci\u00e9t\u00e9 et les modifications prendront effet \u00e0 compter de leur publication sur le site web.<\/p>\n\n\n\n<hr class=\"wp-block-separator has-alpha-channel-opacity\"\/>\n\n\n\n<h3 class=\"wp-block-heading\">II. COMMANDE DE PRODUITS<\/h3>\n\n\n\n<p>Produits de marque <strong>La meilleure amie d'Eva<\/strong>, propos\u00e9s sur le site Internet sont vendus directement par Eva Art 21 Ltd. Les commandes peuvent \u00eatre pass\u00e9es par l'interm\u00e9diaire de :<\/p>\n\n\n\n<ul class=\"wp-block-list\">\n<li>Site web de la boutique en ligne : <a class=\"\" href=\"https:\/\/evasbff.com\/fr\/\">www.evasbff.com<\/a><\/li>\n\n\n\n<li>Message sur le compte Instagram : <a href=\"https:\/\/www.instagram.com\/evasbff.probeauty\/\">@evasbff.probeauty\/<\/a><\/li>\n\n\n\n<li>Envoyer la demande de renseignements par courriel \u00e0 <strong><a>muse@evasbff.com<\/a><\/strong><\/li>\n<\/ul>\n\n\n\n<h4 class=\"wp-block-heading\">Processus de commande :<\/h4>\n\n\n\n<ol class=\"wp-block-list\">\n<li>S\u00e9lectionnez le produit souhait\u00e9 et ajoutez-le au panier.<\/li>\n\n\n\n<li>Compl\u00e9tez les d\u00e9tails de la livraison et confirmez la commande.<\/li>\n\n\n\n<li>Apr\u00e8s l'avoir envoy\u00e9, vous recevrez une confirmation \u00e0 l'adresse \u00e9lectronique fournie.<\/li>\n<\/ol>\n\n\n\n<p>La soci\u00e9t\u00e9 se r\u00e9serve le droit de refuser d'ex\u00e9cuter une commande si :<\/p>\n\n\n\n<ul class=\"wp-block-list\">\n<li>le manque de disponibilit\u00e9 ;<\/li>\n\n\n\n<li>des donn\u00e9es incompl\u00e8tes ou inexactes ;<\/li>\n\n\n\n<li>le soup\u00e7on d'actes r\u00e9pr\u00e9hensibles.<\/li>\n<\/ul>\n\n\n\n<p>D\u00e8s la confirmation de la commande, le client est tenu de payer.<\/p>\n\n\n\n<hr class=\"wp-block-separator has-alpha-channel-opacity\"\/>\n\n\n\n<h3 class=\"wp-block-heading\">III. PRIX ET CODES PROMO<\/h3>\n\n\n\n<p>Tous les prix sont exprim\u00e9s en leva bulgare, TVA comprise, sauf indication contraire. Chaque prix est \u00e9galement propos\u00e9 dans sa contre-valeur en euros, compte tenu de l'entr\u00e9e prochaine de la R\u00e9publique de Bulgarie dans la zone euro.<\/p>\n\n\n\n<p>Les codes promotionnels sont personnalis\u00e9s et ne peuvent \u00eatre \u00e9chang\u00e9s contre de l'argent. Ils sont appliqu\u00e9s selon les conditions sp\u00e9cifiques de chaque promotion.<\/p>\n\n\n\n<hr class=\"wp-block-separator has-alpha-channel-opacity\"\/>\n\n\n\n<h3 class=\"wp-block-heading\">IV. M\u00c9THODES DE PAIEMENT<\/h3>\n\n\n\n<p>Le paiement peut \u00eatre effectu\u00e9 de l'une des mani\u00e8res suivantes :<\/p>\n\n\n\n<ul class=\"wp-block-list\">\n<li><strong>Paiement \u00e0 la livraison<\/strong> (paiement \u00e0 la livraison) ;<\/li>\n\n\n\n<li><strong>Carte bancaire<\/strong> (d\u00e9bit ou cr\u00e9dit) par l'interm\u00e9diaire d'un terminal virtuel s\u00e9curis\u00e9 ;<\/li>\n<\/ul>\n\n\n\n<p>Eva's BFF ne conserve pas les donn\u00e9es de votre carte bancaire. Tous les paiements sont trait\u00e9s par des syst\u00e8mes de paiement certifi\u00e9s avec un haut niveau de s\u00e9curit\u00e9.<\/p>\n\n\n\n<hr class=\"wp-block-separator has-alpha-channel-opacity\"\/>\n\n\n\n<h3 class=\"wp-block-heading\">V. LIVRAISON<\/h3>\n\n\n\n<h4 class=\"wp-block-heading\">Prix :<\/h4>\n\n\n\n<ul class=\"wp-block-list\">\n<li>Livraison \u00e0 un bureau ou \u00e0 une adresse via  <strong>SIDA<\/strong> est calcul\u00e9 automatiquement lorsque la commande est termin\u00e9e.<\/li>\n\n\n\n<li>Pour les commandes sup\u00e9rieures \u00e0 <strong>100 lv.<\/strong>, La livraison \u00e0 un bureau de la SPIDI en Bulgarie se fait \u00e0 l'adresse suivante <strong>Gratuit<\/strong>.<\/li>\n<\/ul>\n\n\n\n<h4 class=\"wp-block-heading\">Dur\u00e9e :<\/h4>\n\n\n\n<ul class=\"wp-block-list\">\n<li>Les commandes pass\u00e9es en semaine avant 15h00 seront trait\u00e9es le jour m\u00eame.<\/li>\n\n\n\n<li>La livraison est normalement effectu\u00e9e dans un d\u00e9lai de 1 \u00e0 3 jours ouvrables.<\/li>\n\n\n\n<li>Les commandes pass\u00e9es apr\u00e8s 15 heures ou les jours f\u00e9ri\u00e9s sont trait\u00e9es le jour ouvrable suivant.<\/li>\n<\/ul>\n\n\n\n<p>Eva's BFF n'est pas responsable des retards caus\u00e9s par la soci\u00e9t\u00e9 de messagerie.<\/p>\n\n\n\n<hr class=\"wp-block-separator has-alpha-channel-opacity\"\/>\n\n\n\n<h3 class=\"wp-block-heading\">VI. ANNULATION ET RETOUR DES PRODUITS<\/h3>\n\n\n\n<p>En vertu de la loi sur la protection des consommateurs, vous avez le droit de renvoyer un produit sans donner de raison, dans les d\u00e9lais suivants <strong>14 jours<\/strong> de sa r\u00e9ception.<\/p>\n\n\n\n<p>N\u00e9cessaire :<\/p>\n\n\n\n<ul class=\"wp-block-list\">\n<li>Notifier par \u00e9crit \u00e0 l'entreprise <strong><a>muse@evasbff.com<\/a><\/strong>;<\/li>\n\n\n\n<li>Produit \u00e0 \u00eatre <strong>non utilis\u00e9, non ouvert et dans son emballage d'origine sans avoir \u00e9t\u00e9 utilis\u00e9 par le destinataire<\/strong>;<\/li>\n\n\n\n<li>Retour \u00e0 effectuer par <strong>SIDA<\/strong> \u00e0 vos frais dans les 7 jours suivant la demande.<\/li>\n<\/ul>\n\n\n\n<p>Remboursement :<\/p>\n\n\n\n<ul class=\"wp-block-list\">\n<li>Par la mani\u00e8re dont le paiement est effectu\u00e9 ;<\/li>\n\n\n\n<li>Dans les 30 jours ;<\/li>\n\n\n\n<li>Les frais d'exp\u00e9dition et de retour ne sont pas remboursables.<\/li>\n<\/ul>\n\n\n\n<p>Dans le cas o\u00f9 le produit ne peut \u00eatre retourn\u00e9, la soci\u00e9t\u00e9 se r\u00e9serve le droit de le conserver ou de vous le renvoyer \u00e0 vos frais.<\/p>\n\n\n\n<p>Les r\u00e9actions allergiques ou les intol\u00e9rances individuelles ne sont pas consid\u00e9r\u00e9es comme des motifs de retour.<\/p>\n\n\n\n<hr class=\"wp-block-separator has-alpha-channel-opacity\"\/>\n\n\n\n<h3 class=\"wp-block-heading\">VII. DONN\u00c9ES PERSONNELLES ET VIE PRIV\u00c9E<\/h3>\n\n\n\n<p>Eva Art 21 EOOD traite vos donn\u00e9es \u00e0 caract\u00e8re personnel conform\u00e9ment \u00e0 <strong>Loi sur la protection des donn\u00e9es personnelles<\/strong> \u0438 <strong>R\u00e8glement (UE) 2016\/679 (GDPR)<\/strong>.<\/p>\n\n\n\n<p>Nous ne recueillons que les donn\u00e9es n\u00e9cessaires au traitement et \u00e0 la livraison des commandes. Nous ne transmettons pas de donn\u00e9es personnelles \u00e0 des tiers, sauf si la loi l'exige ou \u00e0 des fins de livraison.<\/p>\n\n\n\n<p>Pour plus d'informations, veuillez consulter <strong>Politique de confidentialit\u00e9<\/strong>, disponible sur le site web.<\/p>\n\n\n\n<hr class=\"wp-block-separator has-alpha-channel-opacity\"\/>\n\n\n\n<p><strong>Derni\u00e8re date de mise \u00e0 jour : 21.06.2025.<\/strong><\/p>","protected":false},"excerpt":{"rendered":"<p>I. \u041e\u0411\u0429\u0418 \u041f\u041e\u041b\u041e\u0416\u0415\u041d\u0418\u042f \u041d\u0430\u0441\u0442\u043e\u044f\u0449\u0438\u0442\u0435 \u041e\u0431\u0449\u0438 \u0443\u0441\u043b\u043e\u0432\u0438\u044f \u0443\u0440\u0435\u0436\u0434\u0430\u0442 \u043f\u0440\u0430\u0432\u0438\u043b\u0430\u0442\u0430 \u0437\u0430 \u0434\u043e\u0441\u0442\u044a\u043f, \u0438\u0437\u043f\u043e\u043b\u0437\u0432\u0430\u043d\u0435 \u0438 \u043f\u0430\u0437\u0430\u0440\u0443\u0432\u0430\u043d\u0435 \u0447\u0440\u0435\u0437 \u0443\u0435\u0431\u0441\u0430\u0439\u0442\u0430 www.evasbff.com (\u201e\u0423\u0435\u0431\u0441\u0430\u0439\u0442\u201c), \u0441\u043e\u0431\u0441\u0442\u0432\u0435\u043d\u043e\u0441\u0442 \u043d\u0430 \u0415\u0432\u0430<\/p>","protected":false},"author":1,"featured_media":0,"parent":0,"menu_order":0,"comment_status":"closed","ping_status":"closed","template":"","meta":{"seo_title":"","seo_title_option":"custom","seo_description":"","seo_canonical":"","seo_keywords":"","seo_author":"","seo_author_url":"","seo_publisher":"","seo_og_image":"","footnotes":""},"class_list":["post-28642","page","type-page","status-publish","hentry"],"_links":{"self":[{"href":"https:\/\/evasbff.com\/fr\/wp-json\/wp\/v2\/pages\/28642","targetHints":{"allow":["GET"]}}],"collection":[{"href":"https:\/\/evasbff.com\/fr\/wp-json\/wp\/v2\/pages"}],"about":[{"href":"https:\/\/evasbff.com\/fr\/wp-json\/wp\/v2\/types\/page"}],"author":[{"embeddable":true,"href":"https:\/\/evasbff.com\/fr\/wp-json\/wp\/v2\/users\/1"}],"replies":[{"embeddable":true,"href":"https:\/\/evasbff.com\/fr\/wp-json\/wp\/v2\/comments?post=28642"}],"version-history":[{"count":7,"href":"https:\/\/evasbff.com\/fr\/wp-json\/wp\/v2\/pages\/28642\/revisions"}],"predecessor-version":[{"id":28654,"href":"https:\/\/evasbff.com\/fr\/wp-json\/wp\/v2\/pages\/28642\/revisions\/28654"}],"wp:attachment":[{"href":"https:\/\/evasbff.com\/fr\/wp-json\/wp\/v2\/media?parent=28642"}],"curies":[{"name":"wp","href":"https:\/\/api.w.org\/{rel}","templated":true}]}}