{"id":29000,"date":"2026-02-08T11:53:28","date_gmt":"2026-02-08T11:53:28","guid":{"rendered":"https:\/\/evasbff.com\/?post_type=product&#038;p=29000"},"modified":"2026-02-08T11:58:49","modified_gmt":"2026-02-08T11:58:49","slug":"evas-bff-pro-noir-blend-beauty-sponge-noir-in-shape","status":"publish","type":"product","link":"https:\/\/evasbff.com\/es\/product\/evas-bff-pro-noir-blend-esponja-de-belleza-noir-en-forma\/","title":{"rendered":"Esponja de Belleza Eva's BFF Pro Noir Blend - Noir in Shape"},"content":{"rendered":"","protected":false},"excerpt":{"rendered":"<h3>Perfecci\u00f3n. Facilidad. Pureza.<\/h3>\n<p>Esponja de maquillaje profesional de textura extremadamente fina y suave, dise\u00f1ada para una aplicaci\u00f3n y difuminado perfectos de productos l\u00edquidos y en crema.<\/p>\n<p>La forma Noir in Shape proporciona un control total a la hora de trabajar y permite una aplicaci\u00f3n uniforme de la base de maquillaje, as\u00ed como un trabajo preciso alrededor de los ojos, la nariz y el contorno facial. Tanto si prefiere la cl\u00e1sica forma de gota como la forma biselada, el resultado es un acabado natural, suave y profesional.<\/p>\n<p>La esponja absorbe una cantidad m\u00ednima de producto, no deja residuos y se adapta perfectamente a la piel, dejando una sensaci\u00f3n de ligereza y confort durante todo el d\u00eda.<\/p>\n<h4>Adecuado para:<\/h4>\n<ul>\n<li>tez<\/li>\n<li>corrector<\/li>\n<li>colorete en crema<\/li>\n<li>contorno cremoso<\/li>\n<\/ul>\n<h4>Caracter\u00edsticas:<\/h4>\n<ul>\n<li>sin l\u00e1tex<\/li>\n<li>sin ingredientes agresivos<\/li>\n<li>100% vegano y sin crueldad<\/li>\n<li>apto para uso profesional y dom\u00e9stico<\/li>\n<\/ul>\n<h5>EVA'S BFF Pro Noir Blend: cuando la forma crea la perfecci\u00f3n.<\/h5>\n<h3>Cuidados posteriores:<\/h3>\n<p>Moja la esponja con agua antes de cada uso. Escurra el exceso de l\u00edquido con cuidado (tambi\u00e9n puede utilizar un pa\u00f1o). L\u00e1vela con jab\u00f3n suave y agua tibia despu\u00e9s de cada uso. D\u00e9jala secar a temperatura ambiente, lista para tu pr\u00f3xima obra maestra.<\/p>","protected":false},"featured_media":29006,"comment_status":"open","ping_status":"closed","template":"","meta":{"seo_title":"","seo_title_option":"custom","seo_description":"","seo_canonical":"","seo_keywords":"","seo_author":"","seo_author_url":"","seo_publisher":"","seo_og_image":""},"product_brand":[],"product_cat":[71],"product_tag":[],"class_list":{"0":"post-29000","1":"product","2":"type-product","3":"status-publish","4":"has-post-thumbnail","6":"product_cat-gabi-za-grimirane","8":"first","9":"instock","10":"shipping-taxable","11":"purchasable","12":"product-type-simple"},"_links":{"self":[{"href":"https:\/\/evasbff.com\/es\/wp-json\/wp\/v2\/product\/29000","targetHints":{"allow":["GET"]}}],"collection":[{"href":"https:\/\/evasbff.com\/es\/wp-json\/wp\/v2\/product"}],"about":[{"href":"https:\/\/evasbff.com\/es\/wp-json\/wp\/v2\/types\/product"}],"replies":[{"embeddable":true,"href":"https:\/\/evasbff.com\/es\/wp-json\/wp\/v2\/comments?post=29000"}],"version-history":[{"count":1,"href":"https:\/\/evasbff.com\/es\/wp-json\/wp\/v2\/product\/29000\/revisions"}],"predecessor-version":[{"id":29007,"href":"https:\/\/evasbff.com\/es\/wp-json\/wp\/v2\/product\/29000\/revisions\/29007"}],"wp:featuredmedia":[{"embeddable":true,"href":"https:\/\/evasbff.com\/es\/wp-json\/wp\/v2\/media\/29006"}],"wp:attachment":[{"href":"https:\/\/evasbff.com\/es\/wp-json\/wp\/v2\/media?parent=29000"}],"wp:term":[{"taxonomy":"product_brand","embeddable":true,"href":"https:\/\/evasbff.com\/es\/wp-json\/wp\/v2\/product_brand?post=29000"},{"taxonomy":"product_cat","embeddable":true,"href":"https:\/\/evasbff.com\/es\/wp-json\/wp\/v2\/product_cat?post=29000"},{"taxonomy":"product_tag","embeddable":true,"href":"https:\/\/evasbff.com\/es\/wp-json\/wp\/v2\/product_tag?post=29000"}],"curies":[{"name":"wp","href":"https:\/\/api.w.org\/{rel}","templated":true}]}}