{"id":27704,"date":"2025-05-16T05:48:45","date_gmt":"2025-05-16T05:48:45","guid":{"rendered":"https:\/\/evasbff.com\/?post_type=product&#038;p=27704"},"modified":"2026-04-19T05:42:47","modified_gmt":"2026-04-19T05:42:47","slug":"evas-bff-pro-pure-white-beauty-sponge","status":"publish","type":"product","link":"https:\/\/evasbff.com\/es\/product\/esponja-de-belleza-evas-bff-pro-pure-white\/","title":{"rendered":"Esponja de Belleza Eva's Bff Pro Pure White"},"content":{"rendered":"","protected":false},"excerpt":{"rendered":"<h3>Perfecci\u00f3n. Facilidad. Pureza.<\/h3>\n<p>- Sin l\u00e1tex<br \/>\n- Sin ingredientes agresivos<br \/>\n- 100% Vegano, sin crueldad<\/p>\n<p>Sum\u00e9rjase en el lujo de una aplicaci\u00f3n de maquillaje impecable con <strong>Esponja de Belleza Eva's bff Pro Pure White<\/strong> - la esponja m\u00e1s fina y cuidada que tocar\u00e1 su rostro. Fabricada en blanco cristal y en negro intenso, es un s\u00edmbolo de pureza, delicadeza y profesionalidad.<\/p>\n<p>Fabricada con espuma antibacteriana e hipoalerg\u00e9nica, no s\u00f3lo cuida de su bonito maquillaje, sino tambi\u00e9n de la salud de su piel. Sin l\u00e1tex ni productos qu\u00edmicos nocivos: apta incluso para las pieles m\u00e1s sensibles.<\/p>\n<p>Dise\u00f1ada para moverse con usted, la esponja difumina la base de maquillaje, el corrector y otros productos con facilidad, dejando un acabado suave, uniforme y radiante. Llega a todas las curvas del rostro y se funde con la piel como una segunda naturaleza: sin rayas, sin esfuerzo.<\/p>\n<h4>Cuidados posteriores:<\/h4>\n<p>Moja la esponja con agua antes de cada uso. Escurra el exceso de l\u00edquido con cuidado (tambi\u00e9n puede utilizar un pa\u00f1o). L\u00e1vela con jab\u00f3n suave y agua tibia despu\u00e9s de cada uso. D\u00e9jala secar a temperatura ambiente, lista para tu pr\u00f3xima obra maestra.<\/p>","protected":false},"featured_media":28139,"comment_status":"open","ping_status":"closed","template":"","meta":{"seo_title":"","seo_title_option":"custom","seo_description":"","seo_canonical":"","seo_keywords":"","seo_author":"","seo_author_url":"","seo_publisher":"","seo_og_image":""},"product_brand":[],"product_cat":[71],"product_tag":[],"class_list":{"0":"post-27704","1":"product","2":"type-product","3":"status-publish","4":"has-post-thumbnail","6":"product_cat-gabi-za-grimirane","8":"first","9":"instock","10":"shipping-taxable","11":"purchasable","12":"product-type-simple"},"_links":{"self":[{"href":"https:\/\/evasbff.com\/es\/wp-json\/wp\/v2\/product\/27704","targetHints":{"allow":["GET"]}}],"collection":[{"href":"https:\/\/evasbff.com\/es\/wp-json\/wp\/v2\/product"}],"about":[{"href":"https:\/\/evasbff.com\/es\/wp-json\/wp\/v2\/types\/product"}],"replies":[{"embeddable":true,"href":"https:\/\/evasbff.com\/es\/wp-json\/wp\/v2\/comments?post=27704"}],"version-history":[{"count":5,"href":"https:\/\/evasbff.com\/es\/wp-json\/wp\/v2\/product\/27704\/revisions"}],"predecessor-version":[{"id":28635,"href":"https:\/\/evasbff.com\/es\/wp-json\/wp\/v2\/product\/27704\/revisions\/28635"}],"wp:featuredmedia":[{"embeddable":true,"href":"https:\/\/evasbff.com\/es\/wp-json\/wp\/v2\/media\/28139"}],"wp:attachment":[{"href":"https:\/\/evasbff.com\/es\/wp-json\/wp\/v2\/media?parent=27704"}],"wp:term":[{"taxonomy":"product_brand","embeddable":true,"href":"https:\/\/evasbff.com\/es\/wp-json\/wp\/v2\/product_brand?post=27704"},{"taxonomy":"product_cat","embeddable":true,"href":"https:\/\/evasbff.com\/es\/wp-json\/wp\/v2\/product_cat?post=27704"},{"taxonomy":"product_tag","embeddable":true,"href":"https:\/\/evasbff.com\/es\/wp-json\/wp\/v2\/product_tag?post=27704"}],"curies":[{"name":"wp","href":"https:\/\/api.w.org\/{rel}","templated":true}]}}