{"id":27696,"date":"2025-05-16T05:42:18","date_gmt":"2025-05-16T05:42:18","guid":{"rendered":"https:\/\/evasbff.com\/?post_type=product&#038;p=27696"},"modified":"2026-04-30T20:15:03","modified_gmt":"2026-04-30T20:15:03","slug":"eli-pretsizna-tchetka-s-plamakoviden-vrah-ot-kosam-na-poni","status":"publish","type":"product","link":"https:\/\/evasbff.com\/es\/product\/eli-pretsizna-tchetka-s-flamakoviden-killer-ot-kosam-na-poni\/","title":{"rendered":"O - Cepillo de precisi\u00f3n con punta de pelo de poni en forma de llama"},"content":{"rendered":"","protected":false},"excerpt":{"rendered":"<p>Ternura. Control. Acabado perfecto.<\/p>\n<p>Elli es un pincel delicado y extremadamente fino, dise\u00f1ado para difuminar y aplicar sombras con precisi\u00f3n en las zonas m\u00e1s peque\u00f1as y sensibles. Las cerdas de poni son suaves pero ligeramente el\u00e1sticas, lo que la hace ideal para perfilar detalles en el pliegue, el \u00e1ngulo interno o debajo del p\u00e1rpado inferior.<\/p>\n<p>Es la elecci\u00f3n perfecta cuando se desea que el pigmento se extienda como el humo: sin bordes, sin esfuerzo.<\/p>","protected":false},"featured_media":28135,"comment_status":"open","ping_status":"closed","template":"","meta":{"seo_title":"","seo_title_option":"custom","seo_description":"","seo_canonical":"","seo_keywords":"","seo_author":"","seo_author_url":"","seo_publisher":"","seo_og_image":""},"product_brand":[],"product_cat":[20],"product_tag":[],"class_list":{"0":"post-27696","1":"product","2":"type-product","3":"status-publish","4":"has-post-thumbnail","6":"product_cat-tchetki-za-grimirane","8":"first","9":"instock","10":"shipping-taxable","11":"purchasable","12":"product-type-simple"},"_links":{"self":[{"href":"https:\/\/evasbff.com\/es\/wp-json\/wp\/v2\/product\/27696","targetHints":{"allow":["GET"]}}],"collection":[{"href":"https:\/\/evasbff.com\/es\/wp-json\/wp\/v2\/product"}],"about":[{"href":"https:\/\/evasbff.com\/es\/wp-json\/wp\/v2\/types\/product"}],"replies":[{"embeddable":true,"href":"https:\/\/evasbff.com\/es\/wp-json\/wp\/v2\/comments?post=27696"}],"version-history":[{"count":2,"href":"https:\/\/evasbff.com\/es\/wp-json\/wp\/v2\/product\/27696\/revisions"}],"predecessor-version":[{"id":27700,"href":"https:\/\/evasbff.com\/es\/wp-json\/wp\/v2\/product\/27696\/revisions\/27700"}],"wp:featuredmedia":[{"embeddable":true,"href":"https:\/\/evasbff.com\/es\/wp-json\/wp\/v2\/media\/28135"}],"wp:attachment":[{"href":"https:\/\/evasbff.com\/es\/wp-json\/wp\/v2\/media?parent=27696"}],"wp:term":[{"taxonomy":"product_brand","embeddable":true,"href":"https:\/\/evasbff.com\/es\/wp-json\/wp\/v2\/product_brand?post=27696"},{"taxonomy":"product_cat","embeddable":true,"href":"https:\/\/evasbff.com\/es\/wp-json\/wp\/v2\/product_cat?post=27696"},{"taxonomy":"product_tag","embeddable":true,"href":"https:\/\/evasbff.com\/es\/wp-json\/wp\/v2\/product_tag?post=27696"}],"curies":[{"name":"wp","href":"https:\/\/api.w.org\/{rel}","templated":true}]}}