{"id":27694,"date":"2025-05-16T05:41:36","date_gmt":"2025-05-16T05:41:36","guid":{"rendered":"https:\/\/evasbff.com\/?post_type=product&#038;p=27694"},"modified":"2026-04-30T20:15:03","modified_gmt":"2026-04-30T20:15:03","slug":"gabriela-delikatnost-pretsiznost-izyashtno-prelivane","status":"publish","type":"product","link":"https:\/\/evasbff.com\/es\/product\/gabriela-delicadeza-pretsiznost-izyashtno-prelivane\/","title":{"rendered":"GABRIELA - Delicadeza, precisi\u00f3n, mezcla exquisita"},"content":{"rendered":"","protected":false},"excerpt":{"rendered":"<p>Gabriella es ideal para difuminar y aplicar sombras en zonas peque\u00f1as: el pliegue del ojo, el \u00e1ngulo externo o debajo del p\u00e1rpado inferior. El pelo de ardilla proporciona una suavidad y un control excepcionales, mientras que la punta afilada en forma de llama permite crear una profundidad y un detalle precisos.<\/p>\n<p>El mejor resultado al mezclar colores oscuros o saturados cuando la sutileza lo es todo.<\/p>","protected":false},"featured_media":28140,"comment_status":"open","ping_status":"closed","template":"","meta":{"seo_title":"","seo_title_option":"custom","seo_description":"","seo_canonical":"","seo_keywords":"","seo_author":"","seo_author_url":"","seo_publisher":"","seo_og_image":""},"product_brand":[],"product_cat":[20],"product_tag":[],"class_list":{"0":"post-27694","1":"product","2":"type-product","3":"status-publish","4":"has-post-thumbnail","6":"product_cat-tchetki-za-grimirane","8":"first","9":"instock","10":"shipping-taxable","11":"purchasable","12":"product-type-simple"},"_links":{"self":[{"href":"https:\/\/evasbff.com\/es\/wp-json\/wp\/v2\/product\/27694","targetHints":{"allow":["GET"]}}],"collection":[{"href":"https:\/\/evasbff.com\/es\/wp-json\/wp\/v2\/product"}],"about":[{"href":"https:\/\/evasbff.com\/es\/wp-json\/wp\/v2\/types\/product"}],"replies":[{"embeddable":true,"href":"https:\/\/evasbff.com\/es\/wp-json\/wp\/v2\/comments?post=27694"}],"version-history":[{"count":1,"href":"https:\/\/evasbff.com\/es\/wp-json\/wp\/v2\/product\/27694\/revisions"}],"predecessor-version":[{"id":27695,"href":"https:\/\/evasbff.com\/es\/wp-json\/wp\/v2\/product\/27694\/revisions\/27695"}],"wp:featuredmedia":[{"embeddable":true,"href":"https:\/\/evasbff.com\/es\/wp-json\/wp\/v2\/media\/28140"}],"wp:attachment":[{"href":"https:\/\/evasbff.com\/es\/wp-json\/wp\/v2\/media?parent=27694"}],"wp:term":[{"taxonomy":"product_brand","embeddable":true,"href":"https:\/\/evasbff.com\/es\/wp-json\/wp\/v2\/product_brand?post=27694"},{"taxonomy":"product_cat","embeddable":true,"href":"https:\/\/evasbff.com\/es\/wp-json\/wp\/v2\/product_cat?post=27694"},{"taxonomy":"product_tag","embeddable":true,"href":"https:\/\/evasbff.com\/es\/wp-json\/wp\/v2\/product_tag?post=27694"}],"curies":[{"name":"wp","href":"https:\/\/api.w.org\/{rel}","templated":true}]}}