{"id":27686,"date":"2025-05-16T05:38:17","date_gmt":"2025-05-16T05:38:17","guid":{"rendered":"https:\/\/evasbff.com\/?post_type=product&#038;p=27686"},"modified":"2026-04-30T20:15:02","modified_gmt":"2026-04-30T20:15:02","slug":"suzana-tchetka-za-fon-do-ten-ot-visokokatchestven-sintetitchen-kosam","status":"publish","type":"product","link":"https:\/\/evasbff.com\/es\/product\/suzana-tchetka-za-fon-do-ten-ot-visokokatchestven-sintetitchen-kosam\/","title":{"rendered":"SUZANA - Brocha para maquillaje de cerdas sint\u00e9ticas de alta calidad"},"content":{"rendered":"","protected":false},"excerpt":{"rendered":"<p>Cobertura. Desbordamiento. Perfecci\u00f3n.<\/p>\n<p>Susanna es el est\u00e1ndar de oro cuando se trata de una base de maquillaje suave y natural. Fabricada con pelo sint\u00e9tico de alta densidad y calidad, funciona con f\u00f3rmulas l\u00edquidas y en crema, y se aplica uniformemente sin dejar vetas ni acumulaciones.<\/p>\n<p>Ideal no s\u00f3lo para la base de maquillaje, sino tambi\u00e9n como base facial, crema difuminadora de contorno y colorete, es un h\u00e9roe multifuncional en su rutina.<\/p>","protected":false},"featured_media":28144,"comment_status":"open","ping_status":"closed","template":"","meta":{"seo_title":"","seo_title_option":"custom","seo_description":"","seo_canonical":"","seo_keywords":"","seo_author":"","seo_author_url":"","seo_publisher":"","seo_og_image":""},"product_brand":[],"product_cat":[20],"product_tag":[],"class_list":{"0":"post-27686","1":"product","2":"type-product","3":"status-publish","4":"has-post-thumbnail","6":"product_cat-tchetki-za-grimirane","8":"first","9":"instock","10":"shipping-taxable","11":"purchasable","12":"product-type-simple"},"_links":{"self":[{"href":"https:\/\/evasbff.com\/es\/wp-json\/wp\/v2\/product\/27686","targetHints":{"allow":["GET"]}}],"collection":[{"href":"https:\/\/evasbff.com\/es\/wp-json\/wp\/v2\/product"}],"about":[{"href":"https:\/\/evasbff.com\/es\/wp-json\/wp\/v2\/types\/product"}],"replies":[{"embeddable":true,"href":"https:\/\/evasbff.com\/es\/wp-json\/wp\/v2\/comments?post=27686"}],"version-history":[{"count":1,"href":"https:\/\/evasbff.com\/es\/wp-json\/wp\/v2\/product\/27686\/revisions"}],"predecessor-version":[{"id":27687,"href":"https:\/\/evasbff.com\/es\/wp-json\/wp\/v2\/product\/27686\/revisions\/27687"}],"wp:featuredmedia":[{"embeddable":true,"href":"https:\/\/evasbff.com\/es\/wp-json\/wp\/v2\/media\/28144"}],"wp:attachment":[{"href":"https:\/\/evasbff.com\/es\/wp-json\/wp\/v2\/media?parent=27686"}],"wp:term":[{"taxonomy":"product_brand","embeddable":true,"href":"https:\/\/evasbff.com\/es\/wp-json\/wp\/v2\/product_brand?post=27686"},{"taxonomy":"product_cat","embeddable":true,"href":"https:\/\/evasbff.com\/es\/wp-json\/wp\/v2\/product_cat?post=27686"},{"taxonomy":"product_tag","embeddable":true,"href":"https:\/\/evasbff.com\/es\/wp-json\/wp\/v2\/product_tag?post=27686"}],"curies":[{"name":"wp","href":"https:\/\/api.w.org\/{rel}","templated":true}]}}