{"id":27681,"date":"2025-05-16T05:35:53","date_gmt":"2025-05-16T05:35:53","guid":{"rendered":"https:\/\/evasbff.com\/?post_type=product&#038;p=27681"},"modified":"2026-03-11T12:58:47","modified_gmt":"2026-03-11T12:58:47","slug":"tedi-tvoeto-tajno-orazhie-za-savarshenata-otchna-liniya","status":"publish","type":"product","link":"https:\/\/evasbff.com\/es\/product\/ahora-su-receta-secreta-para-la-savarshenata-otchna-liniya\/","title":{"rendered":"TEDI: su arma secreta para un delineado perfecto"},"content":{"rendered":"","protected":false},"excerpt":{"rendered":"<p>Sutil, preciso y extremadamente resistente, Teddy es el pincel que convierte cualquier look en una declaraci\u00f3n de intenciones. Con sus cerdas sint\u00e9ticas y su punta ultrafina, crea l\u00edneas delicadas o dram\u00e1ticos efectos felinos con facilidad.<\/p>\n<p>Perfecto para aplicar delineador en gel, crema o l\u00edquido. Teddy no se inmuta. Sabe que cada l\u00ednea importa.<\/p>","protected":false},"featured_media":28147,"comment_status":"open","ping_status":"closed","template":"","meta":{"seo_title":"","seo_title_option":"custom","seo_description":"","seo_canonical":"","seo_keywords":"","seo_author":"","seo_author_url":"","seo_publisher":"","seo_og_image":""},"product_brand":[],"product_cat":[20],"product_tag":[],"class_list":{"0":"post-27681","1":"product","2":"type-product","3":"status-publish","4":"has-post-thumbnail","6":"product_cat-tchetki-za-grimirane","8":"first","9":"instock","10":"shipping-taxable","11":"purchasable","12":"product-type-simple"},"_links":{"self":[{"href":"https:\/\/evasbff.com\/es\/wp-json\/wp\/v2\/product\/27681","targetHints":{"allow":["GET"]}}],"collection":[{"href":"https:\/\/evasbff.com\/es\/wp-json\/wp\/v2\/product"}],"about":[{"href":"https:\/\/evasbff.com\/es\/wp-json\/wp\/v2\/types\/product"}],"replies":[{"embeddable":true,"href":"https:\/\/evasbff.com\/es\/wp-json\/wp\/v2\/comments?post=27681"}],"version-history":[{"count":2,"href":"https:\/\/evasbff.com\/es\/wp-json\/wp\/v2\/product\/27681\/revisions"}],"predecessor-version":[{"id":28585,"href":"https:\/\/evasbff.com\/es\/wp-json\/wp\/v2\/product\/27681\/revisions\/28585"}],"wp:featuredmedia":[{"embeddable":true,"href":"https:\/\/evasbff.com\/es\/wp-json\/wp\/v2\/media\/28147"}],"wp:attachment":[{"href":"https:\/\/evasbff.com\/es\/wp-json\/wp\/v2\/media?parent=27681"}],"wp:term":[{"taxonomy":"product_brand","embeddable":true,"href":"https:\/\/evasbff.com\/es\/wp-json\/wp\/v2\/product_brand?post=27681"},{"taxonomy":"product_cat","embeddable":true,"href":"https:\/\/evasbff.com\/es\/wp-json\/wp\/v2\/product_cat?post=27681"},{"taxonomy":"product_tag","embeddable":true,"href":"https:\/\/evasbff.com\/es\/wp-json\/wp\/v2\/product_tag?post=27681"}],"curies":[{"name":"wp","href":"https:\/\/api.w.org\/{rel}","templated":true}]}}