{"id":27679,"date":"2025-05-16T05:35:03","date_gmt":"2025-05-16T05:35:03","guid":{"rendered":"https:\/\/evasbff.com\/?post_type=product&#038;p=27679"},"modified":"2026-04-30T16:48:38","modified_gmt":"2026-04-30T16:48:38","slug":"dimi-za-pretsizni-vezhdi-i-uverenost-v-edin-zamah","status":"publish","type":"product","link":"https:\/\/evasbff.com\/es\/product\/los-dias-del-bono-y-la-fe-previos-a-la-crisis-de-un-plumazo\/","title":{"rendered":"DIMI - para unas cejas precisas y seguras de un solo golpe"},"content":{"rendered":"","protected":false},"excerpt":{"rendered":"<p>Fiel, preciso y siempre a punto: el cepillo Dimi es una herramienta indispensable para dar forma a unas cejas perfectas. Fabricado con cerdas sint\u00e9ticas de alta calidad, ofrece una punta tensa y precisa que permite un control absoluto en cada movimiento.<\/p>\n<p>Facilita la aplicaci\u00f3n de polvos, cremas o geles para unas cejas naturales o marcadas: t\u00fa eliges. Tambi\u00e9n es adecuado para contornear el p\u00e1rpado inferior con f\u00f3rmulas en gel\/crema.<\/p>","protected":false},"featured_media":28132,"comment_status":"open","ping_status":"closed","template":"","meta":{"seo_title":"","seo_title_option":"custom","seo_description":"","seo_canonical":"","seo_keywords":"","seo_author":"","seo_author_url":"","seo_publisher":"","seo_og_image":""},"product_brand":[],"product_cat":[20],"product_tag":[],"class_list":{"0":"post-27679","1":"product","2":"type-product","3":"status-publish","4":"has-post-thumbnail","6":"product_cat-tchetki-za-grimirane","8":"first","9":"instock","10":"shipping-taxable","11":"purchasable","12":"product-type-simple"},"_links":{"self":[{"href":"https:\/\/evasbff.com\/es\/wp-json\/wp\/v2\/product\/27679","targetHints":{"allow":["GET"]}}],"collection":[{"href":"https:\/\/evasbff.com\/es\/wp-json\/wp\/v2\/product"}],"about":[{"href":"https:\/\/evasbff.com\/es\/wp-json\/wp\/v2\/types\/product"}],"replies":[{"embeddable":true,"href":"https:\/\/evasbff.com\/es\/wp-json\/wp\/v2\/comments?post=27679"}],"version-history":[{"count":2,"href":"https:\/\/evasbff.com\/es\/wp-json\/wp\/v2\/product\/27679\/revisions"}],"predecessor-version":[{"id":28586,"href":"https:\/\/evasbff.com\/es\/wp-json\/wp\/v2\/product\/27679\/revisions\/28586"}],"wp:featuredmedia":[{"embeddable":true,"href":"https:\/\/evasbff.com\/es\/wp-json\/wp\/v2\/media\/28132"}],"wp:attachment":[{"href":"https:\/\/evasbff.com\/es\/wp-json\/wp\/v2\/media?parent=27679"}],"wp:term":[{"taxonomy":"product_brand","embeddable":true,"href":"https:\/\/evasbff.com\/es\/wp-json\/wp\/v2\/product_brand?post=27679"},{"taxonomy":"product_cat","embeddable":true,"href":"https:\/\/evasbff.com\/es\/wp-json\/wp\/v2\/product_cat?post=27679"},{"taxonomy":"product_tag","embeddable":true,"href":"https:\/\/evasbff.com\/es\/wp-json\/wp\/v2\/product_tag?post=27679"}],"curies":[{"name":"wp","href":"https:\/\/api.w.org\/{rel}","templated":true}]}}