{"id":27677,"date":"2025-05-16T05:34:26","date_gmt":"2025-05-16T05:34:26","guid":{"rendered":"https:\/\/evasbff.com\/?post_type=product&#038;p=27677"},"modified":"2026-03-11T12:58:47","modified_gmt":"2026-03-11T12:58:47","slug":"dilyana-tchetka-tip-moliv","status":"publish","type":"product","link":"https:\/\/evasbff.com\/es\/product\/dilyana-tchetka-punta-moliv\/","title":{"rendered":"DILANA - Pincel para l\u00e1piz"},"content":{"rendered":"","protected":false},"excerpt":{"rendered":"<p>Sutileza en los detalles. Ligereza en la precisi\u00f3n.<br \/>\nDiliana es la m\u00e1s delicada de la colecci\u00f3n, la \u00fanica con pelo de cabra natural blanco, creada para degradados precisos, mechas y trabajos en el p\u00e1rpado inferior.<br \/>\nSu punta c\u00f3nica permite un sombreado controlado en el pliegue, en el interior<br \/>\nLa suavidad del vello hace que cada movimiento sea suave y sin esfuerzo.<br \/>\nDiliana es esa amiga que se fija en las cosas m\u00e1s peque\u00f1as y las hace bellas.<\/p>","protected":false},"featured_media":28131,"comment_status":"open","ping_status":"closed","template":"","meta":{"seo_title":"","seo_title_option":"custom","seo_description":"","seo_canonical":"","seo_keywords":"","seo_author":"","seo_author_url":"","seo_publisher":"","seo_og_image":""},"product_brand":[],"product_cat":[20],"product_tag":[],"class_list":{"0":"post-27677","1":"product","2":"type-product","3":"status-publish","4":"has-post-thumbnail","6":"product_cat-tchetki-za-grimirane","8":"first","9":"instock","10":"shipping-taxable","11":"purchasable","12":"product-type-simple"},"_links":{"self":[{"href":"https:\/\/evasbff.com\/es\/wp-json\/wp\/v2\/product\/27677","targetHints":{"allow":["GET"]}}],"collection":[{"href":"https:\/\/evasbff.com\/es\/wp-json\/wp\/v2\/product"}],"about":[{"href":"https:\/\/evasbff.com\/es\/wp-json\/wp\/v2\/types\/product"}],"replies":[{"embeddable":true,"href":"https:\/\/evasbff.com\/es\/wp-json\/wp\/v2\/comments?post=27677"}],"version-history":[{"count":1,"href":"https:\/\/evasbff.com\/es\/wp-json\/wp\/v2\/product\/27677\/revisions"}],"predecessor-version":[{"id":27678,"href":"https:\/\/evasbff.com\/es\/wp-json\/wp\/v2\/product\/27677\/revisions\/27678"}],"wp:featuredmedia":[{"embeddable":true,"href":"https:\/\/evasbff.com\/es\/wp-json\/wp\/v2\/media\/28131"}],"wp:attachment":[{"href":"https:\/\/evasbff.com\/es\/wp-json\/wp\/v2\/media?parent=27677"}],"wp:term":[{"taxonomy":"product_brand","embeddable":true,"href":"https:\/\/evasbff.com\/es\/wp-json\/wp\/v2\/product_brand?post=27677"},{"taxonomy":"product_cat","embeddable":true,"href":"https:\/\/evasbff.com\/es\/wp-json\/wp\/v2\/product_cat?post=27677"},{"taxonomy":"product_tag","embeddable":true,"href":"https:\/\/evasbff.com\/es\/wp-json\/wp\/v2\/product_tag?post=27677"}],"curies":[{"name":"wp","href":"https:\/\/api.w.org\/{rel}","templated":true}]}}