{"id":27673,"date":"2025-05-16T05:32:05","date_gmt":"2025-05-16T05:32:05","guid":{"rendered":"https:\/\/evasbff.com\/?post_type=product&#038;p=27673"},"modified":"2026-04-12T17:28:30","modified_gmt":"2026-04-12T17:28:30","slug":"kristina-ploska-leko-puhkava-tchetka-za-senki","status":"publish","type":"product","link":"https:\/\/evasbff.com\/es\/product\/kristina-flat-light-fluffy-tchetka-para-heno\/","title":{"rendered":"KRISTINA - Pincel para sombras plano y ligeramente esponjoso"},"content":{"rendered":"","protected":false},"excerpt":{"rendered":"<p>Estoy segura. Bien. Siempre a punto.<br \/>\nDise\u00f1ada para una aplicaci\u00f3n suave y uniforme de la sombra en el p\u00e1rpado, Christina combina la precisi\u00f3n de un pincel plano con la ligereza de una punta suavemente redondeada.<br \/>\nFabricada con pelo natural de cabra, captura y libera el pigmento con facilidad, ideal tanto para aplicaciones gruesas como para suavizar los bordes.<br \/>\nAdecuado para sombras en polvo y en crema.<br \/>\nChristina es esa amiga que hace que todo sea mejor: una fuerza silenciosa con un estilo impecable.<\/p>","protected":false},"featured_media":28141,"comment_status":"open","ping_status":"closed","template":"","meta":{"seo_title":"","seo_title_option":"custom","seo_description":"","seo_canonical":"","seo_keywords":"","seo_author":"","seo_author_url":"","seo_publisher":"","seo_og_image":""},"product_brand":[],"product_cat":[20],"product_tag":[],"class_list":{"0":"post-27673","1":"product","2":"type-product","3":"status-publish","4":"has-post-thumbnail","6":"product_cat-tchetki-za-grimirane","8":"first","9":"instock","10":"shipping-taxable","11":"purchasable","12":"product-type-simple"},"_links":{"self":[{"href":"https:\/\/evasbff.com\/es\/wp-json\/wp\/v2\/product\/27673","targetHints":{"allow":["GET"]}}],"collection":[{"href":"https:\/\/evasbff.com\/es\/wp-json\/wp\/v2\/product"}],"about":[{"href":"https:\/\/evasbff.com\/es\/wp-json\/wp\/v2\/types\/product"}],"replies":[{"embeddable":true,"href":"https:\/\/evasbff.com\/es\/wp-json\/wp\/v2\/comments?post=27673"}],"version-history":[{"count":3,"href":"https:\/\/evasbff.com\/es\/wp-json\/wp\/v2\/product\/27673\/revisions"}],"predecessor-version":[{"id":27676,"href":"https:\/\/evasbff.com\/es\/wp-json\/wp\/v2\/product\/27673\/revisions\/27676"}],"wp:featuredmedia":[{"embeddable":true,"href":"https:\/\/evasbff.com\/es\/wp-json\/wp\/v2\/media\/28141"}],"wp:attachment":[{"href":"https:\/\/evasbff.com\/es\/wp-json\/wp\/v2\/media?parent=27673"}],"wp:term":[{"taxonomy":"product_brand","embeddable":true,"href":"https:\/\/evasbff.com\/es\/wp-json\/wp\/v2\/product_brand?post=27673"},{"taxonomy":"product_cat","embeddable":true,"href":"https:\/\/evasbff.com\/es\/wp-json\/wp\/v2\/product_cat?post=27673"},{"taxonomy":"product_tag","embeddable":true,"href":"https:\/\/evasbff.com\/es\/wp-json\/wp\/v2\/product_tag?post=27673"}],"curies":[{"name":"wp","href":"https:\/\/api.w.org\/{rel}","templated":true}]}}