{"id":28642,"date":"2025-06-21T10:32:04","date_gmt":"2025-06-21T10:32:04","guid":{"rendered":"https:\/\/evasbff.com\/?page_id=28642"},"modified":"2025-06-23T11:10:25","modified_gmt":"2025-06-23T11:10:25","slug":"obshti-usloviya-za-polzvane-na-uebsajta-evasbff-com","status":"publish","type":"page","link":"https:\/\/evasbff.com\/es\/obshti-usloviya-za-polzvane-na-uebsajta-evasbff-com\/","title":{"rendered":"Condiciones de uso del sitio web EVASBFF.COM"},"content":{"rendered":"<h3 class=\"wp-block-heading\">I. GENERAL<\/h3>\n\n\n\n<p>Las presentes Condiciones Generales regulan las normas de acceso, uso y compra a trav\u00e9s del sitio web <strong><a class=\"\" href=\"https:\/\/evasbff.com\/es\/\">www.evasbff.com<\/a><\/strong> (\u201eSitio web\u201c), propiedad de <strong>Eva Art 21 Ltd.<\/strong>, con domicilio social y direcci\u00f3n: Rep\u00fablica de Bulgaria, gr. Smolyan Str. 15B, inscrita en el Registro Mercantil de la Agencia de Registro con UIC: <strong>204275632<\/strong>. El gerente de la empresa es <strong>Elvira Dyulgerova<\/strong>.<\/p>\n\n\n\n<p>Al acceder al sitio web, consultar su contenido y realizar pedidos, usted reconoce que conoce estas condiciones, las acepta y se compromete a cumplirlas. Si no los acepta, le rogamos que no utilice el sitio web.<\/p>\n\n\n\n<p>Todos los textos, im\u00e1genes, marcas comerciales, gr\u00e1ficos, logotipos y dem\u00e1s informaci\u00f3n del Sitio Web son propiedad intelectual de Eva Art 21 Ltd. y est\u00e1n protegidos por la legislaci\u00f3n aplicable. Queda prohibido su uso sin el consentimiento expreso por escrito de la Empresa.<\/p>\n\n\n\n<p>El acceso al Sitio Web y la realizaci\u00f3n de compras tienen fines exclusivamente personales y no comerciales. Eva Art 21 Ltd no ser\u00e1 responsable del uso no autorizado de informaci\u00f3n o contenidos que infrinja la legislaci\u00f3n aplicable.<\/p>\n\n\n\n<p>Los presentes T\u00e9rminos y Condiciones podr\u00e1n ser modificados unilateralmente por la Empresa y las modificaciones entrar\u00e1n en vigor desde el momento de su publicaci\u00f3n en el Sitio Web.<\/p>\n\n\n\n<hr class=\"wp-block-separator has-alpha-channel-opacity\"\/>\n\n\n\n<h3 class=\"wp-block-heading\">II. PEDIDO DE PRODUCTOS<\/h3>\n\n\n\n<p>Productos de marca <strong>La mejor amiga de Eva<\/strong>, ofrecidos a trav\u00e9s del Sitio Web son vendidos directamente por Eva Art 21 Ltd. Los pedidos pueden realizarse a trav\u00e9s de:<\/p>\n\n\n\n<ul class=\"wp-block-list\">\n<li>Sitio web de la tienda en l\u00ednea: <a class=\"\" href=\"https:\/\/evasbff.com\/es\/\">www.evasbff.com<\/a><\/li>\n\n\n\n<li>Mensaje de la cuenta de Instagram: <a href=\"https:\/\/www.instagram.com\/evasbff.probeauty\/\">@evasbff.probeauty\/<\/a><\/li>\n\n\n\n<li>Env\u00ede su consulta por correo electr\u00f3nico a <strong><a>muse@evasbff.com<\/a><\/strong><\/li>\n<\/ul>\n\n\n\n<h4 class=\"wp-block-heading\">Proceso de pedido:<\/h4>\n\n\n\n<ol class=\"wp-block-list\">\n<li>Seleccione el producto deseado y a\u00f1\u00e1dalo a la cesta.<\/li>\n\n\n\n<li>Rellene los datos de entrega necesarios y confirme el pedido.<\/li>\n\n\n\n<li>Tras enviarlo, recibir\u00e1 una confirmaci\u00f3n en la direcci\u00f3n de correo electr\u00f3nico facilitada.<\/li>\n<\/ol>\n\n\n\n<p>La Empresa se reserva el derecho a negarse a ejecutar un pedido si:<\/p>\n\n\n\n<ul class=\"wp-block-list\">\n<li>falta de disponibilidad;<\/li>\n\n\n\n<li>datos incompletos o inexactos;<\/li>\n\n\n\n<li>sospecha de delito.<\/li>\n<\/ul>\n\n\n\n<p>Una vez confirmado el pedido, el cliente est\u00e1 obligado a pagar.<\/p>\n\n\n\n<hr class=\"wp-block-separator has-alpha-channel-opacity\"\/>\n\n\n\n<h3 class=\"wp-block-heading\">III. PRECIOS Y C\u00d3DIGOS PROMOCIONALES<\/h3>\n\n\n\n<p>Todos los precios se expresan en leva b\u00falgara, IVA incluido, salvo que se indique expl\u00edcitamente lo contrario. Cada precio se ofrece tambi\u00e9n en su equivalente en euros, dada la pr\u00f3xima entrada de la Rep\u00fablica de Bulgaria en la zona del euro.<\/p>\n\n\n\n<p>Los c\u00f3digos promocionales son personalizados y no son canjeables por su equivalente en met\u00e1lico. Se aplican seg\u00fan las condiciones espec\u00edficas de cada promoci\u00f3n.<\/p>\n\n\n\n<hr class=\"wp-block-separator has-alpha-channel-opacity\"\/>\n\n\n\n<h3 class=\"wp-block-heading\">IV. FORMAS DE PAGO<\/h3>\n\n\n\n<p>El pago puede efectuarse de una de las siguientes maneras:<\/p>\n\n\n\n<ul class=\"wp-block-list\">\n<li><strong>Pago contra reembolso<\/strong> (pago contra reembolso);<\/li>\n\n\n\n<li><strong>Tarjeta bancaria<\/strong> (d\u00e9bito o cr\u00e9dito) a trav\u00e9s de un TPV virtual seguro;<\/li>\n<\/ul>\n\n\n\n<p>Eva's BFF no almacena los datos de su tarjeta bancaria. Todos los pagos se procesan a trav\u00e9s de sistemas de pago certificados con un alto nivel de seguridad.<\/p>\n\n\n\n<hr class=\"wp-block-separator has-alpha-channel-opacity\"\/>\n\n\n\n<h3 class=\"wp-block-heading\">V. ENTREGA<\/h3>\n\n\n\n<h4 class=\"wp-block-heading\">Precio:<\/h4>\n\n\n\n<ul class=\"wp-block-list\">\n<li>Entrega en una oficina o direcci\u00f3n a trav\u00e9s de  <strong>SIDA<\/strong> se calcula autom\u00e1ticamente al finalizar el pedido.<\/li>\n\n\n\n<li>Para pedidos superiores a <strong>100 lv.<\/strong>, la entrega en una oficina de SPIDI en Bulgaria es <strong>Gratis<\/strong>.<\/li>\n<\/ul>\n\n\n\n<h4 class=\"wp-block-heading\">Plazo:<\/h4>\n\n\n\n<ul class=\"wp-block-list\">\n<li>Los pedidos realizados en d\u00edas laborables antes de las 15:00 se tramitar\u00e1n el mismo d\u00eda.<\/li>\n\n\n\n<li>El plazo de entrega suele ser de 1 a 3 d\u00edas laborables.<\/li>\n\n\n\n<li>Los pedidos realizados despu\u00e9s de las 15.00 horas o en d\u00edas no laborables se tramitar\u00e1n el siguiente d\u00eda laborable.<\/li>\n<\/ul>\n\n\n\n<p>Eva's BFF no se hace responsable de los retrasos causados por la empresa de mensajer\u00eda.<\/p>\n\n\n\n<hr class=\"wp-block-separator has-alpha-channel-opacity\"\/>\n\n\n\n<h3 class=\"wp-block-heading\">VI. ANULACI\u00d3N Y DEVOLUCI\u00d3N DE PRODUCTOS<\/h3>\n\n\n\n<p>En virtud de la Ley de Protecci\u00f3n de los Consumidores, tiene derecho a devolver un producto sin indicar el motivo, en un plazo de <strong>14 d\u00edas<\/strong> de su recepci\u00f3n.<\/p>\n\n\n\n<p>Necesario:<\/p>\n\n\n\n<ul class=\"wp-block-list\">\n<li>Notificar por escrito a la empresa <strong><a>muse@evasbff.com<\/a><\/strong>;<\/li>\n\n\n\n<li>Producto <strong>sin usar, sin abrir y en su embalaje original sin haber sido utilizado por el destinatario<\/strong>;<\/li>\n\n\n\n<li>Devoluci\u00f3n a cargo de <strong>SIDA<\/strong> a su cargo en un plazo de 7 d\u00edas a partir de la solicitud.<\/li>\n<\/ul>\n\n\n\n<p>Reembolso:<\/p>\n\n\n\n<ul class=\"wp-block-list\">\n<li>Por la forma en que se efect\u00faa el pago;<\/li>\n\n\n\n<li>En un plazo de 30 d\u00edas;<\/li>\n\n\n\n<li>Los gastos de env\u00edo y devoluci\u00f3n no son reembolsables.<\/li>\n<\/ul>\n\n\n\n<p>En caso de que el producto no cumpla los requisitos para ser devuelto, la Empresa se reserva el derecho de qued\u00e1rselo o devolv\u00e9rselo a su cargo.<\/p>\n\n\n\n<p>Las reacciones al\u00e9rgicas o la intolerancia individual no se consideran motivos de devoluci\u00f3n.<\/p>\n\n\n\n<hr class=\"wp-block-separator has-alpha-channel-opacity\"\/>\n\n\n\n<h3 class=\"wp-block-heading\">VII. DATOS PERSONALES Y PRIVACIDAD<\/h3>\n\n\n\n<p>Eva Art 21 EOOD trata sus datos personales de conformidad con <strong>Ley de protecci\u00f3n de datos personales<\/strong> \u0438 <strong>Reglamento (UE) 2016\/679 (GDPR)<\/strong>.<\/p>\n\n\n\n<p>S\u00f3lo recogemos los datos necesarios para la tramitaci\u00f3n y entrega de los pedidos. No facilitamos datos personales a terceros a menos que lo exija la ley o con fines de entrega.<\/p>\n\n\n\n<p>Para m\u00e1s informaci\u00f3n, consulte <strong>Pol\u00edtica de privacidad<\/strong>, disponible en el sitio web.<\/p>\n\n\n\n<hr class=\"wp-block-separator has-alpha-channel-opacity\"\/>\n\n\n\n<p><strong>Fecha de la \u00faltima actualizaci\u00f3n: 21.06.2025.<\/strong><\/p>","protected":false},"excerpt":{"rendered":"<p>I. \u041e\u0411\u0429\u0418 \u041f\u041e\u041b\u041e\u0416\u0415\u041d\u0418\u042f \u041d\u0430\u0441\u0442\u043e\u044f\u0449\u0438\u0442\u0435 \u041e\u0431\u0449\u0438 \u0443\u0441\u043b\u043e\u0432\u0438\u044f \u0443\u0440\u0435\u0436\u0434\u0430\u0442 \u043f\u0440\u0430\u0432\u0438\u043b\u0430\u0442\u0430 \u0437\u0430 \u0434\u043e\u0441\u0442\u044a\u043f, \u0438\u0437\u043f\u043e\u043b\u0437\u0432\u0430\u043d\u0435 \u0438 \u043f\u0430\u0437\u0430\u0440\u0443\u0432\u0430\u043d\u0435 \u0447\u0440\u0435\u0437 \u0443\u0435\u0431\u0441\u0430\u0439\u0442\u0430 www.evasbff.com (\u201e\u0423\u0435\u0431\u0441\u0430\u0439\u0442\u201c), \u0441\u043e\u0431\u0441\u0442\u0432\u0435\u043d\u043e\u0441\u0442 \u043d\u0430 \u0415\u0432\u0430<\/p>","protected":false},"author":1,"featured_media":0,"parent":0,"menu_order":0,"comment_status":"closed","ping_status":"closed","template":"","meta":{"seo_title":"","seo_title_option":"custom","seo_description":"","seo_canonical":"","seo_keywords":"","seo_author":"","seo_author_url":"","seo_publisher":"","seo_og_image":"","footnotes":""},"class_list":["post-28642","page","type-page","status-publish","hentry"],"_links":{"self":[{"href":"https:\/\/evasbff.com\/es\/wp-json\/wp\/v2\/pages\/28642","targetHints":{"allow":["GET"]}}],"collection":[{"href":"https:\/\/evasbff.com\/es\/wp-json\/wp\/v2\/pages"}],"about":[{"href":"https:\/\/evasbff.com\/es\/wp-json\/wp\/v2\/types\/page"}],"author":[{"embeddable":true,"href":"https:\/\/evasbff.com\/es\/wp-json\/wp\/v2\/users\/1"}],"replies":[{"embeddable":true,"href":"https:\/\/evasbff.com\/es\/wp-json\/wp\/v2\/comments?post=28642"}],"version-history":[{"count":7,"href":"https:\/\/evasbff.com\/es\/wp-json\/wp\/v2\/pages\/28642\/revisions"}],"predecessor-version":[{"id":28654,"href":"https:\/\/evasbff.com\/es\/wp-json\/wp\/v2\/pages\/28642\/revisions\/28654"}],"wp:attachment":[{"href":"https:\/\/evasbff.com\/es\/wp-json\/wp\/v2\/media?parent=28642"}],"curies":[{"name":"wp","href":"https:\/\/api.w.org\/{rel}","templated":true}]}}