{"id":29000,"date":"2026-02-08T11:53:28","date_gmt":"2026-02-08T11:53:28","guid":{"rendered":"https:\/\/evasbff.com\/?post_type=product&#038;p=29000"},"modified":"2026-02-08T11:58:49","modified_gmt":"2026-02-08T11:58:49","slug":"evas-bff-pro-noir-blend-beauty-sponge-noir-in-shape","status":"publish","type":"product","link":"https:\/\/evasbff.com\/de\/product\/evas-bff-pro-noir-blend-beauty-sponge-noir-in-form\/","title":{"rendered":"Eva's BFF Pro Noir Blend Beauty Sponge - Noir in Form"},"content":{"rendered":"","protected":false},"excerpt":{"rendered":"<h3>Perfektion. Leichtigkeit. Reinheit.<\/h3>\n<p>Professioneller Make-up-Schwamm mit extrem feiner und weicher Textur, entwickelt f\u00fcr das makellose Auftragen und Verblenden von fl\u00fcssigen und cremigen Produkten.<\/p>\n<p>Die Noir in Shape-Form bietet vollst\u00e4ndige Kontrolle beim Arbeiten und erm\u00f6glicht ein gleichm\u00e4\u00dfiges Auftragen der Grundierung sowie ein pr\u00e4zises Arbeiten um Augen, Nase und Gesichtskonturen. Ob Sie die klassische Tropfenform oder die abgeschr\u00e4gte Form bevorzugen, das Ergebnis ist ein nat\u00fcrliches, glattes und professionelles Finish.<\/p>\n<p>Der Schwamm nimmt nur eine minimale Menge des Produkts auf, hinterl\u00e4sst keine R\u00fcckst\u00e4nde und passt sich perfekt an die Haut an, so dass er den ganzen Tag \u00fcber ein Gef\u00fchl der Leichtigkeit und des Komforts vermittelt.<\/p>\n<h4>Geeignet f\u00fcr:<\/h4>\n<ul>\n<li>Teint<\/li>\n<li>Korrekturleser<\/li>\n<li>cremefarbenes Rouge<\/li>\n<li>cremefarbener Umriss<\/li>\n<\/ul>\n<h4>Merkmale:<\/h4>\n<ul>\n<li>latexfrei<\/li>\n<li>ohne aggressive Inhaltsstoffe<\/li>\n<li>100% vegan und tierversuchsfrei<\/li>\n<li>f\u00fcr den professionellen und privaten Gebrauch geeignet<\/li>\n<\/ul>\n<h5>EVA'S BFF Pro Noir Blend - wenn Form Perfektion schafft.<\/h5>\n<h3>Nachsorge:<\/h3>\n<p>Befeuchten Sie den Schwamm vor jedem Gebrauch mit Wasser. \u00dcbersch\u00fcssige Fl\u00fcssigkeit sorgf\u00e4ltig abtropfen lassen (Sie k\u00f6nnen auch ein Tuch verwenden). Nach jedem Gebrauch mit milder Seife und warmem Wasser abwaschen. Bei Raumtemperatur trocknen lassen - bereit f\u00fcr dein n\u00e4chstes Meisterwerk.<\/p>","protected":false},"featured_media":29006,"comment_status":"open","ping_status":"closed","template":"","meta":{"seo_title":"","seo_title_option":"custom","seo_description":"","seo_canonical":"","seo_keywords":"","seo_author":"","seo_author_url":"","seo_publisher":"","seo_og_image":""},"product_brand":[],"product_cat":[71],"product_tag":[],"class_list":{"0":"post-29000","1":"product","2":"type-product","3":"status-publish","4":"has-post-thumbnail","6":"product_cat-gabi-za-grimirane","8":"first","9":"instock","10":"shipping-taxable","11":"purchasable","12":"product-type-simple"},"_links":{"self":[{"href":"https:\/\/evasbff.com\/de\/wp-json\/wp\/v2\/product\/29000","targetHints":{"allow":["GET"]}}],"collection":[{"href":"https:\/\/evasbff.com\/de\/wp-json\/wp\/v2\/product"}],"about":[{"href":"https:\/\/evasbff.com\/de\/wp-json\/wp\/v2\/types\/product"}],"replies":[{"embeddable":true,"href":"https:\/\/evasbff.com\/de\/wp-json\/wp\/v2\/comments?post=29000"}],"version-history":[{"count":1,"href":"https:\/\/evasbff.com\/de\/wp-json\/wp\/v2\/product\/29000\/revisions"}],"predecessor-version":[{"id":29007,"href":"https:\/\/evasbff.com\/de\/wp-json\/wp\/v2\/product\/29000\/revisions\/29007"}],"wp:featuredmedia":[{"embeddable":true,"href":"https:\/\/evasbff.com\/de\/wp-json\/wp\/v2\/media\/29006"}],"wp:attachment":[{"href":"https:\/\/evasbff.com\/de\/wp-json\/wp\/v2\/media?parent=29000"}],"wp:term":[{"taxonomy":"product_brand","embeddable":true,"href":"https:\/\/evasbff.com\/de\/wp-json\/wp\/v2\/product_brand?post=29000"},{"taxonomy":"product_cat","embeddable":true,"href":"https:\/\/evasbff.com\/de\/wp-json\/wp\/v2\/product_cat?post=29000"},{"taxonomy":"product_tag","embeddable":true,"href":"https:\/\/evasbff.com\/de\/wp-json\/wp\/v2\/product_tag?post=29000"}],"curies":[{"name":"wp","href":"https:\/\/api.w.org\/{rel}","templated":true}]}}