{"id":28637,"date":"2025-06-11T11:17:15","date_gmt":"2025-06-11T11:17:15","guid":{"rendered":"https:\/\/evasbff.com\/?post_type=product&#038;p=28637"},"modified":"2026-05-03T06:46:21","modified_gmt":"2026-05-03T06:46:21","slug":"monika-skosena-tchetka-za-kontur-i-ruzh","status":"publish","type":"product","link":"https:\/\/evasbff.com\/de\/product\/monika-schiefe-tchetka-fur-kontur-und-rose\/","title":{"rendered":"MONICA - Abgeschr\u00e4gter Pinsel f\u00fcr Konturen und Rouge"},"content":{"rendered":"","protected":false},"excerpt":{"rendered":"<p>Konturieren mit Leichtigkeit. Err\u00f6ten mit Finesse.<\/p>\n<p>Monica wurde f\u00fcr diejenigen geschaffen, die die Finesse der Gesichtsformung sch\u00e4tzen. Er ist aus nat\u00fcrlichem Ziegenhaar gefertigt und bietet eine hervorragende Kontrolle beim Auftragen von Puderprodukten, ohne harte Linien zu hinterlassen.<\/p>\n<p>Seine abgeschr\u00e4gte Form passt sich nat\u00fcrlich den Gesichtskonturen an und eignet sich daher sowohl f\u00fcr pr\u00e4zises Konturieren als auch f\u00fcr dezentes Auftragen von Rouge. Er l\u00e4sst sich sanft, gleichm\u00e4\u00dfig und leicht verblenden - f\u00fcr ein Ergebnis, das wie ein Teil der Haut aussieht.<\/p>","protected":false},"featured_media":28143,"comment_status":"open","ping_status":"closed","template":"","meta":{"seo_title":"","seo_title_option":"custom","seo_description":"","seo_canonical":"","seo_keywords":"","seo_author":"","seo_author_url":"","seo_publisher":"","seo_og_image":""},"product_brand":[],"product_cat":[20],"product_tag":[],"class_list":{"0":"post-28637","1":"product","2":"type-product","3":"status-publish","4":"has-post-thumbnail","6":"product_cat-tchetki-za-grimirane","8":"first","9":"instock","10":"shipping-taxable","11":"purchasable","12":"product-type-simple"},"_links":{"self":[{"href":"https:\/\/evasbff.com\/de\/wp-json\/wp\/v2\/product\/28637","targetHints":{"allow":["GET"]}}],"collection":[{"href":"https:\/\/evasbff.com\/de\/wp-json\/wp\/v2\/product"}],"about":[{"href":"https:\/\/evasbff.com\/de\/wp-json\/wp\/v2\/types\/product"}],"replies":[{"embeddable":true,"href":"https:\/\/evasbff.com\/de\/wp-json\/wp\/v2\/comments?post=28637"}],"version-history":[{"count":1,"href":"https:\/\/evasbff.com\/de\/wp-json\/wp\/v2\/product\/28637\/revisions"}],"predecessor-version":[{"id":28638,"href":"https:\/\/evasbff.com\/de\/wp-json\/wp\/v2\/product\/28637\/revisions\/28638"}],"wp:featuredmedia":[{"embeddable":true,"href":"https:\/\/evasbff.com\/de\/wp-json\/wp\/v2\/media\/28143"}],"wp:attachment":[{"href":"https:\/\/evasbff.com\/de\/wp-json\/wp\/v2\/media?parent=28637"}],"wp:term":[{"taxonomy":"product_brand","embeddable":true,"href":"https:\/\/evasbff.com\/de\/wp-json\/wp\/v2\/product_brand?post=28637"},{"taxonomy":"product_cat","embeddable":true,"href":"https:\/\/evasbff.com\/de\/wp-json\/wp\/v2\/product_cat?post=28637"},{"taxonomy":"product_tag","embeddable":true,"href":"https:\/\/evasbff.com\/de\/wp-json\/wp\/v2\/product_tag?post=28637"}],"curies":[{"name":"wp","href":"https:\/\/api.w.org\/{rel}","templated":true}]}}