{"id":27704,"date":"2025-05-16T05:48:45","date_gmt":"2025-05-16T05:48:45","guid":{"rendered":"https:\/\/evasbff.com\/?post_type=product&#038;p=27704"},"modified":"2026-04-19T05:42:47","modified_gmt":"2026-04-19T05:42:47","slug":"evas-bff-pro-pure-white-beauty-sponge","status":"publish","type":"product","link":"https:\/\/evasbff.com\/de\/product\/evas-bff-pro-reinweiser-schonheitsschwamm\/","title":{"rendered":"Eva's Bff Pro Reinwei\u00dfer Sch\u00f6nheitsschwamm"},"content":{"rendered":"","protected":false},"excerpt":{"rendered":"<h3>Perfektion. Leichtigkeit. Reinheit.<\/h3>\n<p>- Ohne Latex<br \/>\n- Ohne aggressive Inhaltsstoffe<br \/>\n- 100% Vegan, grausam-frei<\/p>\n<p>Tauchen Sie ein in den Luxus eines makellosen Make-up-Auftrags mit <strong>Eva's bff Pro Pure White Beauty Schwamm<\/strong> - der feinste und pflegendste Schwamm, der Ihr Gesicht ber\u00fchren wird. Hergestellt in kristallwei\u00df und tiefschwarz ist er ein Symbol f\u00fcr Reinheit, Zartheit und Professionalit\u00e4t.<\/p>\n<p>Hergestellt aus antibakteriellem und hypoallergenem Schaumstoff, sorgt er nicht nur f\u00fcr Ihr sch\u00f6nes Make-up, sondern auch f\u00fcr die Gesundheit Ihrer Haut. Kein Latex und keine sch\u00e4dlichen Chemikalien - selbst f\u00fcr die empfindlichste Haut geeignet.<\/p>\n<p>Der Schwamm ist so konzipiert, dass er sich mit Ihnen mitbewegt und Foundation, Concealer und andere Produkte m\u00fchelos verblendet, so dass ein glattes, gleichm\u00e4\u00dfiges und strahlendes Finish entsteht. Er erreicht jede Gesichtskurve und verschmilzt mit der Haut wie eine zweite Natur - streifenfrei und m\u00fchelos.<\/p>\n<h4>Nachsorge:<\/h4>\n<p>Befeuchten Sie den Schwamm vor jedem Gebrauch mit Wasser. \u00dcbersch\u00fcssige Fl\u00fcssigkeit sorgf\u00e4ltig abtropfen lassen (Sie k\u00f6nnen auch ein Tuch verwenden). Nach jedem Gebrauch mit milder Seife und warmem Wasser abwaschen. Bei Raumtemperatur trocknen lassen - bereit f\u00fcr dein n\u00e4chstes Meisterwerk.<\/p>","protected":false},"featured_media":28139,"comment_status":"open","ping_status":"closed","template":"","meta":{"seo_title":"","seo_title_option":"custom","seo_description":"","seo_canonical":"","seo_keywords":"","seo_author":"","seo_author_url":"","seo_publisher":"","seo_og_image":""},"product_brand":[],"product_cat":[71],"product_tag":[],"class_list":{"0":"post-27704","1":"product","2":"type-product","3":"status-publish","4":"has-post-thumbnail","6":"product_cat-gabi-za-grimirane","8":"first","9":"instock","10":"shipping-taxable","11":"purchasable","12":"product-type-simple"},"_links":{"self":[{"href":"https:\/\/evasbff.com\/de\/wp-json\/wp\/v2\/product\/27704","targetHints":{"allow":["GET"]}}],"collection":[{"href":"https:\/\/evasbff.com\/de\/wp-json\/wp\/v2\/product"}],"about":[{"href":"https:\/\/evasbff.com\/de\/wp-json\/wp\/v2\/types\/product"}],"replies":[{"embeddable":true,"href":"https:\/\/evasbff.com\/de\/wp-json\/wp\/v2\/comments?post=27704"}],"version-history":[{"count":5,"href":"https:\/\/evasbff.com\/de\/wp-json\/wp\/v2\/product\/27704\/revisions"}],"predecessor-version":[{"id":28635,"href":"https:\/\/evasbff.com\/de\/wp-json\/wp\/v2\/product\/27704\/revisions\/28635"}],"wp:featuredmedia":[{"embeddable":true,"href":"https:\/\/evasbff.com\/de\/wp-json\/wp\/v2\/media\/28139"}],"wp:attachment":[{"href":"https:\/\/evasbff.com\/de\/wp-json\/wp\/v2\/media?parent=27704"}],"wp:term":[{"taxonomy":"product_brand","embeddable":true,"href":"https:\/\/evasbff.com\/de\/wp-json\/wp\/v2\/product_brand?post=27704"},{"taxonomy":"product_cat","embeddable":true,"href":"https:\/\/evasbff.com\/de\/wp-json\/wp\/v2\/product_cat?post=27704"},{"taxonomy":"product_tag","embeddable":true,"href":"https:\/\/evasbff.com\/de\/wp-json\/wp\/v2\/product_tag?post=27704"}],"curies":[{"name":"wp","href":"https:\/\/api.w.org\/{rel}","templated":true}]}}