{"id":27696,"date":"2025-05-16T05:42:18","date_gmt":"2025-05-16T05:42:18","guid":{"rendered":"https:\/\/evasbff.com\/?post_type=product&#038;p=27696"},"modified":"2026-04-30T20:15:03","modified_gmt":"2026-04-30T20:15:03","slug":"eli-pretsizna-tchetka-s-plamakoviden-vrah-ot-kosam-na-poni","status":"publish","type":"product","link":"https:\/\/evasbff.com\/de\/product\/eli-pretsizna-tchetka-s-flamakoviden-killer-ot-kosam-na-poni\/","title":{"rendered":"OR - Pr\u00e4zisionspinsel mit flammenf\u00f6rmiger Ponyhaarspitze"},"content":{"rendered":"","protected":false},"excerpt":{"rendered":"<p>Z\u00e4rtlichkeit. Kontrolle. Perfektes Finish.<\/p>\n<p>Elli ist ein zarter und extrem feiner Pinsel, der f\u00fcr pr\u00e4zises Verblenden und Auftragen von Lidschatten in den kleinsten und empfindlichsten Bereichen entwickelt wurde. Die Ponyborste ist weich, aber mit einer leichten Elastizit\u00e4t, die sie ideal f\u00fcr die Gestaltung von Details in der Lidfalte, im inneren Winkel oder unter dem unteren Lid macht.<\/p>\n<p>Er ist die perfekte Wahl, wenn Sie m\u00f6chten, dass sich das Pigment wie Rauch ausbreitet - ohne R\u00e4nder und m\u00fchelos.<\/p>","protected":false},"featured_media":28135,"comment_status":"open","ping_status":"closed","template":"","meta":{"seo_title":"","seo_title_option":"custom","seo_description":"","seo_canonical":"","seo_keywords":"","seo_author":"","seo_author_url":"","seo_publisher":"","seo_og_image":""},"product_brand":[],"product_cat":[20],"product_tag":[],"class_list":{"0":"post-27696","1":"product","2":"type-product","3":"status-publish","4":"has-post-thumbnail","6":"product_cat-tchetki-za-grimirane","8":"first","9":"instock","10":"shipping-taxable","11":"purchasable","12":"product-type-simple"},"_links":{"self":[{"href":"https:\/\/evasbff.com\/de\/wp-json\/wp\/v2\/product\/27696","targetHints":{"allow":["GET"]}}],"collection":[{"href":"https:\/\/evasbff.com\/de\/wp-json\/wp\/v2\/product"}],"about":[{"href":"https:\/\/evasbff.com\/de\/wp-json\/wp\/v2\/types\/product"}],"replies":[{"embeddable":true,"href":"https:\/\/evasbff.com\/de\/wp-json\/wp\/v2\/comments?post=27696"}],"version-history":[{"count":2,"href":"https:\/\/evasbff.com\/de\/wp-json\/wp\/v2\/product\/27696\/revisions"}],"predecessor-version":[{"id":27700,"href":"https:\/\/evasbff.com\/de\/wp-json\/wp\/v2\/product\/27696\/revisions\/27700"}],"wp:featuredmedia":[{"embeddable":true,"href":"https:\/\/evasbff.com\/de\/wp-json\/wp\/v2\/media\/28135"}],"wp:attachment":[{"href":"https:\/\/evasbff.com\/de\/wp-json\/wp\/v2\/media?parent=27696"}],"wp:term":[{"taxonomy":"product_brand","embeddable":true,"href":"https:\/\/evasbff.com\/de\/wp-json\/wp\/v2\/product_brand?post=27696"},{"taxonomy":"product_cat","embeddable":true,"href":"https:\/\/evasbff.com\/de\/wp-json\/wp\/v2\/product_cat?post=27696"},{"taxonomy":"product_tag","embeddable":true,"href":"https:\/\/evasbff.com\/de\/wp-json\/wp\/v2\/product_tag?post=27696"}],"curies":[{"name":"wp","href":"https:\/\/api.w.org\/{rel}","templated":true}]}}