{"id":27692,"date":"2025-05-16T05:41:05","date_gmt":"2025-05-16T05:41:05","guid":{"rendered":"https:\/\/evasbff.com\/?post_type=product&#038;p=27692"},"modified":"2026-03-11T12:58:47","modified_gmt":"2026-03-11T12:58:47","slug":"svetla-ploska-tchetka-ot-sintetitchen-kosam","status":"publish","type":"product","link":"https:\/\/evasbff.com\/de\/product\/ein-leichtes-flaches-synthetikhemd\/","title":{"rendered":"SVETLA - Flache B\u00fcrste mit synthetischen Borsten"},"content":{"rendered":"","protected":false},"excerpt":{"rendered":"<p>Pr\u00e4zision. Definition. Vielseitigkeit.<\/p>\n<p>Svetla ist f\u00fcr detailliertes und kontrolliertes Arbeiten konzipiert. Seine flache Form und die dichten synthetischen Borsten machen ihn ideal f\u00fcr die Erstellung von Cut Crease, das Auftragen von Cremelidschatten, Pigmenten und Basen auf dem beweglichen Augenlid.<\/p>\n<p>\u00c4u\u00dferst praktisch zum pr\u00e4zisen Auftragen von Concealer um die Lippen oder in kleinen Bereichen des Gesichts.<\/p>","protected":false},"featured_media":28145,"comment_status":"open","ping_status":"closed","template":"","meta":{"seo_title":"","seo_title_option":"custom","seo_description":"","seo_canonical":"","seo_keywords":"","seo_author":"","seo_author_url":"","seo_publisher":"","seo_og_image":""},"product_brand":[],"product_cat":[20],"product_tag":[],"class_list":{"0":"post-27692","1":"product","2":"type-product","3":"status-publish","4":"has-post-thumbnail","6":"product_cat-tchetki-za-grimirane","8":"first","9":"instock","10":"shipping-taxable","11":"purchasable","12":"product-type-simple"},"_links":{"self":[{"href":"https:\/\/evasbff.com\/de\/wp-json\/wp\/v2\/product\/27692","targetHints":{"allow":["GET"]}}],"collection":[{"href":"https:\/\/evasbff.com\/de\/wp-json\/wp\/v2\/product"}],"about":[{"href":"https:\/\/evasbff.com\/de\/wp-json\/wp\/v2\/types\/product"}],"replies":[{"embeddable":true,"href":"https:\/\/evasbff.com\/de\/wp-json\/wp\/v2\/comments?post=27692"}],"version-history":[{"count":1,"href":"https:\/\/evasbff.com\/de\/wp-json\/wp\/v2\/product\/27692\/revisions"}],"predecessor-version":[{"id":27693,"href":"https:\/\/evasbff.com\/de\/wp-json\/wp\/v2\/product\/27692\/revisions\/27693"}],"wp:featuredmedia":[{"embeddable":true,"href":"https:\/\/evasbff.com\/de\/wp-json\/wp\/v2\/media\/28145"}],"wp:attachment":[{"href":"https:\/\/evasbff.com\/de\/wp-json\/wp\/v2\/media?parent=27692"}],"wp:term":[{"taxonomy":"product_brand","embeddable":true,"href":"https:\/\/evasbff.com\/de\/wp-json\/wp\/v2\/product_brand?post=27692"},{"taxonomy":"product_cat","embeddable":true,"href":"https:\/\/evasbff.com\/de\/wp-json\/wp\/v2\/product_cat?post=27692"},{"taxonomy":"product_tag","embeddable":true,"href":"https:\/\/evasbff.com\/de\/wp-json\/wp\/v2\/product_tag?post=27692"}],"curies":[{"name":"wp","href":"https:\/\/api.w.org\/{rel}","templated":true}]}}