{"id":27690,"date":"2025-05-16T05:40:42","date_gmt":"2025-05-16T05:40:42","guid":{"rendered":"https:\/\/evasbff.com\/?post_type=product&#038;p=27690"},"modified":"2026-03-11T12:58:47","modified_gmt":"2026-03-11T12:58:47","slug":"svetoslava-luksozna-mnogofunktsionalna-tchetka-ot-kosam-na-kateritsa","status":"publish","type":"product","link":"https:\/\/evasbff.com\/de\/product\/svetoslava-luxuriose-multifunktionale-schwiegermutter-aus-dem-kosam-na-kateritsa\/","title":{"rendered":"SVETOSLAVA - Luxuri\u00f6se Multifunktionsb\u00fcrste aus Fehhaar"},"content":{"rendered":"","protected":false},"excerpt":{"rendered":"<p>Weich. Luftigkeit. Elegante Kontrolle.<\/p>\n<p>Svetoslava ist f\u00fcr diejenigen gedacht, die den zartesten Hauch suchen. Das Eichh\u00f6rnchenhaar ist extrem weich und fein und daher ideal f\u00fcr Puderrouge, Highlighter, Puder zum Fixieren der Augenpartie oder zum subtilen Konturieren mit Puder.<\/p>\n<p>Seine Form erm\u00f6glicht ein pr\u00e4zises und doch \u00e4therisches Arbeiten - f\u00fcr ein fast unsichtbares Finish, das von innen zu kommen scheint.<\/p>","protected":false},"featured_media":28584,"comment_status":"open","ping_status":"closed","template":"","meta":{"seo_title":"","seo_title_option":"custom","seo_description":"","seo_canonical":"","seo_keywords":"","seo_author":"","seo_author_url":"","seo_publisher":"","seo_og_image":""},"product_brand":[],"product_cat":[20],"product_tag":[],"class_list":{"0":"post-27690","1":"product","2":"type-product","3":"status-publish","4":"has-post-thumbnail","6":"product_cat-tchetki-za-grimirane","8":"first","9":"instock","10":"shipping-taxable","11":"purchasable","12":"product-type-simple"},"_links":{"self":[{"href":"https:\/\/evasbff.com\/de\/wp-json\/wp\/v2\/product\/27690","targetHints":{"allow":["GET"]}}],"collection":[{"href":"https:\/\/evasbff.com\/de\/wp-json\/wp\/v2\/product"}],"about":[{"href":"https:\/\/evasbff.com\/de\/wp-json\/wp\/v2\/types\/product"}],"replies":[{"embeddable":true,"href":"https:\/\/evasbff.com\/de\/wp-json\/wp\/v2\/comments?post=27690"}],"version-history":[{"count":2,"href":"https:\/\/evasbff.com\/de\/wp-json\/wp\/v2\/product\/27690\/revisions"}],"predecessor-version":[{"id":28583,"href":"https:\/\/evasbff.com\/de\/wp-json\/wp\/v2\/product\/27690\/revisions\/28583"}],"wp:featuredmedia":[{"embeddable":true,"href":"https:\/\/evasbff.com\/de\/wp-json\/wp\/v2\/media\/28584"}],"wp:attachment":[{"href":"https:\/\/evasbff.com\/de\/wp-json\/wp\/v2\/media?parent=27690"}],"wp:term":[{"taxonomy":"product_brand","embeddable":true,"href":"https:\/\/evasbff.com\/de\/wp-json\/wp\/v2\/product_brand?post=27690"},{"taxonomy":"product_cat","embeddable":true,"href":"https:\/\/evasbff.com\/de\/wp-json\/wp\/v2\/product_cat?post=27690"},{"taxonomy":"product_tag","embeddable":true,"href":"https:\/\/evasbff.com\/de\/wp-json\/wp\/v2\/product_tag?post=27690"}],"curies":[{"name":"wp","href":"https:\/\/api.w.org\/{rel}","templated":true}]}}