{"id":27688,"date":"2025-05-16T05:38:41","date_gmt":"2025-05-16T05:38:41","guid":{"rendered":"https:\/\/evasbff.com\/?post_type=product&#038;p=27688"},"modified":"2026-03-11T12:58:47","modified_gmt":"2026-03-11T12:58:47","slug":"diyana-multifunktsionalna-tchetka-ot-sintetitchen-kosam","status":"publish","type":"product","link":"https:\/\/evasbff.com\/de\/product\/diyana-multifunktsionalna-tchetka-ot-sintetitchen-kosam\/","title":{"rendered":"DIANA - Multifunktionsb\u00fcrste aus synthetischen Borsten"},"content":{"rendered":"","protected":false},"excerpt":{"rendered":"<p>Pr\u00e4zision. Sanftheit. Vielseitigkeit.<\/p>\n<p>Diyana ist die perfekte Wahl f\u00fcr die Arbeit in der empfindlichen Augenpartie. Er besteht aus weichem, aber festem Synthetikhaar und ist ideal zum Auftragen von Concealer, Lidschatten und zum subtilen Verblenden cremiger Texturen.<\/p>\n<p>Seine Form erm\u00f6glicht es Ihnen, mit absoluter Kontrolle zu arbeiten - keine \u00dcbertreibung, kein \u00dcberschuss, nur die richtige Menge des Produkts, wo Sie es brauchen.<\/p>","protected":false},"featured_media":28133,"comment_status":"open","ping_status":"closed","template":"","meta":{"seo_title":"","seo_title_option":"custom","seo_description":"","seo_canonical":"","seo_keywords":"","seo_author":"","seo_author_url":"","seo_publisher":"","seo_og_image":""},"product_brand":[],"product_cat":[20],"product_tag":[],"class_list":{"0":"post-27688","1":"product","2":"type-product","3":"status-publish","4":"has-post-thumbnail","6":"product_cat-tchetki-za-grimirane","8":"first","9":"instock","10":"shipping-taxable","11":"purchasable","12":"product-type-simple"},"_links":{"self":[{"href":"https:\/\/evasbff.com\/de\/wp-json\/wp\/v2\/product\/27688","targetHints":{"allow":["GET"]}}],"collection":[{"href":"https:\/\/evasbff.com\/de\/wp-json\/wp\/v2\/product"}],"about":[{"href":"https:\/\/evasbff.com\/de\/wp-json\/wp\/v2\/types\/product"}],"replies":[{"embeddable":true,"href":"https:\/\/evasbff.com\/de\/wp-json\/wp\/v2\/comments?post=27688"}],"version-history":[{"count":2,"href":"https:\/\/evasbff.com\/de\/wp-json\/wp\/v2\/product\/27688\/revisions"}],"predecessor-version":[{"id":28501,"href":"https:\/\/evasbff.com\/de\/wp-json\/wp\/v2\/product\/27688\/revisions\/28501"}],"wp:featuredmedia":[{"embeddable":true,"href":"https:\/\/evasbff.com\/de\/wp-json\/wp\/v2\/media\/28133"}],"wp:attachment":[{"href":"https:\/\/evasbff.com\/de\/wp-json\/wp\/v2\/media?parent=27688"}],"wp:term":[{"taxonomy":"product_brand","embeddable":true,"href":"https:\/\/evasbff.com\/de\/wp-json\/wp\/v2\/product_brand?post=27688"},{"taxonomy":"product_cat","embeddable":true,"href":"https:\/\/evasbff.com\/de\/wp-json\/wp\/v2\/product_cat?post=27688"},{"taxonomy":"product_tag","embeddable":true,"href":"https:\/\/evasbff.com\/de\/wp-json\/wp\/v2\/product_tag?post=27688"}],"curies":[{"name":"wp","href":"https:\/\/api.w.org\/{rel}","templated":true}]}}