{"id":27686,"date":"2025-05-16T05:38:17","date_gmt":"2025-05-16T05:38:17","guid":{"rendered":"https:\/\/evasbff.com\/?post_type=product&#038;p=27686"},"modified":"2026-04-30T20:15:02","modified_gmt":"2026-04-30T20:15:02","slug":"suzana-tchetka-za-fon-do-ten-ot-visokokatchestven-sintetitchen-kosam","status":"publish","type":"product","link":"https:\/\/evasbff.com\/de\/product\/suzana-tchetka-za-fon-do-ten-ot-visokokatchestven-sintetitchen-kosam\/","title":{"rendered":"SUZANA - Foundation-Pinsel aus hochwertigen synthetischen Borsten"},"content":{"rendered":"","protected":false},"excerpt":{"rendered":"<p>Deckung. \u00dcberlauf. Perfektion.<\/p>\n<p>Susanna ist der Goldstandard, wenn es um glatte und nat\u00fcrliche Foundation geht. Sie besteht aus hochwertigem Synthetikhaar mit hoher Dichte und l\u00e4sst sich mit fl\u00fcssigen und cremigen Formeln gleichm\u00e4\u00dfig auftragen, ohne Streifen oder Ablagerungen.<\/p>\n<p>Er eignet sich nicht nur f\u00fcr die Grundierung, sondern auch als Basis f\u00fcr das Gesicht, zum Verblenden von Konturen und als Rouge - ein multifunktionaler Held in Ihrer Routine.<\/p>","protected":false},"featured_media":28144,"comment_status":"open","ping_status":"closed","template":"","meta":{"seo_title":"","seo_title_option":"custom","seo_description":"","seo_canonical":"","seo_keywords":"","seo_author":"","seo_author_url":"","seo_publisher":"","seo_og_image":""},"product_brand":[],"product_cat":[20],"product_tag":[],"class_list":{"0":"post-27686","1":"product","2":"type-product","3":"status-publish","4":"has-post-thumbnail","6":"product_cat-tchetki-za-grimirane","8":"first","9":"instock","10":"shipping-taxable","11":"purchasable","12":"product-type-simple"},"_links":{"self":[{"href":"https:\/\/evasbff.com\/de\/wp-json\/wp\/v2\/product\/27686","targetHints":{"allow":["GET"]}}],"collection":[{"href":"https:\/\/evasbff.com\/de\/wp-json\/wp\/v2\/product"}],"about":[{"href":"https:\/\/evasbff.com\/de\/wp-json\/wp\/v2\/types\/product"}],"replies":[{"embeddable":true,"href":"https:\/\/evasbff.com\/de\/wp-json\/wp\/v2\/comments?post=27686"}],"version-history":[{"count":1,"href":"https:\/\/evasbff.com\/de\/wp-json\/wp\/v2\/product\/27686\/revisions"}],"predecessor-version":[{"id":27687,"href":"https:\/\/evasbff.com\/de\/wp-json\/wp\/v2\/product\/27686\/revisions\/27687"}],"wp:featuredmedia":[{"embeddable":true,"href":"https:\/\/evasbff.com\/de\/wp-json\/wp\/v2\/media\/28144"}],"wp:attachment":[{"href":"https:\/\/evasbff.com\/de\/wp-json\/wp\/v2\/media?parent=27686"}],"wp:term":[{"taxonomy":"product_brand","embeddable":true,"href":"https:\/\/evasbff.com\/de\/wp-json\/wp\/v2\/product_brand?post=27686"},{"taxonomy":"product_cat","embeddable":true,"href":"https:\/\/evasbff.com\/de\/wp-json\/wp\/v2\/product_cat?post=27686"},{"taxonomy":"product_tag","embeddable":true,"href":"https:\/\/evasbff.com\/de\/wp-json\/wp\/v2\/product_tag?post=27686"}],"curies":[{"name":"wp","href":"https:\/\/api.w.org\/{rel}","templated":true}]}}