{"id":27673,"date":"2025-05-16T05:32:05","date_gmt":"2025-05-16T05:32:05","guid":{"rendered":"https:\/\/evasbff.com\/?post_type=product&#038;p=27673"},"modified":"2026-04-30T20:15:03","modified_gmt":"2026-04-30T20:15:03","slug":"kristina-ploska-leko-puhkava-tchetka-za-senki","status":"publish","type":"product","link":"https:\/\/evasbff.com\/de\/product\/kristina-flach-leicht-flauschig-tchetka-fur-heu\/","title":{"rendered":"KRISTINA - Flacher, leicht flauschiger Schattenpinsel"},"content":{"rendered":"","protected":false},"excerpt":{"rendered":"<p>Ich bin mir sicher. Sehr gut. Immer auf den Punkt.<br \/>\nChristina kombiniert die Pr\u00e4zision eines flachen Pinsels mit der Leichtigkeit einer sanft abgerundeten Spitze und erm\u00f6glicht so ein gleichm\u00e4\u00dfiges Auftragen des Lidschattens.<br \/>\nAus nat\u00fcrlichem Ziegenhaar hergestellt, nimmt es Pigmente auf und gibt sie m\u00fchelos ab - ideal sowohl f\u00fcr dicke Auftr\u00e4ge als auch zum Weichzeichnen von Kanten.<br \/>\nGeeignet f\u00fcr Puder- und Cremelidschatten.<br \/>\nChristina ist die Freundin, die alles besser macht - eine stille Kraft mit tadellosem Stil.<\/p>","protected":false},"featured_media":28141,"comment_status":"open","ping_status":"closed","template":"","meta":{"seo_title":"","seo_title_option":"custom","seo_description":"","seo_canonical":"","seo_keywords":"","seo_author":"","seo_author_url":"","seo_publisher":"","seo_og_image":""},"product_brand":[],"product_cat":[20],"product_tag":[],"class_list":{"0":"post-27673","1":"product","2":"type-product","3":"status-publish","4":"has-post-thumbnail","6":"product_cat-tchetki-za-grimirane","8":"first","9":"instock","10":"shipping-taxable","11":"purchasable","12":"product-type-simple"},"_links":{"self":[{"href":"https:\/\/evasbff.com\/de\/wp-json\/wp\/v2\/product\/27673","targetHints":{"allow":["GET"]}}],"collection":[{"href":"https:\/\/evasbff.com\/de\/wp-json\/wp\/v2\/product"}],"about":[{"href":"https:\/\/evasbff.com\/de\/wp-json\/wp\/v2\/types\/product"}],"replies":[{"embeddable":true,"href":"https:\/\/evasbff.com\/de\/wp-json\/wp\/v2\/comments?post=27673"}],"version-history":[{"count":3,"href":"https:\/\/evasbff.com\/de\/wp-json\/wp\/v2\/product\/27673\/revisions"}],"predecessor-version":[{"id":27676,"href":"https:\/\/evasbff.com\/de\/wp-json\/wp\/v2\/product\/27673\/revisions\/27676"}],"wp:featuredmedia":[{"embeddable":true,"href":"https:\/\/evasbff.com\/de\/wp-json\/wp\/v2\/media\/28141"}],"wp:attachment":[{"href":"https:\/\/evasbff.com\/de\/wp-json\/wp\/v2\/media?parent=27673"}],"wp:term":[{"taxonomy":"product_brand","embeddable":true,"href":"https:\/\/evasbff.com\/de\/wp-json\/wp\/v2\/product_brand?post=27673"},{"taxonomy":"product_cat","embeddable":true,"href":"https:\/\/evasbff.com\/de\/wp-json\/wp\/v2\/product_cat?post=27673"},{"taxonomy":"product_tag","embeddable":true,"href":"https:\/\/evasbff.com\/de\/wp-json\/wp\/v2\/product_tag?post=27673"}],"curies":[{"name":"wp","href":"https:\/\/api.w.org\/{rel}","templated":true}]}}