{"id":27319,"date":"2025-04-28T19:56:26","date_gmt":"2025-04-28T19:56:26","guid":{"rendered":"https:\/\/evasbff.com\/?post_type=product&#038;p=27319"},"modified":"2026-04-30T20:15:03","modified_gmt":"2026-04-30T20:15:03","slug":"adriyana-blendirashta-tchetka-s-kupoloobrazen-vrah","status":"publish","type":"product","link":"https:\/\/evasbff.com\/de\/product\/adriyana-blendirashta-tchetka-s-kupoloobrazen-morder\/","title":{"rendered":"ADRIANA - Blending-Pinsel mit gew\u00f6lbter Spitze"},"content":{"rendered":"","protected":false},"excerpt":{"rendered":"<p>Pr\u00e4zision. Sanftheit. Makelloses Verblenden.<br \/>\nAdriana ist f\u00fcr diejenigen gedacht, die wissen, dass die Mischung alles ist. Sie ist rund,<br \/>\nDie Kuppelform und das nat\u00fcrliche Ziegenhaar machen ihn ideal, um den Lidschatten sanft und gleichm\u00e4\u00dfig in der Lidfalte oder auf dem gesamten Lid zu verblenden.<br \/>\nDie Borsten des Pinsels sind extrem weich, aber dennoch fest genug f\u00fcr kontrolliertes Arbeiten - eine beliebte Wahl von Profis f\u00fcr ein makelloses Finish.<br \/>\nAdriana ist die Freundin, die mit Leichtigkeit eintritt, mit Pr\u00e4zision handelt und ein Ergebnis hinterl\u00e4sst, das man nicht vergisst.<\/p>","protected":false},"featured_media":28130,"comment_status":"open","ping_status":"closed","template":"","meta":{"seo_title":"","seo_title_option":"custom","seo_description":"","seo_canonical":"","seo_keywords":"","seo_author":"","seo_author_url":"","seo_publisher":"","seo_og_image":""},"product_brand":[],"product_cat":[20],"product_tag":[],"class_list":{"0":"post-27319","1":"product","2":"type-product","3":"status-publish","4":"has-post-thumbnail","6":"product_cat-tchetki-za-grimirane","8":"first","9":"instock","10":"shipping-taxable","11":"purchasable","12":"product-type-simple"},"_links":{"self":[{"href":"https:\/\/evasbff.com\/de\/wp-json\/wp\/v2\/product\/27319","targetHints":{"allow":["GET"]}}],"collection":[{"href":"https:\/\/evasbff.com\/de\/wp-json\/wp\/v2\/product"}],"about":[{"href":"https:\/\/evasbff.com\/de\/wp-json\/wp\/v2\/types\/product"}],"replies":[{"embeddable":true,"href":"https:\/\/evasbff.com\/de\/wp-json\/wp\/v2\/comments?post=27319"}],"version-history":[{"count":5,"href":"https:\/\/evasbff.com\/de\/wp-json\/wp\/v2\/product\/27319\/revisions"}],"predecessor-version":[{"id":27572,"href":"https:\/\/evasbff.com\/de\/wp-json\/wp\/v2\/product\/27319\/revisions\/27572"}],"wp:featuredmedia":[{"embeddable":true,"href":"https:\/\/evasbff.com\/de\/wp-json\/wp\/v2\/media\/28130"}],"wp:attachment":[{"href":"https:\/\/evasbff.com\/de\/wp-json\/wp\/v2\/media?parent=27319"}],"wp:term":[{"taxonomy":"product_brand","embeddable":true,"href":"https:\/\/evasbff.com\/de\/wp-json\/wp\/v2\/product_brand?post=27319"},{"taxonomy":"product_cat","embeddable":true,"href":"https:\/\/evasbff.com\/de\/wp-json\/wp\/v2\/product_cat?post=27319"},{"taxonomy":"product_tag","embeddable":true,"href":"https:\/\/evasbff.com\/de\/wp-json\/wp\/v2\/product_tag?post=27319"}],"curies":[{"name":"wp","href":"https:\/\/api.w.org\/{rel}","templated":true}]}}