{"id":28642,"date":"2025-06-21T10:32:04","date_gmt":"2025-06-21T10:32:04","guid":{"rendered":"https:\/\/evasbff.com\/?page_id=28642"},"modified":"2025-06-23T11:10:25","modified_gmt":"2025-06-23T11:10:25","slug":"obshti-usloviya-za-polzvane-na-uebsajta-evasbff-com","status":"publish","type":"page","link":"https:\/\/evasbff.com\/de\/obshti-usloviya-za-polzvane-na-uebsajta-evasbff-com\/","title":{"rendered":"Allgemeine Gesch\u00e4ftsbedingungen f\u00fcr die Nutzung der Website EVASBFF.COM"},"content":{"rendered":"<h3 class=\"wp-block-heading\">I. ALLGEMEINES<\/h3>\n\n\n\n<p>Diese Allgemeinen Gesch\u00e4ftsbedingungen regeln den Zugang, die Nutzung und den Einkauf auf der Website <strong><a class=\"\" href=\"https:\/\/evasbff.com\/de\/\">www.evasbff.com<\/a><\/strong> (\u201eWebsite\u201c), Eigentum von <strong>Eva Art 21 Ltd.<\/strong>, mit Sitz und Anschrift der Gesch\u00e4ftsf\u00fchrung: Republik Bulgarien, gr. Smolyan Str. 15B, eingetragen im Handelsregister bei der Registeragentur mit UIC: <strong>204275632<\/strong>. Der Leiter des Unternehmens ist <strong>Elvira Dyulgerova<\/strong>.<\/p>\n\n\n\n<p>Indem Sie auf die Website zugreifen, den Inhalt ansehen und Bestellungen aufgeben, best\u00e4tigen Sie, dass Sie diese Allgemeinen Gesch\u00e4ftsbedingungen kennen, sie akzeptieren und sich an sie halten werden. Wenn Sie ihnen nicht zustimmen, nutzen Sie die Website bitte nicht.<\/p>\n\n\n\n<p>Alle Texte, Bilder, Marken, Grafiken, Logos und sonstigen Informationen auf der Website sind geistiges Eigentum von Eva Art 21 Ltd. und durch geltendes Recht gesch\u00fctzt. Ihre Verwendung ohne die ausdr\u00fcckliche schriftliche Zustimmung des Unternehmens ist verboten.<\/p>\n\n\n\n<p>Der Zugriff auf die Website und das T\u00e4tigen von Eink\u00e4ufen sind ausschlie\u00dflich f\u00fcr pers\u00f6nliche, nicht-kommerzielle Zwecke bestimmt. Eva Art 21 Ltd. haftet nicht f\u00fcr die unbefugte Nutzung von Informationen oder Inhalten, die gegen geltendes Recht versto\u00dfen.<\/p>\n\n\n\n<p>Diese Allgemeinen Gesch\u00e4ftsbedingungen k\u00f6nnen einseitig von der Gesellschaft ge\u00e4ndert werden, und die \u00c4nderungen treten mit dem Zeitpunkt ihrer Ver\u00f6ffentlichung auf der Website in Kraft.<\/p>\n\n\n\n<hr class=\"wp-block-separator has-alpha-channel-opacity\"\/>\n\n\n\n<h3 class=\"wp-block-heading\">II. BESTELLUNG VON PRODUKTEN<\/h3>\n\n\n\n<p>Markenprodukte <strong>Evas beste Freundin<\/strong>, die \u00fcber die Website angeboten werden, werden direkt von Eva Art 21 Ltd. verkauft. Bestellungen k\u00f6nnen aufgegeben werden durch:<\/p>\n\n\n\n<ul class=\"wp-block-list\">\n<li>Website des Online-Shops: <a class=\"\" href=\"https:\/\/evasbff.com\/de\/\">www.evasbff.com<\/a><\/li>\n\n\n\n<li>Instagram-Konto Nachricht: <a href=\"https:\/\/www.instagram.com\/evasbff.probeauty\/\">@evasbff.probeauty\/<\/a><\/li>\n\n\n\n<li>E-Mail-Anfrage an: <strong><a>muse@evasbff.com<\/a><\/strong><\/li>\n<\/ul>\n\n\n\n<h4 class=\"wp-block-heading\">Bestellvorgang:<\/h4>\n\n\n\n<ol class=\"wp-block-list\">\n<li>W\u00e4hlen Sie das gew\u00fcnschte Produkt aus und legen Sie es in den Warenkorb.<\/li>\n\n\n\n<li>Geben Sie die erforderlichen Lieferdaten ein und best\u00e4tigen Sie die Bestellung.<\/li>\n\n\n\n<li>Nach dem Absenden erhalten Sie eine Best\u00e4tigung an die angegebene E-Mail Adresse.<\/li>\n<\/ol>\n\n\n\n<p>Das Unternehmen beh\u00e4lt sich das Recht vor, die Ausf\u00fchrung eines Auftrags abzulehnen, wenn:<\/p>\n\n\n\n<ul class=\"wp-block-list\">\n<li>mangelnde Verf\u00fcgbarkeit;<\/li>\n\n\n\n<li>unvollst\u00e4ndige oder ungenaue Daten;<\/li>\n\n\n\n<li>Verdacht auf ein Fehlverhalten.<\/li>\n<\/ul>\n\n\n\n<p>Mit der Best\u00e4tigung der Bestellung ist der Kunde zur Zahlung verpflichtet.<\/p>\n\n\n\n<hr class=\"wp-block-separator has-alpha-channel-opacity\"\/>\n\n\n\n<h3 class=\"wp-block-heading\">III. PREISE UND PROMO-CODES<\/h3>\n\n\n\n<p>Alle Preise sind in bulgarischen Lewa einschlie\u00dflich Mehrwertsteuer angegeben, sofern nicht ausdr\u00fccklich anders vermerkt. In Anbetracht des bevorstehenden Beitritts der Republik Bulgarien zum Euro-W\u00e4hrungsgebiet wird jeder Preis auch in seinem Euro-Gegenwert angeboten.<\/p>\n\n\n\n<p>Promo-Codes sind personalisiert und k\u00f6nnen nicht gegen Bargeld eingel\u00f6st werden. Sie werden gem\u00e4\u00df den spezifischen Bedingungen der jeweiligen Aktion angewendet.<\/p>\n\n\n\n<hr class=\"wp-block-separator has-alpha-channel-opacity\"\/>\n\n\n\n<h3 class=\"wp-block-heading\">IV. ZAHLUNGSMODALIT\u00c4TEN<\/h3>\n\n\n\n<p>Die Zahlung kann auf eine der folgenden Arten erfolgen:<\/p>\n\n\n\n<ul class=\"wp-block-list\">\n<li><strong>Zahlung bei Lieferung<\/strong> (Zahlung bei Lieferung);<\/li>\n\n\n\n<li><strong>Bankkarte<\/strong> (Debit oder Kredit) \u00fcber ein sicheres virtuelles POS-Terminal;<\/li>\n<\/ul>\n\n\n\n<p>Eva's BFF speichert Ihre Bankkartendaten nicht. Alle Zahlungen werden \u00fcber zertifizierte Zahlungssysteme mit einem hohen Sicherheitsniveau abgewickelt.<\/p>\n\n\n\n<hr class=\"wp-block-separator has-alpha-channel-opacity\"\/>\n\n\n\n<h3 class=\"wp-block-heading\">V. LIEFERUNG<\/h3>\n\n\n\n<h4 class=\"wp-block-heading\">Preis:<\/h4>\n\n\n\n<ul class=\"wp-block-list\">\n<li>Lieferung an ein B\u00fcro oder eine Adresse \u00fcber  <strong>AIDS<\/strong> wird automatisch berechnet, wenn der Auftrag abgeschlossen ist.<\/li>\n\n\n\n<li>F\u00fcr Bestellungen \u00fcber <strong>100 lv.<\/strong>, Die Lieferung an ein SPIDI-B\u00fcro in Bulgarien ist <strong>Kostenlos<\/strong>.<\/li>\n<\/ul>\n\n\n\n<h4 class=\"wp-block-heading\">Begriff:<\/h4>\n\n\n\n<ul class=\"wp-block-list\">\n<li>Bestellungen, die werktags vor 15:00 Uhr eingehen, werden noch am selben Tag bearbeitet.<\/li>\n\n\n\n<li>Die Lieferung erfolgt normalerweise innerhalb von 1-3 Werktagen.<\/li>\n\n\n\n<li>Bestellungen, die nach 15:00 Uhr oder an arbeitsfreien Tagen aufgegeben werden, werden am n\u00e4chsten Arbeitstag bearbeitet.<\/li>\n<\/ul>\n\n\n\n<p>Eva's BFF ist nicht verantwortlich f\u00fcr Verz\u00f6gerungen, die durch den Kurierdienst verursacht werden.<\/p>\n\n\n\n<hr class=\"wp-block-separator has-alpha-channel-opacity\"\/>\n\n\n\n<h3 class=\"wp-block-heading\">VI. WIDERRUF UND R\u00dcCKGABE VON PRODUKTEN<\/h3>\n\n\n\n<p>Nach dem Verbraucherschutzgesetz haben Sie das Recht, ein Produkt ohne Angabe von Gr\u00fcnden zur\u00fcckzusenden, und zwar innerhalb von <strong>14 Tage<\/strong> ihres Eingangs.<\/p>\n\n\n\n<p>Erforderlich:<\/p>\n\n\n\n<ul class=\"wp-block-list\">\n<li>Benachrichtigen Sie das Unternehmen schriftlich \u00fcber <strong><a>muse@evasbff.com<\/a><\/strong>;<\/li>\n\n\n\n<li>Produkt zu sein <strong>unbenutzt, unge\u00f6ffnet und in der Originalverpackung, ohne vom Empf\u00e4nger benutzt worden zu sein<\/strong>;<\/li>\n\n\n\n<li>Die R\u00fcckgabe erfolgt durch <strong>AIDS<\/strong> auf Ihre Kosten innerhalb von 7 Tagen nach dem Antrag.<\/li>\n<\/ul>\n\n\n\n<p>Erstattung:<\/p>\n\n\n\n<ul class=\"wp-block-list\">\n<li>Durch die Art und Weise, wie die Zahlung erfolgt;<\/li>\n\n\n\n<li>Innerhalb von 30 Tagen;<\/li>\n\n\n\n<li>Die Versand- und R\u00fccksendekosten werden nicht erstattet.<\/li>\n<\/ul>\n\n\n\n<p>Sollte das Produkt nicht f\u00fcr eine R\u00fcckgabe in Frage kommen, beh\u00e4lt sich das Unternehmen das Recht vor, es zu behalten oder es auf Ihre Kosten zur\u00fcckzusenden.<\/p>\n\n\n\n<p>Allergische Reaktionen oder individuelle Unvertr\u00e4glichkeiten sind kein Grund f\u00fcr eine R\u00fcckgabe.<\/p>\n\n\n\n<hr class=\"wp-block-separator has-alpha-channel-opacity\"\/>\n\n\n\n<h3 class=\"wp-block-heading\">VII. PERSONENBEZOGENE DATEN UND DATENSCHUTZ<\/h3>\n\n\n\n<p>Eva Art 21 EOOD verarbeitet Ihre pers\u00f6nlichen Daten in \u00dcbereinstimmung mit <strong>Gesetz zum Schutz personenbezogener Daten<\/strong> \u0438 <strong>Verordnung (EU) 2016\/679 (GDPR)<\/strong>.<\/p>\n\n\n\n<p>Wir erheben nur Daten, die f\u00fcr die Abwicklung und Lieferung von Bestellungen notwendig sind. Wir geben personenbezogene Daten nicht an Dritte weiter, es sei denn, dies ist gesetzlich vorgeschrieben oder zu Lieferzwecken erforderlich.<\/p>\n\n\n\n<p>F\u00fcr weitere Informationen konsultieren Sie bitte <strong>Datenschutzbestimmungen<\/strong>, die auf der Website verf\u00fcgbar sind.<\/p>\n\n\n\n<hr class=\"wp-block-separator has-alpha-channel-opacity\"\/>\n\n\n\n<p><strong>Datum der letzten Aktualisierung: 21.06.2025.<\/strong><\/p>","protected":false},"excerpt":{"rendered":"<p>I. \u041e\u0411\u0429\u0418 \u041f\u041e\u041b\u041e\u0416\u0415\u041d\u0418\u042f \u041d\u0430\u0441\u0442\u043e\u044f\u0449\u0438\u0442\u0435 \u041e\u0431\u0449\u0438 \u0443\u0441\u043b\u043e\u0432\u0438\u044f \u0443\u0440\u0435\u0436\u0434\u0430\u0442 \u043f\u0440\u0430\u0432\u0438\u043b\u0430\u0442\u0430 \u0437\u0430 \u0434\u043e\u0441\u0442\u044a\u043f, \u0438\u0437\u043f\u043e\u043b\u0437\u0432\u0430\u043d\u0435 \u0438 \u043f\u0430\u0437\u0430\u0440\u0443\u0432\u0430\u043d\u0435 \u0447\u0440\u0435\u0437 \u0443\u0435\u0431\u0441\u0430\u0439\u0442\u0430 www.evasbff.com (\u201e\u0423\u0435\u0431\u0441\u0430\u0439\u0442\u201c), \u0441\u043e\u0431\u0441\u0442\u0432\u0435\u043d\u043e\u0441\u0442 \u043d\u0430 \u0415\u0432\u0430<\/p>","protected":false},"author":1,"featured_media":0,"parent":0,"menu_order":0,"comment_status":"closed","ping_status":"closed","template":"","meta":{"seo_title":"","seo_title_option":"custom","seo_description":"","seo_canonical":"","seo_keywords":"","seo_author":"","seo_author_url":"","seo_publisher":"","seo_og_image":"","footnotes":""},"class_list":["post-28642","page","type-page","status-publish","hentry"],"_links":{"self":[{"href":"https:\/\/evasbff.com\/de\/wp-json\/wp\/v2\/pages\/28642","targetHints":{"allow":["GET"]}}],"collection":[{"href":"https:\/\/evasbff.com\/de\/wp-json\/wp\/v2\/pages"}],"about":[{"href":"https:\/\/evasbff.com\/de\/wp-json\/wp\/v2\/types\/page"}],"author":[{"embeddable":true,"href":"https:\/\/evasbff.com\/de\/wp-json\/wp\/v2\/users\/1"}],"replies":[{"embeddable":true,"href":"https:\/\/evasbff.com\/de\/wp-json\/wp\/v2\/comments?post=28642"}],"version-history":[{"count":7,"href":"https:\/\/evasbff.com\/de\/wp-json\/wp\/v2\/pages\/28642\/revisions"}],"predecessor-version":[{"id":28654,"href":"https:\/\/evasbff.com\/de\/wp-json\/wp\/v2\/pages\/28642\/revisions\/28654"}],"wp:attachment":[{"href":"https:\/\/evasbff.com\/de\/wp-json\/wp\/v2\/media?parent=28642"}],"curies":[{"name":"wp","href":"https:\/\/api.w.org\/{rel}","templated":true}]}}